{"id":61470,"date":"2024-10-18T17:53:55","date_gmt":"2024-10-18T10:53:55","guid":{"rendered":"https:\/\/mouldking.store\/shop\/moc-factory-145894-star-wars-stinger-mantis-with-2653-pieces\/"},"modified":"2025-12-16T20:59:00","modified_gmt":"2025-12-16T13:59:00","slug":"moc-factory-145894-star-wars-stinger-mantis-with-2653-pieces","status":"publish","type":"product","link":"https:\/\/mouldking.store\/vi\/shop\/moc-factory-145894-star-wars-stinger-mantis-with-2653-pieces\/","title":{"rendered":"MOC Factory 145894 Star Wars Stinger Mantis v\u1edbi 2653 m\u1ea3nh gh\u00e9p"},"content":{"rendered":"<div>\u2705 MOC-145894 B\u1ecd ng\u1ef1a Stinger Chi\u1ebfn tranh gi\u1eefa c\u00e1c v\u00ec sao<\/p>\n<p>\u2705 C\u00e1c <strong>B\u1ecd ng\u1ef1a ch\u00edch<\/strong>, th\u01b0\u1eddng \u0111\u01b0\u1ee3c g\u1ecdi \u0111\u01a1n gi\u1ea3n l\u00e0 <strong>con b\u1ecd ng\u1ef1a<\/strong>, l\u00e0 m\u1ed9t t\u00e0u v\u0169 tr\u1ee5 b\u00f3ng b\u1ea9y v\u00e0 \u0111\u1ed9c \u0111\u00e1o \u0111\u01b0\u1ee3c gi\u1edbi thi\u1ec7u trong <em>Chi\u1ebfn tranh gi\u1eefa c\u00e1c v\u00ec sao<\/em> lo\u1ea1t tr\u00f2 ch\u01a1i \u0111i\u1ec7n t\u1eed <strong>Star Wars Jedi: Fallen Order<\/strong> (2019) v\u00e0 <strong>Star Wars Jedi: Ng\u01b0\u1eddi s\u1ed1ng s\u00f3t<\/strong> (2023). N\u00f3 \u0111\u00f3ng vai tr\u00f2 l\u00e0 ph\u01b0\u01a1ng ti\u1ec7n ch\u00ednh cho nh\u00e2n v\u1eadt ch\u00ednh c\u1ee7a tr\u00f2 ch\u01a1i, <strong>Cal Kestis<\/strong>v\u00e0 phi h\u00e0nh \u0111o\u00e0n c\u1ee7a \u00f4ng, cung c\u1ea5p c\u0103n c\u1ee9 cho vi\u1ec7c th\u00e1m hi\u1ec3m kh\u1eafp thi\u00ean h\u00e0.<\/p>\n<p>\ud83d\udeab QUAN TR\u1eccNG!<\/p>\n<p>T\u00ean s\u1ea3n ph\u1ea9m: B\u1ecd ng\u1ef1a Stinger c\u1ee7a Star Wars<\/p>\n<p>Th\u1ec3 lo\u1ea1i: Chi\u1ebfn tranh gi\u1eefa c\u00e1c v\u00ec sao<\/p>\n<p>B\u1ed9 s\u1ea3n ph\u1ea9m n\u00e0y bao g\u1ed3m: C10071<\/p>\n<p>2653 vi\u00ean g\u1ea1ch ch\u1ea5t l\u01b0\u1ee3ng t\u1ed1t<\/p>\n<p>K\u00edch th\u01b0\u1edbc: 48 x 8 x 60 cm<\/p>\n<p>H\u01b0\u1edbng d\u1eabn PDF<\/p>\n<p>\ud83d\udcccB\u1ea3n ch\u1ea5t c\u1ee7a nh\u00e2n v\u1eadt ch\u00ednh<\/p>\n<p>Xin gi\u1edbi thi\u1ec7u b\u1ed9 s\u01b0u t\u1eadp \u0111\u00e1ng t\u1ef1 h\u00e0o c\u1ee7a ch\u00fang t\u00f4i mang t\u00ean \u201cStar Wars Stinger Mantis\u201d m\u00e0 b\u1ea1n kh\u00f4ng n\u00ean b\u1ecf l\u1ee1.<\/p>\n<p>Stinger Mantis n\u1ed5i b\u1eadt v\u1edbi th\u00e2n h\u00ecnh thon d\u00e0i v\u00e0 c\u00e1nh thon g\u1ecdn. N\u00f3 c\u00f3 m\u1ed9t c\u00e1nh \u0111\u01a1n c\u00f3 th\u1ec3 thu v\u00e0o, cho ph\u00e9p th\u1ef1c hi\u1ec7n nhi\u1ec1u \u0111\u1ed9ng t\u00e1c bay kh\u00e1c nhau v\u00e0 c\u00f3 th\u1ec3 xoay \u0111\u1ebfn nhi\u1ec1u v\u1ecb tr\u00ed kh\u00e1c nhau \u0111\u1ec3 h\u1ea1 c\u00e1nh ho\u1eb7c bay. Th\u00e2n t\u00e0u g\u00f3c c\u1ea1nh, thon g\u1ecdn mang l\u1ea1i cho n\u00f3 v\u1ebb ngo\u00e0i s\u1eafc s\u1ea3o, hung d\u1eef nh\u01b0 m\u1ed9t lo\u00e0i s\u0103n m\u1ed3i, \u0111\u00fang nh\u01b0 t\u00ean g\u1ecdi c\u1ee7a n\u00f3. Stinger Mantis \u0111\u01b0\u1ee3c coi l\u00e0 m\u1ed9t trong nh\u1eefng \u0111\u1eb7c \u0111i\u1ec3m n\u1ed5i b\u1eadt c\u1ee7a <em>Jedi Chi\u1ebfn tranh gi\u1eefa c\u00e1c v\u00ec sao<\/em> Thi\u1ebft k\u1ebf tinh t\u1ebf v\u00e0 vai tr\u00f2 quan tr\u1ecdng c\u1ee7a n\u00f3 trong h\u00e0nh tr\u00ecnh c\u1ee7a Cal khi\u1ebfn n\u00f3 tr\u1edf th\u00e0nh m\u1ed9t con t\u00e0u \u0111\u01b0\u1ee3c ng\u01b0\u1eddi h\u00e2m m\u1ed9 y\u00eau th\u00edch. S\u1ef1 t\u01b0\u01a1ng t\u00e1c gi\u1eefa c\u00e1c th\u00e0nh vi\u00ean phi h\u00e0nh \u0111o\u00e0n tr\u00ean t\u00e0u Mantis g\u00f3p ph\u1ea7n mang l\u1ea1i c\u1ea3m gi\u00e1c th\u00e2n thi\u1ebft v\u00e0 g\u1ea7n g\u0169i cho c\u00e2u chuy\u1ec7n, khi\u1ebfn con t\u00e0u kh\u00f4ng ch\u1ec9 l\u00e0 m\u1ed9t ph\u01b0\u01a1ng ti\u1ec7n di chuy\u1ec3n \u0111\u01a1n thu\u1ea7n m\u00e0 c\u00f2n tr\u1edf th\u00e0nh trung t\u00e2m cho s\u1ef1 ph\u00e1t tri\u1ec3n c\u1ee7a c\u00e1c nh\u00e2n v\u1eadt v\u00e0 cu\u1ed9c phi\u00eau l\u01b0u c\u1ee7a ng\u01b0\u1eddi ch\u01a1i.&nbsp;<\/div>","protected":false},"excerpt":{"rendered":"<p>Th\u01b0\u01a1ng hi\u1ec7u: Nh\u00e0 m\u00e1y M\u1ed8C<br \/>\nGi\u1edbi t\u00ednh: Unisex<br \/>\n\u0110\u1ed9 tu\u1ed5i: &gt; 6 tu\u1ed5i<br \/>\nS\u1ed1 hi\u1ec7u m\u1eabu: 145894<br \/>\nPh\u00e2n lo\u1ea1i: T\u1eadp h\u1ee3p<br \/>\nH\u00ecnh d\u1ea1ng kh\u1ed1i nh\u1ef1a: G\u1ea1ch t\u1ef1 kh\u00f3a<br \/>\nCh\u1ea5t li\u1ec7u: Nh\u1ef1a<br \/>\nLo\u1ea1i nh\u1ef1a: ABS<br \/>\nKh\u1ed1i g\u1ea1ch: 2653 +<br \/>\nKh\u00f4ng c\u00f3 h\u1ed9p ban \u0111\u1ea7u<br \/>\nS\u1ea3n ph\u1ea9m kh\u00f4ng bao g\u1ed3m STICKER v\u00e0 IN IN. T\u1ea5t c\u1ea3 c\u00e1c b\u1ed9 ph\u1eadn \u0111\u00e3 in s\u1ebd \u0111\u01b0\u1ee3c thay th\u1ebf b\u1eb1ng c\u00e1c b\u1ed9 ph\u1eadn ti\u00eau chu\u1ea9n v\u00e0 kh\u00f4ng \u0103n nh\u1eadp v\u1edbi c\u00e1c ph\u1ee5 ki\u1ec7n c\u1ee7a b\u00ean th\u1ee9 3.<\/p>","protected":false},"featured_media":61469,"comment_status":"open","ping_status":"closed","template":"","meta":{"_acf_changed":false},"product_cat":[1357,6016,415,364],"product_tag":[6980,2276,436,11553,389],"class_list":["product","first","instock","shipping-taxable","purchasable","product-type-simple"],"acf":[],"_links":{"self":[{"href":"https:\/\/mouldking.store\/vi\/wp-json\/wp\/v2\/product\/61470","targetHints":{"allow":["GET"]}}],"collection":[{"href":"https:\/\/mouldking.store\/vi\/wp-json\/wp\/v2\/product"}],"about":[{"href":"https:\/\/mouldking.store\/vi\/wp-json\/wp\/v2\/types\/product"}],"replies":[{"embeddable":true,"href":"https:\/\/mouldking.store\/vi\/wp-json\/wp\/v2\/comments?post=61470"}],"wp:featuredmedia":[{"embeddable":true,"href":"https:\/\/mouldking.store\/vi\/wp-json\/wp\/v2\/media\/61469"}],"wp:attachment":[{"href":"https:\/\/mouldking.store\/vi\/wp-json\/wp\/v2\/media?parent=61470"}],"wp:term":[{"taxonomy":"product_cat","embeddable":true,"href":"https:\/\/mouldking.store\/vi\/wp-json\/wp\/v2\/product_cat?post=61470"},{"taxonomy":"product_tag","embeddable":true,"href":"https:\/\/mouldking.store\/vi\/wp-json\/wp\/v2\/product_tag?post=61470"}],"curies":[{"name":"wp","href":"https:\/\/api.w.org\/{rel}","templated":true}]}}