{"id":61489,"date":"2024-10-18T17:56:54","date_gmt":"2024-10-18T10:56:54","guid":{"rendered":"https:\/\/mouldking.store\/shop\/moc-factory-168757-ghostbusters-frozen-empire-ectomobile-with-612-pieces\/"},"modified":"2025-12-16T20:59:00","modified_gmt":"2025-12-16T13:59:00","slug":"moc-factory-168757-ghostbusters-frozen-empire-ectomobile-with-612-pieces","status":"publish","type":"product","link":"https:\/\/mouldking.store\/vi\/shop\/moc-factory-168757-ghostbusters-frozen-empire-ectomobile-with-612-pieces\/","title":{"rendered":"MOC Factory 168757 Xe \u0111i\u1ec7n Ghostbusters Frozen Empire v\u1edbi 612 m\u1ea3nh gh\u00e9p"},"content":{"rendered":"<div>\u2705 MOC-168757 Xe \u0111i\u1ec7n Ghostbusters Frozen Empire<\/p>\n<p>\u2705 Trong th\u1eddi gian t\u1edbi <em>Ghostbusters: \u0110\u1ebf ch\u1ebf b\u0103ng gi\u00e1<\/em>, c\u00e1i <strong>Xe \u0111i\u1ec7n<\/strong>, th\u01b0\u1eddng \u0111\u01b0\u1ee3c g\u1ecdi l\u00e0 <strong>Ecto-1<\/strong>, ti\u1ebfp t\u1ee5c l\u00e0 m\u1ed9t y\u1ebfu t\u1ed1 mang t\u00ednh bi\u1ec3u t\u01b0\u1ee3ng c\u1ee7a <em>Th\u1ee3 s\u0103n ma<\/em> Xe Ecto-1 l\u00e0 s\u1ef1 k\u1ebft h\u1ee3p gi\u1eefa xe c\u1ee9u th\u01b0\u01a1ng v\u00e0 xe tang Cadillac Miller-Meteor \u0111\u1eddi 1959 \u0111\u01b0\u1ee3c \u0111\u1ed9 l\u1ea1i. Thi\u1ebft k\u1ebf c\u1ed5 \u0111i\u1ec3n c\u1ee7a xe n\u1ed5i b\u1eadt v\u1edbi ngo\u1ea1i th\u1ea5t m\u00e0u tr\u1eafng \u0111i\u1ec3m xuy\u1ebft c\u00e1c chi ti\u1ebft m\u00e0u \u0111\u1ecf v\u00e0 xanh lam, c\u00f9ng logo Ghostbusters quen thu\u1ed9c.<\/p>\n<p>\ud83d\udeab QUAN TR\u1eccNG!<\/p>\n<p>T\u00ean s\u1ea3n ph\u1ea9m: Xe m\u00f4 t\u00f4 \u0111i\u1ec7n Ghostbusters Frozen Empire<\/p>\n<p>Danh m\u1ee5c: K\u1ef9 thu\u1eadt<\/p>\n<p>B\u1ed9 s\u1ea3n ph\u1ea9m n\u00e0y bao g\u1ed3m: C10078<\/p>\n<p>612 vi\u00ean g\u1ea1ch ch\u1ea5t l\u01b0\u1ee3ng t\u1ed1t<\/p>\n<p>K\u00edch th\u01b0\u1edbc: 15 x 8 x 8 cm<\/p>\n<p>C\u00e2n n\u1eb7ng: 0,31kg<\/p>\n<p>H\u01b0\u1edbng d\u1eabn PDF<\/p>\n<p>\ud83d\udcccB\u1ea3n ch\u1ea5t c\u1ee7a nh\u00e2n v\u1eadt ch\u00ednh<\/p>\n<p>Xin gi\u1edbi thi\u1ec7u b\u1ed9 s\u01b0u t\u1eadp \u0111\u00e1ng t\u1ef1 h\u00e0o c\u1ee7a ch\u00fang t\u00f4i mang t\u00ean \u201cGhostbusters Frozen Empire Ectomobile\u201d m\u00e0 b\u1ea1n kh\u00f4ng n\u00ean b\u1ecf l\u1ee1.<\/p>\n<p>Ecto-1 ti\u1ebfp t\u1ee5c l\u00e0 m\u1ed9t ph\u1ea7n thi\u1ebft y\u1ebfu c\u1ee7a <em>Th\u1ee3 s\u0103n ma<\/em> nh\u01b0\u1ee3ng quy\u1ec1n th\u01b0\u01a1ng m\u1ea1i, t\u01b0\u1ee3ng tr\u01b0ng cho c\u1ea3 n\u1ed7i nh\u1edb v\u00e0 cu\u1ed9c phi\u00eau l\u01b0u \u0111ang di\u1ec5n ra c\u1ee7a \u0111\u1ed9i Ghostbusters. Trong <em>\u0110\u1ebf ch\u1ebf b\u0103ng gi\u00e1<\/em>, ng\u01b0\u1eddi h\u00e2m m\u1ed9 c\u00f3 th\u1ec3 mong \u0111\u1ee3i Ecto-1 v\u1eabn l\u00e0 nh\u00e2n v\u1eadt trung t\u00e2m trong cu\u1ed9c chi\u1ebfn ch\u1ed1ng l\u1ea1i th\u1ebf l\u1ef1c si\u00eau nhi\u00ean, th\u1ec3 hi\u1ec7n tinh th\u1ea7n c\u1ee7a lo\u1ea1t phim trong khi th\u00edch nghi v\u1edbi c\u1ed1t truy\u1ec7n v\u00e0 th\u1eed th\u00e1ch m\u1edbi.&nbsp;<\/div>","protected":false},"excerpt":{"rendered":"<p>Th\u01b0\u01a1ng hi\u1ec7u: Nh\u00e0 m\u00e1y M\u1ed8C<br \/>\nGi\u1edbi t\u00ednh: Unisex<br \/>\n\u0110\u1ed9 tu\u1ed5i: &gt; 6 tu\u1ed5i<br \/>\nS\u1ed1 hi\u1ec7u m\u1eabu: 168757<br \/>\nPh\u00e2n lo\u1ea1i: T\u1eadp h\u1ee3p<br \/>\nH\u00ecnh d\u1ea1ng kh\u1ed1i nh\u1ef1a: G\u1ea1ch t\u1ef1 kh\u00f3a<br \/>\nCh\u1ea5t li\u1ec7u: Nh\u1ef1a<br \/>\nLo\u1ea1i nh\u1ef1a: ABS<br \/>\nKh\u1ed1i g\u1ea1ch: 612 +<br \/>\nKh\u00f4ng c\u00f3 h\u1ed9p ban \u0111\u1ea7u<br \/>\nS\u1ea3n ph\u1ea9m kh\u00f4ng bao g\u1ed3m STICKER v\u00e0 IN IN. T\u1ea5t c\u1ea3 c\u00e1c b\u1ed9 ph\u1eadn \u0111\u00e3 in s\u1ebd \u0111\u01b0\u1ee3c thay th\u1ebf b\u1eb1ng c\u00e1c b\u1ed9 ph\u1eadn ti\u00eau chu\u1ea9n v\u00e0 kh\u00f4ng \u0103n nh\u1eadp v\u1edbi c\u00e1c ph\u1ee5 ki\u1ec7n c\u1ee7a b\u00ean th\u1ee9 3.<\/p>","protected":false},"featured_media":61488,"comment_status":"open","ping_status":"closed","template":"","meta":{"_acf_changed":false},"product_cat":[1360,1357,1532,364,1875],"product_tag":[457,13643,8327,1478,13642,389,11080],"class_list":["product","first","instock","shipping-taxable","purchasable","product-type-simple"],"acf":[],"_links":{"self":[{"href":"https:\/\/mouldking.store\/vi\/wp-json\/wp\/v2\/product\/61489","targetHints":{"allow":["GET"]}}],"collection":[{"href":"https:\/\/mouldking.store\/vi\/wp-json\/wp\/v2\/product"}],"about":[{"href":"https:\/\/mouldking.store\/vi\/wp-json\/wp\/v2\/types\/product"}],"replies":[{"embeddable":true,"href":"https:\/\/mouldking.store\/vi\/wp-json\/wp\/v2\/comments?post=61489"}],"wp:featuredmedia":[{"embeddable":true,"href":"https:\/\/mouldking.store\/vi\/wp-json\/wp\/v2\/media\/61488"}],"wp:attachment":[{"href":"https:\/\/mouldking.store\/vi\/wp-json\/wp\/v2\/media?parent=61489"}],"wp:term":[{"taxonomy":"product_cat","embeddable":true,"href":"https:\/\/mouldking.store\/vi\/wp-json\/wp\/v2\/product_cat?post=61489"},{"taxonomy":"product_tag","embeddable":true,"href":"https:\/\/mouldking.store\/vi\/wp-json\/wp\/v2\/product_tag?post=61489"}],"curies":[{"name":"wp","href":"https:\/\/api.w.org\/{rel}","templated":true}]}}