{"id":61509,"date":"2024-10-22T18:21:56","date_gmt":"2024-10-22T11:21:56","guid":{"rendered":"https:\/\/mouldking.store\/shop\/moc-factory-61119-lancia-delta-hf-integrale-with-259-pieces\/"},"modified":"2025-12-16T20:59:00","modified_gmt":"2025-12-16T13:59:00","slug":"moc-factory-61119-lancia-delta-hf-integrale-with-259-pieces","status":"publish","type":"product","link":"https:\/\/mouldking.store\/vi\/shop\/moc-factory-61119-lancia-delta-hf-integrale-with-259-pieces\/","title":{"rendered":"Nh\u00e0 m\u00e1y MOC 61119 Lancia Delta HF Integrale v\u1edbi 259 chi ti\u1ebft"},"content":{"rendered":"<div>\u2705 MOC-61119 Lancia Delta HF Integrale<\/p>\n<p>\u2705 The Lancia Delta HF Integrale is a legendary rally car known for its incredible performance, especially in the World Rally Championship (WRC) during the late 1980s and early 1990s. It is particularly iconic for its all-wheel-drive system, turbocharged engine, and aggressive styling. The Delta HF Integrale earned Lancia multiple WRC Constructors&#8217; Championships, cementing its place in motorsport history.&nbsp;<\/p>\n<p>\ud83d\udeab QUAN TR\u1eccNG!<\/p>\n<p>Product Name: Lancia Delta HF Integrale<\/p>\n<p>Danh m\u1ee5c: K\u1ef9 thu\u1eadt<\/p>\n<p>This Kit Contains: C10080<\/p>\n<p>259 pcs Good Quality Bricks<\/p>\n<p>Size: 12 x 8 x 8 cm<\/p>\n<p>H\u01b0\u1edbng d\u1eabn PDF<\/p>\n<p>\ud83d\udcccB\u1ea3n ch\u1ea5t c\u1ee7a nh\u00e2n v\u1eadt ch\u00ednh<\/p>\n<p>Introducing our proud collection named \u201cLancia Delta HF Integrale\u201d you should not miss.<\/p>\n<p>&nbsp;Turbocharged inline-4 engines, with power ranging from around 185 hp in the early versions to over 200 hp in later models.&nbsp; 5-speed manual, paired with an advanced all-wheel-drive system.&nbsp; A boxy yet aerodynamic design with wide fenders to accommodate the wider rally tires, adding to its distinct look.&nbsp; Dominated the WRC from 1987 to 1992, winning six consecutive Constructors&#8217; Championships and several Drivers&#8217; Championships.&nbsp;<\/p><\/div>","protected":false},"excerpt":{"rendered":"<p>Th\u01b0\u01a1ng hi\u1ec7u: Nh\u00e0 m\u00e1y M\u1ed8C<br \/>\nGi\u1edbi t\u00ednh: Unisex<br \/>\n\u0110\u1ed9 tu\u1ed5i: &gt; 6 tu\u1ed5i<br \/>\nModel Number: 61119<br \/>\nPh\u00e2n lo\u1ea1i: T\u1eadp h\u1ee3p<br \/>\nH\u00ecnh d\u1ea1ng kh\u1ed1i nh\u1ef1a: G\u1ea1ch t\u1ef1 kh\u00f3a<br \/>\nCh\u1ea5t li\u1ec7u: Nh\u1ef1a<br \/>\nLo\u1ea1i nh\u1ef1a: ABS<br \/>\nBricks Blocks: 259 +<br \/>\nKh\u00f4ng c\u00f3 h\u1ed9p ban \u0111\u1ea7u<br \/>\nS\u1ea3n ph\u1ea9m kh\u00f4ng bao g\u1ed3m STICKER v\u00e0 IN IN. T\u1ea5t c\u1ea3 c\u00e1c b\u1ed9 ph\u1eadn \u0111\u00e3 in s\u1ebd \u0111\u01b0\u1ee3c thay th\u1ebf b\u1eb1ng c\u00e1c b\u1ed9 ph\u1eadn ti\u00eau chu\u1ea9n v\u00e0 kh\u00f4ng \u0103n nh\u1eadp v\u1edbi c\u00e1c ph\u1ee5 ki\u1ec7n c\u1ee7a b\u00ean th\u1ee9 3.<\/p>","protected":false},"featured_media":61508,"comment_status":"open","ping_status":"closed","template":"","meta":{"_acf_changed":false},"product_cat":[1360,1357,364,1875],"product_tag":[457,13490,13644,389,11080],"class_list":["product","first","instock","shipping-taxable","purchasable","product-type-simple"],"acf":[],"_links":{"self":[{"href":"https:\/\/mouldking.store\/vi\/wp-json\/wp\/v2\/product\/61509","targetHints":{"allow":["GET"]}}],"collection":[{"href":"https:\/\/mouldking.store\/vi\/wp-json\/wp\/v2\/product"}],"about":[{"href":"https:\/\/mouldking.store\/vi\/wp-json\/wp\/v2\/types\/product"}],"replies":[{"embeddable":true,"href":"https:\/\/mouldking.store\/vi\/wp-json\/wp\/v2\/comments?post=61509"}],"wp:featuredmedia":[{"embeddable":true,"href":"https:\/\/mouldking.store\/vi\/wp-json\/wp\/v2\/media\/61508"}],"wp:attachment":[{"href":"https:\/\/mouldking.store\/vi\/wp-json\/wp\/v2\/media?parent=61509"}],"wp:term":[{"taxonomy":"product_cat","embeddable":true,"href":"https:\/\/mouldking.store\/vi\/wp-json\/wp\/v2\/product_cat?post=61509"},{"taxonomy":"product_tag","embeddable":true,"href":"https:\/\/mouldking.store\/vi\/wp-json\/wp\/v2\/product_tag?post=61509"}],"curies":[{"name":"wp","href":"https:\/\/api.w.org\/{rel}","templated":true}]}}