{"id":61561,"date":"2024-10-22T18:23:43","date_gmt":"2024-10-22T11:23:43","guid":{"rendered":"https:\/\/mouldking.store\/shop\/moc-factory-89085-resident-evil-village-with-956-pieces\/"},"modified":"2025-12-16T20:58:59","modified_gmt":"2025-12-16T13:58:59","slug":"moc-factory-89085-resident-evil-village-with-956-pieces","status":"publish","type":"product","link":"https:\/\/mouldking.store\/vi\/shop\/moc-factory-89085-resident-evil-village-with-956-pieces\/","title":{"rendered":"MOC Factory 89085 Resident Evil Village with 956 Pieces"},"content":{"rendered":"<div>\u2705 MOC-89085 Resident Evil Village<\/p>\n<p>\u2705<strong>Resident Evil Village<\/strong> is the eighth main entry in the <em>Resident Evil<\/em> video game series, developed by Capcom and released in May 2021. It follows the story of Ethan Winters, the protagonist from <em>Resident Evil 7: Biohazard<\/em>, as he navigates a mysterious European village to rescue his kidnapped daughter, Rosemary.&nbsp;<\/p>\n<p>\ud83d\udeab QUAN TR\u1eccNG!<\/p>\n<p>Product Name: Resident Evil Village<\/p>\n<p>Category: Game<\/p>\n<p>This Kit Contains: C10145<\/p>\n<p>956 pcs Good Quality Bricks<\/p>\n<p>Size: 35.4 x 29.8 x 23.7 cm<\/p>\n<p>Weight: 0.97 kg<\/p>\n<p>H\u01b0\u1edbng d\u1eabn PDF<\/p>\n<p>\ud83d\udcccB\u1ea3n ch\u1ea5t c\u1ee7a nh\u00e2n v\u1eadt ch\u00ednh<\/p>\n<p>Introducing our proud collection named \u201cResident Evil Village\u201d you should not miss.<\/p>\n<p>The game is set in a gothic, European village filled with dark forests, castles, and other eerie locales. The atmosphere is heavily influenced by classic horror, with a blend of medieval, gothic, and modern elements. Ethan encounters a variety of powerful enemies, including the now-famous Lady Dimitrescu, a tall, vampiric aristocrat who rules over Castle Dimitrescu. The game\u2019s other lords, such as Karl Heisenberg, Donna Beneviento, and Salvatore Moreau, each control different areas of the village and pose unique challenges.&nbsp;<\/p><\/div>","protected":false},"excerpt":{"rendered":"<p>Th\u01b0\u01a1ng hi\u1ec7u: Nh\u00e0 m\u00e1y M\u1ed8C<br \/>\nGi\u1edbi t\u00ednh: Unisex<br \/>\n\u0110\u1ed9 tu\u1ed5i: &gt; 6 tu\u1ed5i<br \/>\nModel Number: 89085<br \/>\nPh\u00e2n lo\u1ea1i: T\u1eadp h\u1ee3p<br \/>\nH\u00ecnh d\u1ea1ng kh\u1ed1i nh\u1ef1a: G\u1ea1ch t\u1ef1 kh\u00f3a<br \/>\nCh\u1ea5t li\u1ec7u: Nh\u1ef1a<br \/>\nLo\u1ea1i nh\u1ef1a: ABS<br \/>\nBricks Blocks: 956 +<br \/>\nKh\u00f4ng c\u00f3 h\u1ed9p ban \u0111\u1ea7u<br \/>\nS\u1ea3n ph\u1ea9m kh\u00f4ng bao g\u1ed3m STICKER v\u00e0 IN IN. T\u1ea5t c\u1ea3 c\u00e1c b\u1ed9 ph\u1eadn \u0111\u00e3 in s\u1ebd \u0111\u01b0\u1ee3c thay th\u1ebf b\u1eb1ng c\u00e1c b\u1ed9 ph\u1eadn ti\u00eau chu\u1ea9n v\u00e0 kh\u00f4ng \u0103n nh\u1eadp v\u1edbi c\u00e1c ph\u1ee5 ki\u1ec7n c\u1ee7a b\u00ean th\u1ee9 3.<\/p>","protected":false},"featured_media":61560,"comment_status":"open","ping_status":"closed","template":"","meta":{"_acf_changed":false},"product_cat":[1365,1395,1769,371,390],"product_tag":[11072,8452,9139,11099,392,13650,6373],"class_list":["product","first","instock","shipping-taxable","purchasable","product-type-simple"],"acf":[],"_links":{"self":[{"href":"https:\/\/mouldking.store\/vi\/wp-json\/wp\/v2\/product\/61561","targetHints":{"allow":["GET"]}}],"collection":[{"href":"https:\/\/mouldking.store\/vi\/wp-json\/wp\/v2\/product"}],"about":[{"href":"https:\/\/mouldking.store\/vi\/wp-json\/wp\/v2\/types\/product"}],"replies":[{"embeddable":true,"href":"https:\/\/mouldking.store\/vi\/wp-json\/wp\/v2\/comments?post=61561"}],"wp:featuredmedia":[{"embeddable":true,"href":"https:\/\/mouldking.store\/vi\/wp-json\/wp\/v2\/media\/61560"}],"wp:attachment":[{"href":"https:\/\/mouldking.store\/vi\/wp-json\/wp\/v2\/media?parent=61561"}],"wp:term":[{"taxonomy":"product_cat","embeddable":true,"href":"https:\/\/mouldking.store\/vi\/wp-json\/wp\/v2\/product_cat?post=61561"},{"taxonomy":"product_tag","embeddable":true,"href":"https:\/\/mouldking.store\/vi\/wp-json\/wp\/v2\/product_tag?post=61561"}],"curies":[{"name":"wp","href":"https:\/\/api.w.org\/{rel}","templated":true}]}}