{"id":61573,"date":"2024-10-22T18:23:59","date_gmt":"2024-10-22T11:23:59","guid":{"rendered":"https:\/\/mouldking.store\/shop\/moc-factory-136225-horizon-zero-dawn-forbidden-west-thunderjaw-with-2171-pieces\/"},"modified":"2025-12-16T20:58:59","modified_gmt":"2025-12-16T13:58:59","slug":"moc-factory-136225-horizon-zero-dawn-forbidden-west-thunderjaw-with-2171-pieces","status":"publish","type":"product","link":"https:\/\/mouldking.store\/vi\/shop\/moc-factory-136225-horizon-zero-dawn-forbidden-west-thunderjaw-with-2171-pieces\/","title":{"rendered":"MOC Factory 136225 Horizon Zero Dawn Forbidden West Thunderjaw with 2171 Pieces"},"content":{"rendered":"<div>\u2705 MOC-136225 Horizon Zero Dawn Forbidden West Thunderjaw<\/p>\n<p>\u2705 In <em>Ch\u00e2n Tr\u1eddi Kh\u00f4ng B\u00ecnh Minh<\/em> and its sequel <em>Horizon Forbidden West<\/em>, c\u00e1i <strong>Thunderjaw<\/strong> is one of the most fearsome and iconic machine enemies. It is a massive, T-Rex-like machine equipped with a variety of powerful weapons, making it a formidable challenge for players.<\/p>\n<p>\ud83d\udeab QUAN TR\u1eccNG!<\/p>\n<p>Product Name: Horizon Zero Dawn Forbidden West Thunderjaw<\/p>\n<p>Category: Game<\/p>\n<p>This Kit Contains: C9366<\/p>\n<p>2171 pcs Good Quality Bricks<\/p>\n<p>Size: 43.4 x 33 x 31.9 cm<\/p>\n<p>Weight: 1.32 kg<\/p>\n<p>H\u01b0\u1edbng d\u1eabn PDF<\/p>\n<p>\ud83d\udcccB\u1ea3n ch\u1ea5t c\u1ee7a nh\u00e2n v\u1eadt ch\u00ednh<\/p>\n<p>Introducing our proud collection named \u201cHorizon Zero Dawn Forbidden West Thunderjaw\u201d you should not miss.<\/p>\n<p>In <em>Forbidden West<\/em>, the Thunderjaw returns with updated visuals and enhanced AI, making encounters with it even more intense. It remains one of the most dangerous machines in both games, offering a thrilling challenge for players.&nbsp;<\/div>","protected":false},"excerpt":{"rendered":"<p>Th\u01b0\u01a1ng hi\u1ec7u: Nh\u00e0 m\u00e1y M\u1ed8C<br \/>\nGi\u1edbi t\u00ednh: Unisex<br \/>\n\u0110\u1ed9 tu\u1ed5i: &gt; 6 tu\u1ed5i<br \/>\nModel Number: 136225<br \/>\nPh\u00e2n lo\u1ea1i: T\u1eadp h\u1ee3p<br \/>\nH\u00ecnh d\u1ea1ng kh\u1ed1i nh\u1ef1a: G\u1ea1ch t\u1ef1 kh\u00f3a<br \/>\nCh\u1ea5t li\u1ec7u: Nh\u1ef1a<br \/>\nLo\u1ea1i nh\u1ef1a: ABS<br \/>\nBricks Blocks: 2171 +<br \/>\nKh\u00f4ng c\u00f3 h\u1ed9p ban \u0111\u1ea7u<br \/>\nS\u1ea3n ph\u1ea9m kh\u00f4ng bao g\u1ed3m STICKER v\u00e0 IN IN. T\u1ea5t c\u1ea3 c\u00e1c b\u1ed9 ph\u1eadn \u0111\u00e3 in s\u1ebd \u0111\u01b0\u1ee3c thay th\u1ebf b\u1eb1ng c\u00e1c b\u1ed9 ph\u1eadn ti\u00eau chu\u1ea9n v\u00e0 kh\u00f4ng \u0103n nh\u1eadp v\u1edbi c\u00e1c ph\u1ee5 ki\u1ec7n c\u1ee7a b\u00ean th\u1ee9 3.<\/p>","protected":false},"featured_media":61572,"comment_status":"open","ping_status":"closed","template":"","meta":{"_acf_changed":false},"product_cat":[1365,1769,371],"product_tag":[11072,8452,9009,9815,9139,8168,4220,8965,9008],"class_list":["product","first","instock","shipping-taxable","purchasable","product-type-simple"],"acf":[],"_links":{"self":[{"href":"https:\/\/mouldking.store\/vi\/wp-json\/wp\/v2\/product\/61573","targetHints":{"allow":["GET"]}}],"collection":[{"href":"https:\/\/mouldking.store\/vi\/wp-json\/wp\/v2\/product"}],"about":[{"href":"https:\/\/mouldking.store\/vi\/wp-json\/wp\/v2\/types\/product"}],"replies":[{"embeddable":true,"href":"https:\/\/mouldking.store\/vi\/wp-json\/wp\/v2\/comments?post=61573"}],"wp:featuredmedia":[{"embeddable":true,"href":"https:\/\/mouldking.store\/vi\/wp-json\/wp\/v2\/media\/61572"}],"wp:attachment":[{"href":"https:\/\/mouldking.store\/vi\/wp-json\/wp\/v2\/media?parent=61573"}],"wp:term":[{"taxonomy":"product_cat","embeddable":true,"href":"https:\/\/mouldking.store\/vi\/wp-json\/wp\/v2\/product_cat?post=61573"},{"taxonomy":"product_tag","embeddable":true,"href":"https:\/\/mouldking.store\/vi\/wp-json\/wp\/v2\/product_tag?post=61573"}],"curies":[{"name":"wp","href":"https:\/\/api.w.org\/{rel}","templated":true}]}}