{"id":61665,"date":"2024-10-24T18:10:29","date_gmt":"2024-10-24T11:10:29","guid":{"rendered":"https:\/\/mouldking.store\/shop\/moc-factory-89079-jujutsu-kaisen-rika-orimoto-rika-jjk-with-776-pieces\/"},"modified":"2025-12-16T20:58:58","modified_gmt":"2025-12-16T13:58:58","slug":"moc-factory-89079-jujutsu-kaisen-rika-orimoto-rika-jjk-with-776-pieces","status":"publish","type":"product","link":"https:\/\/mouldking.store\/vi\/shop\/moc-factory-89079-jujutsu-kaisen-rika-orimoto-rika-jjk-with-776-pieces\/","title":{"rendered":"MOC Factory 89079 Jujutsu Kaisen Rika Orimoto Rika Jjk with 776 Pieces"},"content":{"rendered":"<div>\u2705 MOC-89079 Jujutsu Kaisen Rika Orimoto Rika Jjk<\/p>\n<p>\u2705<strong>Rika Orimoto<\/strong> is a central character in <em>Jujutsu Kaisen 0<\/em>, the prequel to the main <em>Jujutsu Kaisen<\/em> series. She is known as the &#8220;Queen of Curses&#8221; due to her tragic backstory and transformation into a powerful, cursed spirit.<\/p>\n<p>\ud83d\udeab QUAN TR\u1eccNG!<\/p>\n<p>Product Name: Jujutsu Kaisen Rika Orimoto Rika Jjk<\/p>\n<p>Th\u1ec3 lo\u1ea1i: Phim<\/p>\n<p>This Kit Contains: C10081<\/p>\n<p>776 pcs Good Quality Bricks<\/p>\n<p>Size: 24.1 x 16.1&nbsp; x 25.1cm<\/p>\n<p>H\u01b0\u1edbng d\u1eabn PDF<\/p>\n<p>\ud83d\udcccB\u1ea3n ch\u1ea5t c\u1ee7a nh\u00e2n v\u1eadt ch\u00ednh<\/p>\n<p>Introducing our proud collection named \u201cJujutsu Kaisen Rika Orimoto Rika Jjk\u201d you should not miss.<\/p>\n<p>Rika was a sweet, innocent young girl with a deep bond with her childhood friend, <strong>Yuta Okkotsu<\/strong>. She had a caring and cheerful personality, often seen with a bright smile. Physically, Rika was a small girl with <strong>long, straight brown hair<\/strong> tied in a ponytail, and gentle, expressive eyes that reflected her kind nature. She wore a simple dress, often reflecting the innocence and purity of her young age. Rika had a deep affection for Yuta, and her love for him became a central part of her character&#8217;s arc.&nbsp;<\/div>","protected":false},"excerpt":{"rendered":"<p>Th\u01b0\u01a1ng hi\u1ec7u: Nh\u00e0 m\u00e1y M\u1ed8C<br \/>\nGi\u1edbi t\u00ednh: Unisex<br \/>\n\u0110\u1ed9 tu\u1ed5i: &gt; 6 tu\u1ed5i<br \/>\nModel Number: 89079<br \/>\nPh\u00e2n lo\u1ea1i: T\u1eadp h\u1ee3p<br \/>\nH\u00ecnh d\u1ea1ng kh\u1ed1i nh\u1ef1a: G\u1ea1ch t\u1ef1 kh\u00f3a<br \/>\nCh\u1ea5t li\u1ec7u: Nh\u1ef1a<br \/>\nLo\u1ea1i nh\u1ef1a: ABS<br \/>\nBricks Blocks: 776 +<br \/>\nKh\u00f4ng c\u00f3 h\u1ed9p ban \u0111\u1ea7u<br \/>\nS\u1ea3n ph\u1ea9m kh\u00f4ng bao g\u1ed3m STICKER v\u00e0 IN IN. T\u1ea5t c\u1ea3 c\u00e1c b\u1ed9 ph\u1eadn \u0111\u00e3 in s\u1ebd \u0111\u01b0\u1ee3c thay th\u1ebf b\u1eb1ng c\u00e1c b\u1ed9 ph\u1eadn ti\u00eau chu\u1ea9n v\u00e0 kh\u00f4ng \u0103n nh\u1eadp v\u1edbi c\u00e1c ph\u1ee5 ki\u1ec7n c\u1ee7a b\u00ean th\u1ee9 3.<\/p>","protected":false},"featured_media":61664,"comment_status":"open","ping_status":"closed","template":"","meta":{"_acf_changed":false},"product_cat":[1365,371,581,1408],"product_tag":[11072,8452,13657,434,13659,13658],"class_list":["product","first","instock","shipping-taxable","purchasable","product-type-simple"],"acf":[],"_links":{"self":[{"href":"https:\/\/mouldking.store\/vi\/wp-json\/wp\/v2\/product\/61665","targetHints":{"allow":["GET"]}}],"collection":[{"href":"https:\/\/mouldking.store\/vi\/wp-json\/wp\/v2\/product"}],"about":[{"href":"https:\/\/mouldking.store\/vi\/wp-json\/wp\/v2\/types\/product"}],"replies":[{"embeddable":true,"href":"https:\/\/mouldking.store\/vi\/wp-json\/wp\/v2\/comments?post=61665"}],"wp:featuredmedia":[{"embeddable":true,"href":"https:\/\/mouldking.store\/vi\/wp-json\/wp\/v2\/media\/61664"}],"wp:attachment":[{"href":"https:\/\/mouldking.store\/vi\/wp-json\/wp\/v2\/media?parent=61665"}],"wp:term":[{"taxonomy":"product_cat","embeddable":true,"href":"https:\/\/mouldking.store\/vi\/wp-json\/wp\/v2\/product_cat?post=61665"},{"taxonomy":"product_tag","embeddable":true,"href":"https:\/\/mouldking.store\/vi\/wp-json\/wp\/v2\/product_tag?post=61665"}],"curies":[{"name":"wp","href":"https:\/\/api.w.org\/{rel}","templated":true}]}}