{"id":61720,"date":"2024-11-01T17:11:45","date_gmt":"2024-11-01T10:11:45","guid":{"rendered":"https:\/\/mouldking.store\/shop\/moc-factory-175210-helldivers-2-exo-45-patriot-exo-suit-with-523-pieces\/"},"modified":"2025-12-16T20:58:58","modified_gmt":"2025-12-16T13:58:58","slug":"moc-factory-175210-helldivers-2-exo-45-patriot-exo-suit-with-523-pieces","status":"publish","type":"product","link":"https:\/\/mouldking.store\/vi\/shop\/moc-factory-175210-helldivers-2-exo-45-patriot-exo-suit-with-523-pieces\/","title":{"rendered":"MOC Factory 175210 Helldivers 2 Exo-45 Patriot Exo-suit with 523 Pieces"},"content":{"rendered":"<div>\u2705 MOC-175210 Helldivers 2 Exo-45 Patriot Exo-suit<\/p>\n<p>\u2705 In <em>Helldivers 2<\/em>, the EXO-45 Patriot Exo-suit is a powerful mech suit that becomes available once you reach level 25 and have liberated Tien Kwan. Players can purchase this suit for 20,000 Requisition Credits from the Ship Management menu. As a Stratagem, the Patriot Exo-suit allows deployment in the field but has a 600-second cooldown, meaning only two can be summoned per mission.&nbsp;<\/p>\n<p>\ud83d\udeab QUAN TR\u1eccNG!<\/p>\n<p>Product Name: Helldivers 2 Exo-45 Patriot Exo-suit<\/p>\n<p>Th\u1ec3 lo\u1ea1i: Phim<\/p>\n<p>This Kit Contains: C10156<\/p>\n<p>523 pcs Good Quality Bricks<\/p>\n<p>Size: 11.7 x 9.2 x 16.6cm<\/p>\n<p>H\u01b0\u1edbng d\u1eabn PDF<\/p>\n<p>\ud83d\udcccB\u1ea3n ch\u1ea5t c\u1ee7a nh\u00e2n v\u1eadt ch\u00ednh<\/p>\n<p>Introducing our proud collection named \u201cHelldivers 2 Exo-45 Patriot Exo-suit\u201d you should not miss.<\/p>\n<p>The Patriot Exo-suit comes equipped with a Gatling gun and a rocket launcher, ideal for handling both large groups of smaller enemies and heavily armored targets. Its Gatling gun is particularly effective against hordes, while the rockets are best reserved for armored foes and nests. However, caution is needed, as the rockets can also cause self-inflicted damage if fired too close. The suit is notably resilient to fire and gas but remains vulnerable to friendly fire and certain enemy attacks, so strategic positioning is essential&nbsp;<\/p><\/div>","protected":false},"excerpt":{"rendered":"<p>Th\u01b0\u01a1ng hi\u1ec7u: Nh\u00e0 m\u00e1y M\u1ed8C<br \/>\nGi\u1edbi t\u00ednh: Unisex<br \/>\n\u0110\u1ed9 tu\u1ed5i: &gt; 6 tu\u1ed5i<br \/>\nModel Number: 175210<br \/>\nPh\u00e2n lo\u1ea1i: T\u1eadp h\u1ee3p<br \/>\nH\u00ecnh d\u1ea1ng kh\u1ed1i nh\u1ef1a: G\u1ea1ch t\u1ef1 kh\u00f3a<br \/>\nCh\u1ea5t li\u1ec7u: Nh\u1ef1a<br \/>\nLo\u1ea1i nh\u1ef1a: ABS<br \/>\nBricks Blocks: 523 +<br \/>\nKh\u00f4ng c\u00f3 h\u1ed9p ban \u0111\u1ea7u<br \/>\nS\u1ea3n ph\u1ea9m kh\u00f4ng bao g\u1ed3m STICKER v\u00e0 IN IN. T\u1ea5t c\u1ea3 c\u00e1c b\u1ed9 ph\u1eadn \u0111\u00e3 in s\u1ebd \u0111\u01b0\u1ee3c thay th\u1ebf b\u1eb1ng c\u00e1c b\u1ed9 ph\u1eadn ti\u00eau chu\u1ea9n v\u00e0 kh\u00f4ng \u0103n nh\u1eadp v\u1edbi c\u00e1c ph\u1ee5 ki\u1ec7n c\u1ee7a b\u00ean th\u1ee9 3.<\/p>","protected":false},"featured_media":61719,"comment_status":"open","ping_status":"closed","template":"","meta":{"_acf_changed":false},"product_cat":[1357,581,6016,364,1408],"product_tag":[13665,13667,13664,434,11100,13666,2276,389],"class_list":["product","first","instock","shipping-taxable","purchasable","product-type-simple"],"acf":[],"_links":{"self":[{"href":"https:\/\/mouldking.store\/vi\/wp-json\/wp\/v2\/product\/61720","targetHints":{"allow":["GET"]}}],"collection":[{"href":"https:\/\/mouldking.store\/vi\/wp-json\/wp\/v2\/product"}],"about":[{"href":"https:\/\/mouldking.store\/vi\/wp-json\/wp\/v2\/types\/product"}],"replies":[{"embeddable":true,"href":"https:\/\/mouldking.store\/vi\/wp-json\/wp\/v2\/comments?post=61720"}],"wp:featuredmedia":[{"embeddable":true,"href":"https:\/\/mouldking.store\/vi\/wp-json\/wp\/v2\/media\/61719"}],"wp:attachment":[{"href":"https:\/\/mouldking.store\/vi\/wp-json\/wp\/v2\/media?parent=61720"}],"wp:term":[{"taxonomy":"product_cat","embeddable":true,"href":"https:\/\/mouldking.store\/vi\/wp-json\/wp\/v2\/product_cat?post=61720"},{"taxonomy":"product_tag","embeddable":true,"href":"https:\/\/mouldking.store\/vi\/wp-json\/wp\/v2\/product_tag?post=61720"}],"curies":[{"name":"wp","href":"https:\/\/api.w.org\/{rel}","templated":true}]}}