{"id":61734,"date":"2024-11-01T17:12:20","date_gmt":"2024-11-01T10:12:20","guid":{"rendered":"https:\/\/mouldking.store\/shop\/moc-factory-89076-the-lord-of-the-rings-treebeard-with-307-pieces\/"},"modified":"2025-12-16T20:58:58","modified_gmt":"2025-12-16T13:58:58","slug":"moc-factory-89076-the-lord-of-the-rings-treebeard-with-307-pieces","status":"publish","type":"product","link":"https:\/\/mouldking.store\/vi\/shop\/moc-factory-89076-the-lord-of-the-rings-treebeard-with-307-pieces\/","title":{"rendered":"MOC Factory 89076 The Lord of the Rings Treebeard with 307 Pieces"},"content":{"rendered":"<div>\u2705 MOC-89076 The Lord of the Rings Treebeard<\/p>\n<p>\u2705 Treebeard, or Fangorn, is an ancient Ent, a tree-like being in <em>Ch\u00faa t\u1ec3 c\u1ee7a nh\u1eefng chi\u1ebfc nh\u1eabn<\/em> by J.R.R. Tolkien. Known as the oldest living creature in Middle-earth, Treebeard embodies the wisdom and strength of nature. He resides in Fangorn Forest, an ancient and somewhat eerie woodland near the realm of Rohan, and he plays a vital role in the War of the Ring. Treebeard is tall, with a bark-like exterior, and his face resembles a gnarled, ancient tree. He speaks in a slow, deliberate manner, reflective of the Ents&#8217; thoughtful approach to life, and he has a deep, booming voice.&nbsp;<\/p>\n<p>\ud83d\udeab QUAN TR\u1eccNG!<\/p>\n<p>Product Name: The Lord of the Rings Treebeard<\/p>\n<p>Th\u1ec3 lo\u1ea1i: Phim<\/p>\n<p>This Kit Contains: C10163<\/p>\n<p>307 pcs Good Quality Bricks<\/p>\n<p>Size: 18.2 x 7.8 x 23cm<\/p>\n<p>H\u01b0\u1edbng d\u1eabn PDF<\/p>\n<p>\ud83d\udcccB\u1ea3n ch\u1ea5t c\u1ee7a nh\u00e2n v\u1eadt ch\u00ednh<\/p>\n<p>Introducing our proud collection named \u201cThe Lord of the Rings Treebeard\u201d you should not miss.<\/p>\n<p>Treebeard\u2019s character highlights Tolkien&#8217;s reverence for nature and his concerns about industrialization, which is illustrated in Treebeard\u2019s deep dislike for Saruman and the orcs who damage Fangorn Forest. Alongside the other Ents, Treebeard ultimately leads a powerful attack on Isengard, Saruman&#8217;s stronghold, in an epic scene known as the &#8220;Last March of the Ents.&#8221; This pivotal moment underscores the power of nature defending itself against exploitation and destruction.&nbsp;<\/p><\/div>","protected":false},"excerpt":{"rendered":"<p>Th\u01b0\u01a1ng hi\u1ec7u: Nh\u00e0 m\u00e1y M\u1ed8C<br \/>\nGi\u1edbi t\u00ednh: Unisex<br \/>\n\u0110\u1ed9 tu\u1ed5i: &gt; 6 tu\u1ed5i<br \/>\nModel Number: 89076<br \/>\nPh\u00e2n lo\u1ea1i: T\u1eadp h\u1ee3p<br \/>\nH\u00ecnh d\u1ea1ng kh\u1ed1i nh\u1ef1a: G\u1ea1ch t\u1ef1 kh\u00f3a<br \/>\nCh\u1ea5t li\u1ec7u: Nh\u1ef1a<br \/>\nLo\u1ea1i nh\u1ef1a: ABS<br \/>\nBricks Blocks: 307 +<br \/>\nKh\u00f4ng c\u00f3 h\u1ed9p ban \u0111\u1ea7u<br \/>\nS\u1ea3n ph\u1ea9m kh\u00f4ng bao g\u1ed3m STICKER v\u00e0 IN IN. T\u1ea5t c\u1ea3 c\u00e1c b\u1ed9 ph\u1eadn \u0111\u00e3 in s\u1ebd \u0111\u01b0\u1ee3c thay th\u1ebf b\u1eb1ng c\u00e1c b\u1ed9 ph\u1eadn ti\u00eau chu\u1ea9n v\u00e0 kh\u00f4ng \u0103n nh\u1eadp v\u1edbi c\u00e1c ph\u1ee5 ki\u1ec7n c\u1ee7a b\u00ean th\u1ee9 3.<\/p>","protected":false},"featured_media":61733,"comment_status":"open","ping_status":"closed","template":"","meta":{"_acf_changed":false},"product_cat":[1365,371,581,1408],"product_tag":[11072,8452,13326,434,13194,6169,13669],"class_list":["product","first","instock","shipping-taxable","purchasable","product-type-simple"],"acf":[],"_links":{"self":[{"href":"https:\/\/mouldking.store\/vi\/wp-json\/wp\/v2\/product\/61734","targetHints":{"allow":["GET"]}}],"collection":[{"href":"https:\/\/mouldking.store\/vi\/wp-json\/wp\/v2\/product"}],"about":[{"href":"https:\/\/mouldking.store\/vi\/wp-json\/wp\/v2\/types\/product"}],"replies":[{"embeddable":true,"href":"https:\/\/mouldking.store\/vi\/wp-json\/wp\/v2\/comments?post=61734"}],"wp:featuredmedia":[{"embeddable":true,"href":"https:\/\/mouldking.store\/vi\/wp-json\/wp\/v2\/media\/61733"}],"wp:attachment":[{"href":"https:\/\/mouldking.store\/vi\/wp-json\/wp\/v2\/media?parent=61734"}],"wp:term":[{"taxonomy":"product_cat","embeddable":true,"href":"https:\/\/mouldking.store\/vi\/wp-json\/wp\/v2\/product_cat?post=61734"},{"taxonomy":"product_tag","embeddable":true,"href":"https:\/\/mouldking.store\/vi\/wp-json\/wp\/v2\/product_tag?post=61734"}],"curies":[{"name":"wp","href":"https:\/\/api.w.org\/{rel}","templated":true}]}}