{"id":61773,"date":"2024-11-01T17:14:06","date_gmt":"2024-11-01T10:14:06","guid":{"rendered":"https:\/\/mouldking.store\/shop\/moc-factory-89072-coraline-jones-the-cat-with-601-pieces\/"},"modified":"2025-12-16T20:58:58","modified_gmt":"2025-12-16T13:58:58","slug":"moc-factory-89072-coraline-jones-the-cat-with-601-pieces","status":"publish","type":"product","link":"https:\/\/mouldking.store\/vi\/shop\/moc-factory-89072-coraline-jones-the-cat-with-601-pieces\/","title":{"rendered":"MOC Factory 89072 Coraline Jones The Cat v\u1edbi 601 m\u1ea3nh gh\u00e9p"},"content":{"rendered":"<div>\u2705 MOC-89072 Coraline Jones Con m\u00e8o<\/p>\n<p>\u2705 Con m\u00e8o c\u1ee7a Coraline Jones, th\u01b0\u1eddng \u0111\u01b0\u1ee3c g\u1ecdi \u0111\u01a1n gi\u1ea3n l\u00e0 &quot;con m\u00e8o&quot;, l\u00e0 m\u1ed9t nh\u00e2n v\u1eadt quan tr\u1ecdng trong ti\u1ec3u thuy\u1ebft &quot;Coraline&quot; c\u1ee7a Neil Gaiman v\u00e0 b\u1ed9 phim ho\u1ea1t h\u00ecnh chuy\u1ec3n th\u1ec3 c\u1ee7a n\u00f3. Con m\u00e8o c\u00f3 m\u00e0u \u0111en v\u1edbi \u0111\u00f4i m\u1eaft xanh l\u00e1 c\u00e2y n\u1ed5i b\u1eadt v\u00e0 c\u00f3 kh\u1ea3 n\u0103ng n\u00f3i, \u0111\u1eb7c bi\u1ec7t l\u00e0 v\u1edbi Coraline. N\u00f3 \u0111\u00f3ng vai tr\u00f2 l\u00e0 ng\u01b0\u1eddi h\u01b0\u1edbng d\u1eabn v\u00e0 b\u1ea3o v\u1ec7 c\u00f4 b\u00e9 trong su\u1ed1t h\u00e0nh tr\u00ecnh c\u1ee7a c\u00f4 b\u00e9 \u1edf Th\u1ebf gi\u1edbi b\u00ean kia, n\u01a1i c\u00f4 b\u00e9 g\u1eb7p Ng\u01b0\u1eddi m\u1eb9 kh\u00e1c c\u1ee7a m\u00ecnh v\u00e0 nh\u1eefng sinh v\u1eadt k\u1ef3 l\u1ea1 kh\u00e1c. Con m\u00e8o b\u00ed \u1ea9n v\u00e0 d\u00ed d\u1ecfm, th\u01b0\u1eddng cung c\u1ea5p c\u00e1i nh\u00ecn s\u00e2u s\u1eafc v\u1ec1 nh\u1eefng nguy hi\u1ec3m m\u00e0 Coraline ph\u1ea3i \u0111\u1ed1i m\u1eb7t trong khi v\u1eabn gi\u1eef th\u00e1i \u0111\u1ed9 b\u00ed \u1ea9n.&nbsp;<\/p>\n<p>\ud83d\udeab QUAN TR\u1eccNG!<\/p>\n<p>T\u00ean s\u1ea3n ph\u1ea9m: Coraline Jones The Cat<\/p>\n<p>Th\u1ec3 lo\u1ea1i: Phim<\/p>\n<p>B\u1ed9 s\u1ea3n ph\u1ea9m n\u00e0y bao g\u1ed3m: F-C9924<\/p>\n<p>601 vi\u00ean g\u1ea1ch ch\u1ea5t l\u01b0\u1ee3ng t\u1ed1t<\/p>\n<p>K\u00edch th\u01b0\u1edbc: 11,1 x 5 x 14,5 inch<\/p>\n<p>H\u01b0\u1edbng d\u1eabn PDF<\/p>\n<p>\ud83d\udcccB\u1ea3n ch\u1ea5t c\u1ee7a nh\u00e2n v\u1eadt ch\u00ednh<\/p>\n<p>Xin gi\u1edbi thi\u1ec7u b\u1ed9 s\u01b0u t\u1eadp \u0111\u00e1ng t\u1ef1 h\u00e0o c\u1ee7a ch\u00fang t\u00f4i mang t\u00ean \u201cM\u00e8o Coraline Jones\u201d m\u00e0 b\u1ea1n kh\u00f4ng n\u00ean b\u1ecf l\u1ee1.<\/p>\n<p>&nbsp;M\u1ed9t trong nh\u1eefng \u0111\u1eb7c \u0111i\u1ec3m ch\u00ednh c\u1ee7a n\u00f3 l\u00e0 s\u1ef1 \u0111\u1ed9c l\u1eadp v\u00e0 th\u00f4ng minh, ph\u1ea3n \u00e1nh tinh th\u1ea7n c\u1ee7a Coraline. N\u00f3 gi\u00fap c\u00f4 hi\u1ec3u \u0111\u01b0\u1ee3c b\u1ea3n ch\u1ea5t c\u1ee7a Th\u1ebf gi\u1edbi kh\u00e1c v\u00e0 khuy\u1ebfn kh\u00edch c\u00f4 suy ngh\u0129 nghi\u00eam t\u00fac v\u1ec1 ho\u00e0n c\u1ea3nh c\u1ee7a m\u00ecnh. L\u00e0 m\u1ed9t nh\u00e2n v\u1eadt, ch\u00fa m\u00e8o th\u1ec3 hi\u1ec7n c\u00e1c ch\u1ee7 \u0111\u1ec1 v\u1ec1 l\u00f2ng trung th\u00e0nh, tr\u00ed th\u00f4ng minh v\u00e0 t\u1ea7m quan tr\u1ecdng c\u1ee7a s\u1ef1 t\u1ef1 l\u1eadp, \u0111\u00f3ng vai tr\u00f2 quan tr\u1ecdng trong h\u00e0nh tr\u00ecnh c\u1ee7a Coraline \u0111\u1ec3 c\u1ee9u cha m\u1eb9 v\u00e0 tr\u1edf v\u1ec1 th\u1ebf gi\u1edbi th\u1ef1c c\u1ee7a m\u00ecnh.&nbsp;<\/p><\/div>","protected":false},"excerpt":{"rendered":"<p>Th\u01b0\u01a1ng hi\u1ec7u: Nh\u00e0 m\u00e1y M\u1ed8C<br \/>\nGi\u1edbi t\u00ednh: Unisex<br \/>\n\u0110\u1ed9 tu\u1ed5i: &gt; 6 tu\u1ed5i<br \/>\nS\u1ed1 hi\u1ec7u m\u1eabu: 89072<br \/>\nPh\u00e2n lo\u1ea1i: T\u1eadp h\u1ee3p<br \/>\nH\u00ecnh d\u1ea1ng kh\u1ed1i nh\u1ef1a: G\u1ea1ch t\u1ef1 kh\u00f3a<br \/>\nCh\u1ea5t li\u1ec7u: Nh\u1ef1a<br \/>\nLo\u1ea1i nh\u1ef1a: ABS<br \/>\nKh\u1ed1i g\u1ea1ch: 601 +<br \/>\nKh\u00f4ng c\u00f3 h\u1ed9p ban \u0111\u1ea7u<br \/>\nS\u1ea3n ph\u1ea9m kh\u00f4ng bao g\u1ed3m STICKER v\u00e0 IN IN. T\u1ea5t c\u1ea3 c\u00e1c b\u1ed9 ph\u1eadn \u0111\u00e3 in s\u1ebd \u0111\u01b0\u1ee3c thay th\u1ebf b\u1eb1ng c\u00e1c b\u1ed9 ph\u1eadn ti\u00eau chu\u1ea9n v\u00e0 kh\u00f4ng \u0103n nh\u1eadp v\u1edbi c\u00e1c ph\u1ee5 ki\u1ec7n c\u1ee7a b\u00ean th\u1ee9 3.<\/p>","protected":false},"featured_media":61772,"comment_status":"open","ping_status":"closed","template":"","meta":{"_acf_changed":false},"product_cat":[1365,371,581,1408,15],"product_tag":[8263,13670,13671,11072,11775,8452,434],"class_list":["product","first","instock","shipping-taxable","purchasable","product-type-simple"],"acf":[],"_links":{"self":[{"href":"https:\/\/mouldking.store\/vi\/wp-json\/wp\/v2\/product\/61773","targetHints":{"allow":["GET"]}}],"collection":[{"href":"https:\/\/mouldking.store\/vi\/wp-json\/wp\/v2\/product"}],"about":[{"href":"https:\/\/mouldking.store\/vi\/wp-json\/wp\/v2\/types\/product"}],"replies":[{"embeddable":true,"href":"https:\/\/mouldking.store\/vi\/wp-json\/wp\/v2\/comments?post=61773"}],"wp:featuredmedia":[{"embeddable":true,"href":"https:\/\/mouldking.store\/vi\/wp-json\/wp\/v2\/media\/61772"}],"wp:attachment":[{"href":"https:\/\/mouldking.store\/vi\/wp-json\/wp\/v2\/media?parent=61773"}],"wp:term":[{"taxonomy":"product_cat","embeddable":true,"href":"https:\/\/mouldking.store\/vi\/wp-json\/wp\/v2\/product_cat?post=61773"},{"taxonomy":"product_tag","embeddable":true,"href":"https:\/\/mouldking.store\/vi\/wp-json\/wp\/v2\/product_tag?post=61773"}],"curies":[{"name":"wp","href":"https:\/\/api.w.org\/{rel}","templated":true}]}}