{"id":61831,"date":"2024-11-01T17:17:09","date_gmt":"2024-11-01T10:17:09","guid":{"rendered":"https:\/\/mouldking.store\/shop\/moc-factory-89066-the-lord-of-the-rings-balrog-with-321-pieces\/"},"modified":"2025-12-16T20:58:57","modified_gmt":"2025-12-16T13:58:57","slug":"moc-factory-89066-the-lord-of-the-rings-balrog-with-321-pieces","status":"publish","type":"product","link":"https:\/\/mouldking.store\/vi\/shop\/moc-factory-89066-the-lord-of-the-rings-balrog-with-321-pieces\/","title":{"rendered":"MOC Factory 89066 The Lord of the Rings Balrog with 321 Pieces"},"content":{"rendered":"<div>\u2705 MOC-89066 The Lord of the Rings Balrog<\/p>\n<p>\u2705 The Balrog is a formidable and iconic creature from J.R.R. Tolkien&#8217;s <strong>Ch\u00faa t\u1ec3 c\u1ee7a nh\u1eefng chi\u1ebfc nh\u1eabn<\/strong> and <strong>The Silmarillion<\/strong>. Known for its terrifying presence, the Balrog is a demon of shadow and flame, originally a Maia, a lesser divine spirit, who was corrupted by Morgoth, the dark lord. The most famous Balrog in Tolkien&#8217;s works is the one encountered by the Fellowship of the Ring in the Mines of Moria, often referred to as Durin&#8217;s Bane.&nbsp;<\/p>\n<p>\ud83d\udeab QUAN TR\u1eccNG!<\/p>\n<p>Product Name: The Lord of the Rings Balrog<\/p>\n<p>Th\u1ec3 lo\u1ea1i: Phim<\/p>\n<p>This Kit Contains: C10163Y01<\/p>\n<p>321 pcs Good Quality Bricks<\/p>\n<p>Size: 31.2 x 20.6 x 21.6cm<\/p>\n<p>H\u01b0\u1edbng d\u1eabn PDF<\/p>\n<p>\ud83d\udcccB\u1ea3n ch\u1ea5t c\u1ee7a nh\u00e2n v\u1eadt ch\u00ednh<\/p>\n<p>Introducing our proud collection named \u201cThe Lord of the Rings Balrog\u201d you should not miss.<\/p>\n<p>Described as a towering figure shrouded in darkness, the Balrog wields a fiery whip and has a mane of fire, embodying both terror and majesty. Its fearsome appearance, coupled with its ability to manipulate fire and shadow, makes it one of the most memorable antagonists in the series. The Balrog&#8217;s presence in Moria represents the lingering darkness of Morgoth&#8217;s legacy and the perils that the Fellowship must face on their quest.&nbsp;<\/p><\/div>","protected":false},"excerpt":{"rendered":"<p>Th\u01b0\u01a1ng hi\u1ec7u: Nh\u00e0 m\u00e1y M\u1ed8C<br \/>\nGi\u1edbi t\u00ednh: Unisex<br \/>\n\u0110\u1ed9 tu\u1ed5i: &gt; 6 tu\u1ed5i<br \/>\nModel Number: 89066<br \/>\nPh\u00e2n lo\u1ea1i: T\u1eadp h\u1ee3p<br \/>\nH\u00ecnh d\u1ea1ng kh\u1ed1i nh\u1ef1a: G\u1ea1ch t\u1ef1 kh\u00f3a<br \/>\nCh\u1ea5t li\u1ec7u: Nh\u1ef1a<br \/>\nLo\u1ea1i nh\u1ef1a: ABS<br \/>\nBricks Blocks: 321 +<br \/>\nKh\u00f4ng c\u00f3 h\u1ed9p ban \u0111\u1ea7u<br \/>\nS\u1ea3n ph\u1ea9m kh\u00f4ng bao g\u1ed3m STICKER v\u00e0 IN IN. T\u1ea5t c\u1ea3 c\u00e1c b\u1ed9 ph\u1eadn \u0111\u00e3 in s\u1ebd \u0111\u01b0\u1ee3c thay th\u1ebf b\u1eb1ng c\u00e1c b\u1ed9 ph\u1eadn ti\u00eau chu\u1ea9n v\u00e0 kh\u00f4ng \u0103n nh\u1eadp v\u1edbi c\u00e1c ph\u1ee5 ki\u1ec7n c\u1ee7a b\u00ean th\u1ee9 3.<\/p>","protected":false},"featured_media":61830,"comment_status":"open","ping_status":"closed","template":"","meta":{"_acf_changed":false},"product_cat":[1365,371,581,1408],"product_tag":[13681,11072,8452,13326,434,13194,6169],"class_list":["product","first","instock","shipping-taxable","purchasable","product-type-simple"],"acf":[],"_links":{"self":[{"href":"https:\/\/mouldking.store\/vi\/wp-json\/wp\/v2\/product\/61831","targetHints":{"allow":["GET"]}}],"collection":[{"href":"https:\/\/mouldking.store\/vi\/wp-json\/wp\/v2\/product"}],"about":[{"href":"https:\/\/mouldking.store\/vi\/wp-json\/wp\/v2\/types\/product"}],"replies":[{"embeddable":true,"href":"https:\/\/mouldking.store\/vi\/wp-json\/wp\/v2\/comments?post=61831"}],"wp:featuredmedia":[{"embeddable":true,"href":"https:\/\/mouldking.store\/vi\/wp-json\/wp\/v2\/media\/61830"}],"wp:attachment":[{"href":"https:\/\/mouldking.store\/vi\/wp-json\/wp\/v2\/media?parent=61831"}],"wp:term":[{"taxonomy":"product_cat","embeddable":true,"href":"https:\/\/mouldking.store\/vi\/wp-json\/wp\/v2\/product_cat?post=61831"},{"taxonomy":"product_tag","embeddable":true,"href":"https:\/\/mouldking.store\/vi\/wp-json\/wp\/v2\/product_tag?post=61831"}],"curies":[{"name":"wp","href":"https:\/\/api.w.org\/{rel}","templated":true}]}}