{"id":61856,"date":"2024-11-01T17:34:03","date_gmt":"2024-11-01T10:34:03","guid":{"rendered":"https:\/\/mouldking.store\/shop\/moc-factory-89064-robot-horse-mechanical-beast-with-707-pieces\/"},"modified":"2025-12-16T20:58:57","modified_gmt":"2025-12-16T13:58:57","slug":"moc-factory-89064-robot-horse-mechanical-beast-with-707-pieces","status":"publish","type":"product","link":"https:\/\/mouldking.store\/vi\/shop\/moc-factory-89064-robot-horse-mechanical-beast-with-707-pieces\/","title":{"rendered":"MOC Factory 89064 Robot Horse Mechanical Beast v\u1edbi 707 chi ti\u1ebft"},"content":{"rendered":"<div>\u2705 MOC-89064 Robot Horse Mechanical Beast<\/p>\n<p>\u2705 M\u1ed9t <strong>ng\u1ef1a robot<\/strong> ho\u1eb7c <strong>con th\u00fa c\u01a1 kh\u00ed<\/strong> th\u01b0\u1eddng \u0111\u1ec1 c\u1eadp \u0111\u1ebfn m\u1ed9t phi\u00ean b\u1ea3n ng\u1ef1a r\u00f4-b\u1ed1t ti\u00ean ti\u1ebfn, \u0111\u01b0\u1ee3c thi\u1ebft k\u1ebf \u0111\u1ec3 m\u00f4 ph\u1ecfng ngo\u1ea1i h\u00ecnh, chuy\u1ec3n \u0111\u1ed9ng v\u00e0 ch\u1ee9c n\u0103ng c\u1ee7a m\u1ed9t con ng\u1ef1a th\u1eadt trong khi k\u1ebft h\u1ee3p nhi\u1ec1u c\u1ea3i ti\u1ebfn c\u00f4ng ngh\u1ec7 kh\u00e1c nhau. Nh\u1eefng s\u00e1ng t\u1ea1o n\u00e0y th\u01b0\u1eddng c\u00f3 th\u00e2n kim lo\u1ea1i b\u00f3ng b\u1ea9y v\u1edbi c\u00e1c kh\u1edbp n\u1ed1i, cho ph\u00e9p chuy\u1ec3n \u0111\u1ed9ng m\u01b0\u1ee3t m\u00e0 v\u00e0 kh\u1ea3 n\u0103ng phi n\u01b0\u1edbc \u0111\u1ea1i, ch\u1ea1y n\u01b0\u1edbc ki\u1ec7u ho\u1eb7c \u0111i b\u1ed9, t\u01b0\u01a1ng t\u1ef1 nh\u01b0 m\u1ed9t con ng\u1ef1a s\u1ed1ng.&nbsp;<\/p>\n<p>\ud83d\udeab QUAN TR\u1eccNG!<\/p>\n<p>T\u00ean s\u1ea3n ph\u1ea9m: Robot Horse Mechanical Beast<\/p>\n<p>Th\u1ec3 lo\u1ea1i: Ng\u01b0\u1eddi s\u00e1ng t\u1ea1o<\/p>\n<p>B\u1ed9 s\u1ea3n ph\u1ea9m n\u00e0y bao g\u1ed3m: C9968<\/p>\n<p>707 vi\u00ean g\u1ea1ch ch\u1ea5t l\u01b0\u1ee3ng t\u1ed1t<\/p>\n<p>H\u01b0\u1edbng d\u1eabn PDF<\/p>\n<p>\ud83d\udcccB\u1ea3n ch\u1ea5t c\u1ee7a nh\u00e2n v\u1eadt ch\u00ednh<\/p>\n<p>Xin gi\u1edbi thi\u1ec7u b\u1ed9 s\u01b0u t\u1eadp \u0111\u00e1ng t\u1ef1 h\u00e0o c\u1ee7a ch\u00fang t\u00f4i mang t\u00ean \u201cRobot Horse Mechanical Beast\u201d m\u00e0 b\u1ea1n kh\u00f4ng n\u00ean b\u1ecf l\u1ee1.<\/p>\n<p>Nh\u1eefng con th\u00fa c\u01a1 kh\u00ed nh\u01b0 v\u1eady c\u00f3 th\u1ec3 \u0111\u01b0\u1ee3c t\u00ecm th\u1ea5y trong nhi\u1ec1u b\u1ed1i c\u1ea3nh kh\u00e1c nhau, bao g\u1ed3m phim \u1ea3nh, tr\u00f2 ch\u01a1i \u0111i\u1ec7n t\u1eed v\u00e0 c\u00e1c cu\u1ed9c thi v\u1ec1 r\u00f4 b\u1ed1t. Trong phim v\u00e0 truy\u1ec1n h\u00ecnh, ch\u00fang c\u00f3 th\u1ec3 \u0111\u01b0\u1ee3c m\u00f4 t\u1ea3 nh\u01b0 m\u1ed9t ph\u1ea7n c\u1ee7a th\u1ebf gi\u1edbi t\u01b0\u01a1ng lai ho\u1eb7c th\u1ebf gi\u1edbi k\u1ef3 \u1ea3o, \u0111\u00f3ng vai tr\u00f2 l\u00e0 b\u1ea1n \u0111\u1ed3ng h\u00e0nh ho\u1eb7c v\u1eadt c\u01b0\u1ee1i cho c\u00e1c nh\u00e2n v\u1eadt. V\u00ed d\u1ee5, trong b\u1ed1i c\u1ea3nh khoa h\u1ecdc vi\u1ec5n t\u01b0\u1edfng, m\u1ed9t con ng\u1ef1a r\u00f4 b\u1ed1t c\u00f3 th\u1ec3 \u0111\u01b0\u1ee3c trang b\u1ecb AI ti\u00ean ti\u1ebfn, cho ph\u00e9p n\u00f3 ph\u1ea3n h\u1ed3i c\u00e1c l\u1ec7nh, di chuy\u1ec3n tr\u00ean c\u00e1c \u0111\u1ecba h\u00ecnh ph\u1ee9c t\u1ea1p v\u00e0 th\u1eadm ch\u00ed tham gia chi\u1ebfn \u0111\u1ea5u n\u1ebfu c\u1ea7n thi\u1ebft.&nbsp;<\/p><\/div>","protected":false},"excerpt":{"rendered":"<p>Th\u01b0\u01a1ng hi\u1ec7u: Nh\u00e0 m\u00e1y M\u1ed8C<br \/>\nGi\u1edbi t\u00ednh: Unisex<br \/>\n\u0110\u1ed9 tu\u1ed5i: &gt; 6 tu\u1ed5i<br \/>\nS\u1ed1 hi\u1ec7u m\u1eabu: 89064<br \/>\nPh\u00e2n lo\u1ea1i: T\u1eadp h\u1ee3p<br \/>\nH\u00ecnh d\u1ea1ng kh\u1ed1i nh\u1ef1a: G\u1ea1ch t\u1ef1 kh\u00f3a<br \/>\nCh\u1ea5t li\u1ec7u: Nh\u1ef1a<br \/>\nLo\u1ea1i nh\u1ef1a: ABS<br \/>\nKh\u1ed1i g\u1ea1ch: 707 +<br \/>\nKh\u00f4ng c\u00f3 h\u1ed9p ban \u0111\u1ea7u<br \/>\nS\u1ea3n ph\u1ea9m kh\u00f4ng bao g\u1ed3m STICKER v\u00e0 IN IN. T\u1ea5t c\u1ea3 c\u00e1c b\u1ed9 ph\u1eadn \u0111\u00e3 in s\u1ebd \u0111\u01b0\u1ee3c thay th\u1ebf b\u1eb1ng c\u00e1c b\u1ed9 ph\u1eadn ti\u00eau chu\u1ea9n v\u00e0 kh\u00f4ng \u0103n nh\u1eadp v\u1edbi c\u00e1c ph\u1ee5 ki\u1ec7n c\u1ee7a b\u00ean th\u1ee9 3.<\/p>","protected":false},"featured_media":61855,"comment_status":"open","ping_status":"closed","template":"","meta":{"_acf_changed":false},"product_cat":[1365,371],"product_tag":[7153,11072,11775,8452,9573,7345,590],"class_list":["product","first","instock","shipping-taxable","purchasable","product-type-simple"],"acf":[],"_links":{"self":[{"href":"https:\/\/mouldking.store\/vi\/wp-json\/wp\/v2\/product\/61856","targetHints":{"allow":["GET"]}}],"collection":[{"href":"https:\/\/mouldking.store\/vi\/wp-json\/wp\/v2\/product"}],"about":[{"href":"https:\/\/mouldking.store\/vi\/wp-json\/wp\/v2\/types\/product"}],"replies":[{"embeddable":true,"href":"https:\/\/mouldking.store\/vi\/wp-json\/wp\/v2\/comments?post=61856"}],"wp:featuredmedia":[{"embeddable":true,"href":"https:\/\/mouldking.store\/vi\/wp-json\/wp\/v2\/media\/61855"}],"wp:attachment":[{"href":"https:\/\/mouldking.store\/vi\/wp-json\/wp\/v2\/media?parent=61856"}],"wp:term":[{"taxonomy":"product_cat","embeddable":true,"href":"https:\/\/mouldking.store\/vi\/wp-json\/wp\/v2\/product_cat?post=61856"},{"taxonomy":"product_tag","embeddable":true,"href":"https:\/\/mouldking.store\/vi\/wp-json\/wp\/v2\/product_tag?post=61856"}],"curies":[{"name":"wp","href":"https:\/\/api.w.org\/{rel}","templated":true}]}}