{"id":61910,"date":"2024-11-01T17:35:53","date_gmt":"2024-11-01T10:35:53","guid":{"rendered":"https:\/\/mouldking.store\/shop\/moc-factory-163848-battletech-warhammer-with-1310-pieces\/"},"modified":"2025-12-16T20:58:55","modified_gmt":"2025-12-16T13:58:55","slug":"moc-factory-163848-battletech-warhammer-with-1310-pieces","status":"publish","type":"product","link":"https:\/\/mouldking.store\/vi\/shop\/moc-factory-163848-battletech-warhammer-with-1310-pieces\/","title":{"rendered":"MOC Factory 163848 BattleTech Warhammer v\u1edbi 1310 m\u1ea3nh gh\u00e9p"},"content":{"rendered":"<div>&nbsp; \u2705 MOC-163848 BattleTech Warhammer<\/p>\n<p>\u2705 C\u00e1c <strong>B\u00faa chi\u1ebfn<\/strong> is a classic and iconic BattleMech in the <strong>BattleTech<\/strong> universe, a franchise that spans tabletop games, novels, video games, and other media. Originally designed for the Star League Defense Force and introduced in 2515, the Warhammer is a 70-ton heavy &#8216;Mech designed for both direct combat and long-range fire support. With its striking design, which includes two large arms with particle projector cannons (PPCs), the Warhammer is a symbol of raw power and a mainstay of countless battles across the Inner Sphere.&nbsp;<\/p>\n<p>\ud83d\udeab QUAN TR\u1eccNG!<\/p>\n<p>Product Name:&nbsp; BattleTech Warhammer&nbsp;<\/p>\n<p>Th\u1ec3 lo\u1ea1i: Phim<\/p>\n<p>This Kit Contains:&nbsp; C10094&nbsp;<\/p>\n<p>1310 pcs Good Quality Bricks<\/p>\n<p>Size:&nbsp; 11.5 x 8 x 9 cm&nbsp;<\/p>\n<p>C\u00e2n n\u1eb7ng: 0,58kg&nbsp;<\/p>\n<p>H\u01b0\u1edbng d\u1eabn PDF<\/p>\n<p>\ud83d\udcccB\u1ea3n ch\u1ea5t c\u1ee7a nh\u00e2n v\u1eadt ch\u00ednh<\/p>\n<p>Introducing our proud collection named \u201c BattleTech Warhammer\u201d you should not miss.<\/p>\n<p>&nbsp; In terms of design, the Warhammer has a rugged, practical appearance, with a boxy torso and two large, cannon-like arms. Its silhouette is instantly recognizable to BattleTech fans, and its no-nonsense aesthetic reflects its role as a workhorse in the BattleMech arsenal. The Warhammer\u2019s armor is respectable but not exceptional, making it slightly vulnerable in prolonged engagements, particularly if it overheats from prolonged use of its PPCs. Nevertheless, its design balances firepower with mobility, allowing it to serve as both a frontline attacker and a fire-support platform.&nbsp;<\/p><\/div>","protected":false},"excerpt":{"rendered":"<p>Th\u01b0\u01a1ng hi\u1ec7u: Nh\u00e0 m\u00e1y M\u1ed8C<br \/>\nGi\u1edbi t\u00ednh: Unisex<br \/>\n\u0110\u1ed9 tu\u1ed5i: &gt; 6 tu\u1ed5i<br \/>\nModel Number: 163848<br \/>\nPh\u00e2n lo\u1ea1i: T\u1eadp h\u1ee3p<br \/>\nH\u00ecnh d\u1ea1ng kh\u1ed1i nh\u1ef1a: G\u1ea1ch t\u1ef1 kh\u00f3a<br \/>\nCh\u1ea5t li\u1ec7u: Nh\u1ef1a<br \/>\nLo\u1ea1i nh\u1ef1a: ABS<br \/>\nBricks Blocks: 1310 +<br \/>\nKh\u00f4ng c\u00f3 h\u1ed9p ban \u0111\u1ea7u<br \/>\nS\u1ea3n ph\u1ea9m kh\u00f4ng bao g\u1ed3m STICKER v\u00e0 IN IN. T\u1ea5t c\u1ea3 c\u00e1c b\u1ed9 ph\u1eadn \u0111\u00e3 in s\u1ebd \u0111\u01b0\u1ee3c thay th\u1ebf b\u1eb1ng c\u00e1c b\u1ed9 ph\u1eadn ti\u00eau chu\u1ea9n v\u00e0 kh\u00f4ng \u0103n nh\u1eadp v\u1edbi c\u00e1c ph\u1ee5 ki\u1ec7n c\u1ee7a b\u00ean th\u1ee9 3.<\/p>","protected":false},"featured_media":61909,"comment_status":"open","ping_status":"closed","template":"","meta":{"_acf_changed":false},"product_cat":[1365,11927,371,581,1408],"product_tag":[12488,11072,8452,434,590,11824],"class_list":["product","first","instock","shipping-taxable","purchasable","product-type-simple"],"acf":[],"_links":{"self":[{"href":"https:\/\/mouldking.store\/vi\/wp-json\/wp\/v2\/product\/61910","targetHints":{"allow":["GET"]}}],"collection":[{"href":"https:\/\/mouldking.store\/vi\/wp-json\/wp\/v2\/product"}],"about":[{"href":"https:\/\/mouldking.store\/vi\/wp-json\/wp\/v2\/types\/product"}],"replies":[{"embeddable":true,"href":"https:\/\/mouldking.store\/vi\/wp-json\/wp\/v2\/comments?post=61910"}],"wp:featuredmedia":[{"embeddable":true,"href":"https:\/\/mouldking.store\/vi\/wp-json\/wp\/v2\/media\/61909"}],"wp:attachment":[{"href":"https:\/\/mouldking.store\/vi\/wp-json\/wp\/v2\/media?parent=61910"}],"wp:term":[{"taxonomy":"product_cat","embeddable":true,"href":"https:\/\/mouldking.store\/vi\/wp-json\/wp\/v2\/product_cat?post=61910"},{"taxonomy":"product_tag","embeddable":true,"href":"https:\/\/mouldking.store\/vi\/wp-json\/wp\/v2\/product_tag?post=61910"}],"curies":[{"name":"wp","href":"https:\/\/api.w.org\/{rel}","templated":true}]}}