{"id":61920,"date":"2024-11-01T17:36:29","date_gmt":"2024-11-01T10:36:29","guid":{"rendered":"https:\/\/mouldking.store\/shop\/moc-factory-89058-chucky-and-tiffany-bride-with-816-pieces\/"},"modified":"2025-12-16T20:58:55","modified_gmt":"2025-12-16T13:58:55","slug":"moc-factory-89058-chucky-and-tiffany-bride-with-816-pieces","status":"publish","type":"product","link":"https:\/\/mouldking.store\/vi\/shop\/moc-factory-89058-chucky-and-tiffany-bride-with-816-pieces\/","title":{"rendered":"Nh\u00e0 m\u00e1y MOC 89058 Chucky v\u00e0 c\u00f4 d\u00e2u Tiffany v\u1edbi 816 m\u1ea3nh gh\u00e9p"},"content":{"rendered":"<div>&nbsp; \u2705 MOC-89058 Chucky and Tiffany Bride<\/p>\n<p>\u2705 <strong>Chucky and Tiffany<\/strong> are iconic horror characters from the <em>Child\u2019s Play<\/em> film series, particularly featured together in the 1998 movie <strong>Bride of Chucky<\/strong>. Chucky, originally known as Charles Lee Ray, is a notorious serial killer whose soul is trapped in a Good Guy doll, giving him the appearance of a children\u2019s toy with a sinister, murderous personality. Tiffany Valentine, his equally twisted and passionate partner, shares Chucky\u2019s love for chaos and violence, bringing a darkly romantic element to the franchise.<\/p>\n<p>\ud83d\udeab QUAN TR\u1eccNG!<\/p>\n<p>Product Name:&nbsp; Chucky and Tiffany Bride<\/p>\n<p>Th\u1ec3 lo\u1ea1i: Phim<\/p>\n<p>This Kit Contains:&nbsp; C10148<\/p>\n<p>816 pcs Good Quality Bricks<\/p>\n<p>Size:&nbsp; 7.9 x 12.5 x 17 cm<\/p>\n<p>C\u00e2n n\u1eb7ng: 0,42kg<\/p>\n<p>H\u01b0\u1edbng d\u1eabn PDF<\/p>\n<p>\ud83d\udcccB\u1ea3n ch\u1ea5t c\u1ee7a nh\u00e2n v\u1eadt ch\u00ednh<\/p>\n<p>Introducing our proud collection named \u201c Chucky and Tiffany Bride \u201d you should not miss.<\/p>\n<p>&nbsp; In <strong>Bride of Chucky<\/strong>, Tiffany revives Chucky by performing a voodoo ritual, but things take a twist when Chucky, after an argument, kills Tiffany and transfers her soul into a bridal doll. This transformation makes them a deadly duo as they embark on a mission filled with mayhem, humor, and horror. Tiffany is characterized by her distinct look: platinum blonde hair, a leather jacket, heavy makeup, and a wedding dress. Together, they present a unique blend of horror and dark comedy, balancing gruesome acts with moments of twisted affection.&nbsp;<\/div>","protected":false},"excerpt":{"rendered":"<p>Th\u01b0\u01a1ng hi\u1ec7u: Nh\u00e0 m\u00e1y M\u1ed8C<br \/>\nGi\u1edbi t\u00ednh: Unisex<br \/>\n\u0110\u1ed9 tu\u1ed5i: &gt; 6 tu\u1ed5i<br \/>\nModel Number: 89058<br \/>\nPh\u00e2n lo\u1ea1i: T\u1eadp h\u1ee3p<br \/>\nH\u00ecnh d\u1ea1ng kh\u1ed1i nh\u1ef1a: G\u1ea1ch t\u1ef1 kh\u00f3a<br \/>\nCh\u1ea5t li\u1ec7u: Nh\u1ef1a<br \/>\nLo\u1ea1i nh\u1ef1a: ABS<br \/>\nBricks Blocks: 816 +<br \/>\nKh\u00f4ng c\u00f3 h\u1ed9p ban \u0111\u1ea7u<br \/>\nS\u1ea3n ph\u1ea9m kh\u00f4ng bao g\u1ed3m STICKER v\u00e0 IN IN. T\u1ea5t c\u1ea3 c\u00e1c b\u1ed9 ph\u1eadn \u0111\u00e3 in s\u1ebd \u0111\u01b0\u1ee3c thay th\u1ebf b\u1eb1ng c\u00e1c b\u1ed9 ph\u1eadn ti\u00eau chu\u1ea9n v\u00e0 kh\u00f4ng \u0103n nh\u1eadp v\u1edbi c\u00e1c ph\u1ee5 ki\u1ec7n c\u1ee7a b\u00ean th\u1ee9 3.<\/p>","protected":false},"featured_media":61919,"comment_status":"open","ping_status":"closed","template":"","meta":{"_acf_changed":false},"product_cat":[1365,371,581,1408],"product_tag":[11114,12373,11072,8452,434,13690],"class_list":["product","first","instock","shipping-taxable","purchasable","product-type-simple"],"acf":[],"_links":{"self":[{"href":"https:\/\/mouldking.store\/vi\/wp-json\/wp\/v2\/product\/61920","targetHints":{"allow":["GET"]}}],"collection":[{"href":"https:\/\/mouldking.store\/vi\/wp-json\/wp\/v2\/product"}],"about":[{"href":"https:\/\/mouldking.store\/vi\/wp-json\/wp\/v2\/types\/product"}],"replies":[{"embeddable":true,"href":"https:\/\/mouldking.store\/vi\/wp-json\/wp\/v2\/comments?post=61920"}],"wp:featuredmedia":[{"embeddable":true,"href":"https:\/\/mouldking.store\/vi\/wp-json\/wp\/v2\/media\/61919"}],"wp:attachment":[{"href":"https:\/\/mouldking.store\/vi\/wp-json\/wp\/v2\/media?parent=61920"}],"wp:term":[{"taxonomy":"product_cat","embeddable":true,"href":"https:\/\/mouldking.store\/vi\/wp-json\/wp\/v2\/product_cat?post=61920"},{"taxonomy":"product_tag","embeddable":true,"href":"https:\/\/mouldking.store\/vi\/wp-json\/wp\/v2\/product_tag?post=61920"}],"curies":[{"name":"wp","href":"https:\/\/api.w.org\/{rel}","templated":true}]}}