{"id":61924,"date":"2024-11-01T17:36:32","date_gmt":"2024-11-01T10:36:32","guid":{"rendered":"https:\/\/mouldking.store\/shop\/moc-factory-89059-avatar-the-last-airbender-momo-with-400-pieces\/"},"modified":"2025-12-16T20:58:55","modified_gmt":"2025-12-16T13:58:55","slug":"moc-factory-89059-avatar-the-last-airbender-momo-with-400-pieces","status":"publish","type":"product","link":"https:\/\/mouldking.store\/vi\/shop\/moc-factory-89059-avatar-the-last-airbender-momo-with-400-pieces\/","title":{"rendered":"MOC Factory 89059 Avatar The Last Airbender MOMO v\u1edbi 400 m\u1ea3nh gh\u00e9p"},"content":{"rendered":"<div>&nbsp; \u2705 MOC-89059 Avatar The Last Airbender MOMO<\/p>\n<p>\u2705 <strong>Momo<\/strong> is a beloved creature companion in the animated series <strong>Avatar: The Last Airbender<\/strong>. Discovered by Aang and his friends early in their journey, Momo is a <strong>flying lemur<\/strong>, also called a winged lemur, an exotic species native to the Southern Air Temple. Momo becomes an integral part of Team Avatar, accompanying Aang, Katara, Sokka, and later Toph on their travels across the world as they seek to restore peace and balance.&nbsp;<\/p>\n<p>\ud83d\udeab QUAN TR\u1eccNG!<\/p>\n<p>Product Name:&nbsp; Avatar The Last Airbender MOMO&nbsp;<\/p>\n<p>Th\u1ec3 lo\u1ea1i: Phim<\/p>\n<p>This Kit Contains:&nbsp; C10141&nbsp;<\/p>\n<p>400 pcs Good Quality Bricks<\/p>\n<p>Size:&nbsp; 22.2 x 16.4 x 23.4 cm&nbsp;<\/p>\n<p>H\u01b0\u1edbng d\u1eabn PDF<\/p>\n<p>\ud83d\udcccB\u1ea3n ch\u1ea5t c\u1ee7a nh\u00e2n v\u1eadt ch\u00ednh<\/p>\n<p>Introducing our proud collection named \u201c Avatar The Last Airbender MOMO \u201d you should not miss.<\/p>\n<p>&nbsp; Momo\u2019s appearance is distinct, with large, expressive green eyes, big ears, and a bushy tail, giving him a mix of endearing and slightly mischievous features. He can glide through the air with the help of his wing-like appendages, adding a playful and agile quality to his character. Momo frequently brings humor to the group, often seen chasing after food, getting into amusing situations, and occasionally helping the team in unexpected ways. His curious and mischievous personality provides a lighthearted contrast to the series&#8217; more intense moments.&nbsp;<\/p><\/div>","protected":false},"excerpt":{"rendered":"<p>Th\u01b0\u01a1ng hi\u1ec7u: Nh\u00e0 m\u00e1y M\u1ed8C<br \/>\nGi\u1edbi t\u00ednh: Unisex<br \/>\n\u0110\u1ed9 tu\u1ed5i: &gt; 6 tu\u1ed5i<br \/>\nModel Number: 89059<br \/>\nPh\u00e2n lo\u1ea1i: T\u1eadp h\u1ee3p<br \/>\nH\u00ecnh d\u1ea1ng kh\u1ed1i nh\u1ef1a: G\u1ea1ch t\u1ef1 kh\u00f3a<br \/>\nCh\u1ea5t li\u1ec7u: Nh\u1ef1a<br \/>\nLo\u1ea1i nh\u1ef1a: ABS<br \/>\nBricks Blocks: 400 +<br \/>\nKh\u00f4ng c\u00f3 h\u1ed9p ban \u0111\u1ea7u<br \/>\nS\u1ea3n ph\u1ea9m kh\u00f4ng bao g\u1ed3m STICKER v\u00e0 IN IN. T\u1ea5t c\u1ea3 c\u00e1c b\u1ed9 ph\u1eadn \u0111\u00e3 in s\u1ebd \u0111\u01b0\u1ee3c thay th\u1ebf b\u1eb1ng c\u00e1c b\u1ed9 ph\u1eadn ti\u00eau chu\u1ea9n v\u00e0 kh\u00f4ng \u0103n nh\u1eadp v\u1edbi c\u00e1c ph\u1ee5 ki\u1ec7n c\u1ee7a b\u00ean th\u1ee9 3.<\/p>","protected":false},"featured_media":61923,"comment_status":"open","ping_status":"closed","template":"","meta":{"_acf_changed":false},"product_cat":[1365,371,581,1408],"product_tag":[13316,2913,11072,11775,8452,3504,434],"class_list":["product","first","instock","shipping-taxable","purchasable","product-type-simple"],"acf":[],"_links":{"self":[{"href":"https:\/\/mouldking.store\/vi\/wp-json\/wp\/v2\/product\/61924","targetHints":{"allow":["GET"]}}],"collection":[{"href":"https:\/\/mouldking.store\/vi\/wp-json\/wp\/v2\/product"}],"about":[{"href":"https:\/\/mouldking.store\/vi\/wp-json\/wp\/v2\/types\/product"}],"replies":[{"embeddable":true,"href":"https:\/\/mouldking.store\/vi\/wp-json\/wp\/v2\/comments?post=61924"}],"wp:featuredmedia":[{"embeddable":true,"href":"https:\/\/mouldking.store\/vi\/wp-json\/wp\/v2\/media\/61923"}],"wp:attachment":[{"href":"https:\/\/mouldking.store\/vi\/wp-json\/wp\/v2\/media?parent=61924"}],"wp:term":[{"taxonomy":"product_cat","embeddable":true,"href":"https:\/\/mouldking.store\/vi\/wp-json\/wp\/v2\/product_cat?post=61924"},{"taxonomy":"product_tag","embeddable":true,"href":"https:\/\/mouldking.store\/vi\/wp-json\/wp\/v2\/product_tag?post=61924"}],"curies":[{"name":"wp","href":"https:\/\/api.w.org\/{rel}","templated":true}]}}