{"id":61942,"date":"2024-11-01T17:36:56","date_gmt":"2024-11-01T10:36:56","guid":{"rendered":"https:\/\/mouldking.store\/shop\/moc-factory-89057-yo-gabba-gabba-brobee-plex-toodee-foofa-muno-with-636-pieces\/"},"modified":"2025-12-16T20:58:55","modified_gmt":"2025-12-16T13:58:55","slug":"moc-factory-89057-yo-gabba-gabba-brobee-plex-toodee-foofa-muno-with-636-pieces","status":"publish","type":"product","link":"https:\/\/mouldking.store\/vi\/shop\/moc-factory-89057-yo-gabba-gabba-brobee-plex-toodee-foofa-muno-with-636-pieces\/","title":{"rendered":"Nh\u00e0 m\u00e1y MOC 89057 Yo Gabba Gabba Brobee Plex Toodee Foofa Muno v\u1edbi 636 m\u1ea3nh gh\u00e9p"},"content":{"rendered":"<div>&nbsp; \u2705 MOC-89057 Yo Gabba Gabba Brobee Plex Toodee Foofa Muno<\/p>\n<p>\u2705 <strong>Yo Gabba Gabba!<\/strong> is a vibrant children\u2019s television show that combines music, dance, and educational content in a whimsical, colorful world. Created by Christian Jacobs and Scott Schultz, the show features a cast of unique and quirky characters who teach kids valuable lessons on friendship, emotions, and healthy habits through catchy songs and fun dance routines.<\/p>\n<p>\ud83d\udeab QUAN TR\u1eccNG!<\/p>\n<p>Product Name:&nbsp; Yo Gabba Gabba Brobee Plex Toodee Foofa Muno<\/p>\n<p>Th\u1ec3 lo\u1ea1i: Phim<\/p>\n<p>This Kit Contains:&nbsp; C10170<\/p>\n<p>636 pcs Good Quality Bricks<\/p>\n<p>Size:&nbsp; 4.8 x 10.2 x 15.5 cm<\/p>\n<p>Weight: 0.38 kg<\/p>\n<p>H\u01b0\u1edbng d\u1eabn PDF<\/p>\n<p>\ud83d\udcccB\u1ea3n ch\u1ea5t c\u1ee7a nh\u00e2n v\u1eadt ch\u00ednh<\/p>\n<p>Introducing our proud collection named \u201c Yo Gabba Gabba Brobee Plex Toodee Foofa Muno \u201d you should not miss.<\/p>\n<p>&nbsp; <strong>Brobee<\/strong> \u2013 Known as &#8220;the little green one,&#8221; Brobee is small, green, and fuzzy with big eyes and a shy, childlike personality. He often feels uncertain and learns about emotions and confidence along the way.&nbsp; <strong>Plex<\/strong> \u2013 Plex is the friendly yellow robot who acts as a guide for the characters, helping to explain concepts and sometimes providing solutions to problems. Plex is the most knowledgeable of the group and often helps mediate conflicts.&nbsp; <strong>Toodee<\/strong> \u2013 Toodee is a blue cat-dragon character who is full of energy, adventurous, and sometimes mischievous. Her personality is both curious and enthusiastic, often leading her on playful explorations.&nbsp; <strong>Foofa<\/strong> \u2013 Foofa is a pink, flower-bubble-like character who is gentle, sweet, and loves everything cute and beautiful. She brings a caring, calm presence to the group and often encourages kindness.&nbsp; <strong>Muno<\/strong> \u2013 Muno is a tall, red, one-eyed character with a friendly personality and a slight clumsiness that makes him endearing. He often learns about personal space and self-awareness.&nbsp;<\/div>","protected":false},"excerpt":{"rendered":"<p>Th\u01b0\u01a1ng hi\u1ec7u: Nh\u00e0 m\u00e1y M\u1ed8C<br \/>\nGi\u1edbi t\u00ednh: Unisex<br \/>\n\u0110\u1ed9 tu\u1ed5i: &gt; 6 tu\u1ed5i<br \/>\nModel Number: 89057<br \/>\nPh\u00e2n lo\u1ea1i: T\u1eadp h\u1ee3p<br \/>\nH\u00ecnh d\u1ea1ng kh\u1ed1i nh\u1ef1a: G\u1ea1ch t\u1ef1 kh\u00f3a<br \/>\nCh\u1ea5t li\u1ec7u: Nh\u1ef1a<br \/>\nLo\u1ea1i nh\u1ef1a: ABS<br \/>\nBricks Blocks: 636 +<br \/>\nKh\u00f4ng c\u00f3 h\u1ed9p ban \u0111\u1ea7u<br \/>\nS\u1ea3n ph\u1ea9m kh\u00f4ng bao g\u1ed3m STICKER v\u00e0 IN IN. T\u1ea5t c\u1ea3 c\u00e1c b\u1ed9 ph\u1eadn \u0111\u00e3 in s\u1ebd \u0111\u01b0\u1ee3c thay th\u1ebf b\u1eb1ng c\u00e1c b\u1ed9 ph\u1eadn ti\u00eau chu\u1ea9n v\u00e0 kh\u00f4ng \u0103n nh\u1eadp v\u1edbi c\u00e1c ph\u1ee5 ki\u1ec7n c\u1ee7a b\u00ean th\u1ee9 3.<\/p>","protected":false},"featured_media":61941,"comment_status":"open","ping_status":"closed","template":"","meta":{"_acf_changed":false},"product_cat":[1365,371,581,1408],"product_tag":[13692,11072,11775,8452,13695,13691,434,13696,13693,13694],"class_list":["product","first","instock","shipping-taxable","purchasable","product-type-simple"],"acf":[],"_links":{"self":[{"href":"https:\/\/mouldking.store\/vi\/wp-json\/wp\/v2\/product\/61942","targetHints":{"allow":["GET"]}}],"collection":[{"href":"https:\/\/mouldking.store\/vi\/wp-json\/wp\/v2\/product"}],"about":[{"href":"https:\/\/mouldking.store\/vi\/wp-json\/wp\/v2\/types\/product"}],"replies":[{"embeddable":true,"href":"https:\/\/mouldking.store\/vi\/wp-json\/wp\/v2\/comments?post=61942"}],"wp:featuredmedia":[{"embeddable":true,"href":"https:\/\/mouldking.store\/vi\/wp-json\/wp\/v2\/media\/61941"}],"wp:attachment":[{"href":"https:\/\/mouldking.store\/vi\/wp-json\/wp\/v2\/media?parent=61942"}],"wp:term":[{"taxonomy":"product_cat","embeddable":true,"href":"https:\/\/mouldking.store\/vi\/wp-json\/wp\/v2\/product_cat?post=61942"},{"taxonomy":"product_tag","embeddable":true,"href":"https:\/\/mouldking.store\/vi\/wp-json\/wp\/v2\/product_tag?post=61942"}],"curies":[{"name":"wp","href":"https:\/\/api.w.org\/{rel}","templated":true}]}}