{"id":61952,"date":"2024-11-01T17:37:22","date_gmt":"2024-11-01T10:37:22","guid":{"rendered":"https:\/\/mouldking.store\/shop\/moc-factory-89056-mecha-hermit-crab-with-898-pieces\/"},"modified":"2025-12-16T20:58:55","modified_gmt":"2025-12-16T13:58:55","slug":"moc-factory-89056-mecha-hermit-crab-with-898-pieces","status":"publish","type":"product","link":"https:\/\/mouldking.store\/vi\/shop\/moc-factory-89056-mecha-hermit-crab-with-898-pieces\/","title":{"rendered":"MOC Factory 89056 Mecha Hermit Crab v\u1edbi 898 m\u1ea3nh gh\u00e9p"},"content":{"rendered":"<div>&nbsp; \u2705 MOC-89056 Mecha Hermit Crab<\/p>\n<p>\u2705 M\u1ed9t <strong>Mecha Hermit Crab<\/strong> is a fascinating concept that combines the natural traits of a hermit crab with the aesthetic and functionality of a mechanized, robotic creature. Imagining this creature involves envisioning the adaptable and resilient qualities of a hermit crab\u2014known for using abandoned shells or objects for protection\u2014augmented by advanced technology and robotics.<\/p>\n<p>\ud83d\udeab QUAN TR\u1eccNG!<\/p>\n<p>Name:&nbsp; Mecha Hermit Crab<\/p>\n<p>Th\u1ec3 lo\u1ea1i: Phim<\/p>\n<p>This Kit Contains:&nbsp; C10171<\/p>\n<p>898&nbsp; pcs Good Quality Bricks<\/p>\n<p>Size:&nbsp; 23 x 20 x 20 cm<\/p>\n<p>Weight: 0.41 kg<\/p>\n<p>H\u01b0\u1edbng d\u1eabn PDF<\/p>\n<p>\ud83d\udcccB\u1ea3n ch\u1ea5t c\u1ee7a nh\u00e2n v\u1eadt ch\u00ednh<\/p>\n<p>Introducing our proud collection named \u201c Mecha Hermit Crab \u201d you should not miss.<\/p>\n<p>&nbsp; The <strong>Mecha Hermit Crab<\/strong> could have a metallic exoskeleton with articulated legs and a high degree of mobility, allowing it to traverse diverse terrains with ease. Instead of a traditional shell, this robotic version might carry a fortified metal structure on its back, perhaps resembling a mechanical bunker or pod, equipped with various attachments or compartments. In a sci-fi or futuristic setting, this shell could serve different functions, such as storing energy, housing weaponry, or even allowing the Mecha Hermit Crab to detach and swap &#8220;shells&#8221; for different tasks\u2014like a mobile, customizable workstation.&nbsp;<\/div>","protected":false},"excerpt":{"rendered":"<p>Th\u01b0\u01a1ng hi\u1ec7u: Nh\u00e0 m\u00e1y M\u1ed8C<br \/>\nGi\u1edbi t\u00ednh: Unisex<br \/>\n\u0110\u1ed9 tu\u1ed5i: &gt; 6 tu\u1ed5i<br \/>\nModel Number: 89056<br \/>\nPh\u00e2n lo\u1ea1i: T\u1eadp h\u1ee3p<br \/>\nH\u00ecnh d\u1ea1ng kh\u1ed1i nh\u1ef1a: G\u1ea1ch t\u1ef1 kh\u00f3a<br \/>\nCh\u1ea5t li\u1ec7u: Nh\u1ef1a<br \/>\nLo\u1ea1i nh\u1ef1a: ABS<br \/>\nBricks Blocks: 898 +<br \/>\nKh\u00f4ng c\u00f3 h\u1ed9p ban \u0111\u1ea7u<br \/>\nS\u1ea3n ph\u1ea9m kh\u00f4ng bao g\u1ed3m STICKER v\u00e0 IN IN. T\u1ea5t c\u1ea3 c\u00e1c b\u1ed9 ph\u1eadn \u0111\u00e3 in s\u1ebd \u0111\u01b0\u1ee3c thay th\u1ebf b\u1eb1ng c\u00e1c b\u1ed9 ph\u1eadn ti\u00eau chu\u1ea9n v\u00e0 kh\u00f4ng \u0103n nh\u1eadp v\u1edbi c\u00e1c ph\u1ee5 ki\u1ec7n c\u1ee7a b\u00ean th\u1ee9 3.<\/p>","protected":false},"featured_media":61951,"comment_status":"open","ping_status":"closed","template":"","meta":{"_acf_changed":false},"product_cat":[1365,371,581,1408],"product_tag":[6825,11072,11775,8452,13697,9302,434],"class_list":["product","first","instock","shipping-taxable","purchasable","product-type-simple"],"acf":[],"_links":{"self":[{"href":"https:\/\/mouldking.store\/vi\/wp-json\/wp\/v2\/product\/61952","targetHints":{"allow":["GET"]}}],"collection":[{"href":"https:\/\/mouldking.store\/vi\/wp-json\/wp\/v2\/product"}],"about":[{"href":"https:\/\/mouldking.store\/vi\/wp-json\/wp\/v2\/types\/product"}],"replies":[{"embeddable":true,"href":"https:\/\/mouldking.store\/vi\/wp-json\/wp\/v2\/comments?post=61952"}],"wp:featuredmedia":[{"embeddable":true,"href":"https:\/\/mouldking.store\/vi\/wp-json\/wp\/v2\/media\/61951"}],"wp:attachment":[{"href":"https:\/\/mouldking.store\/vi\/wp-json\/wp\/v2\/media?parent=61952"}],"wp:term":[{"taxonomy":"product_cat","embeddable":true,"href":"https:\/\/mouldking.store\/vi\/wp-json\/wp\/v2\/product_cat?post=61952"},{"taxonomy":"product_tag","embeddable":true,"href":"https:\/\/mouldking.store\/vi\/wp-json\/wp\/v2\/product_tag?post=61952"}],"curies":[{"name":"wp","href":"https:\/\/api.w.org\/{rel}","templated":true}]}}