{"id":61959,"date":"2024-11-01T17:37:44","date_gmt":"2024-11-01T10:37:44","guid":{"rendered":"https:\/\/mouldking.store\/shop\/moc-factory-131451-knight-rider-kitt-with-829-pieces\/"},"modified":"2025-12-16T20:58:55","modified_gmt":"2025-12-16T13:58:55","slug":"moc-factory-131451-knight-rider-kitt-with-829-pieces","status":"publish","type":"product","link":"https:\/\/mouldking.store\/vi\/shop\/moc-factory-131451-knight-rider-kitt-with-829-pieces\/","title":{"rendered":"Nh\u00e0 m\u00e1y MOC 131451 Knight Rider KITT v\u1edbi 829 m\u1ea3nh gh\u00e9p"},"content":{"rendered":"<div>&nbsp; \u2705 MOC-131451 Knight Rider KITT<\/p>\n<p>\u2705 <strong>KITT<\/strong> (Knight Industries Two Thousand) is the iconic, artificially intelligent car from the classic 1980s television series <strong>Knight Rider<\/strong>. Driven by Michael Knight, played by David Hasselhoff, KITT is much more than just a car; it\u2019s an advanced AI-equipped vehicle with personality, wit, and a deep loyalty to its driver. Together, they fight crime on behalf of the Foundation for Law and Government (FLAG), tackling cases where traditional law enforcement cannot.&nbsp;<\/p>\n<p>\ud83d\udeab QUAN TR\u1eccNG!<\/p>\n<p>Product Name:&nbsp; Knight Rider KITT&nbsp;<\/p>\n<p>Danh m\u1ee5c: K\u1ef9 thu\u1eadt<\/p>\n<p>This Kit Contains:&nbsp; C10173&nbsp;<\/p>\n<p>829 pcs Good Quality Bricks<\/p>\n<p>Size:&nbsp; 14 x 6.5 x 4 cm&nbsp;<\/p>\n<p>Weight: 0.82 kg&nbsp;<\/p>\n<p>H\u01b0\u1edbng d\u1eabn PDF<\/p>\n<p>\ud83d\udcccB\u1ea3n ch\u1ea5t c\u1ee7a nh\u00e2n v\u1eadt ch\u00ednh<\/p>\n<p>Introducing our proud collection named \u201c Knight Rider KITT \u201d you should not miss.<\/p>\n<p>&nbsp; KITT\u2019s design is sleek and futuristic, represented by a customized 1982 Pontiac Trans Am with a signature glossy black exterior and a red, sweeping LED scanner light on its front grill. This light, often pulsing when KITT \u201cthinks\u201d or speaks, has become a defining visual symbol of the character, evoking a sense of intelligence and alertness. The car is voice-activated and communicates with Michael in a polite, often humorous tone, with KITT\u2019s personality shining through its charming and sometimes sarcastic responses.&nbsp;<\/p><\/div>","protected":false},"excerpt":{"rendered":"<p>Th\u01b0\u01a1ng hi\u1ec7u: Nh\u00e0 m\u00e1y M\u1ed8C<br \/>\nGi\u1edbi t\u00ednh: Unisex<br \/>\n\u0110\u1ed9 tu\u1ed5i: &gt; 6 tu\u1ed5i<br \/>\nModel Number: 131451<br \/>\nPh\u00e2n lo\u1ea1i: T\u1eadp h\u1ee3p<br \/>\nH\u00ecnh d\u1ea1ng kh\u1ed1i nh\u1ef1a: G\u1ea1ch t\u1ef1 kh\u00f3a<br \/>\nCh\u1ea5t li\u1ec7u: Nh\u1ef1a<br \/>\nLo\u1ea1i nh\u1ef1a: ABS<br \/>\nBricks Blocks: 829 +<br \/>\nKh\u00f4ng c\u00f3 h\u1ed9p ban \u0111\u1ea7u<br \/>\nS\u1ea3n ph\u1ea9m kh\u00f4ng bao g\u1ed3m STICKER v\u00e0 IN IN. T\u1ea5t c\u1ea3 c\u00e1c b\u1ed9 ph\u1eadn \u0111\u00e3 in s\u1ebd \u0111\u01b0\u1ee3c thay th\u1ebf b\u1eb1ng c\u00e1c b\u1ed9 ph\u1eadn ti\u00eau chu\u1ea9n v\u00e0 kh\u00f4ng \u0103n nh\u1eadp v\u1edbi c\u00e1c ph\u1ee5 ki\u1ec7n c\u1ee7a b\u00ean th\u1ee9 3.<\/p>","protected":false},"featured_media":61958,"comment_status":"open","ping_status":"closed","template":"","meta":{"_acf_changed":false},"product_cat":[1357,364],"product_tag":[13698,13699,9331,13013,389,11080],"class_list":["product","first","instock","shipping-taxable","purchasable","product-type-simple"],"acf":[],"_links":{"self":[{"href":"https:\/\/mouldking.store\/vi\/wp-json\/wp\/v2\/product\/61959","targetHints":{"allow":["GET"]}}],"collection":[{"href":"https:\/\/mouldking.store\/vi\/wp-json\/wp\/v2\/product"}],"about":[{"href":"https:\/\/mouldking.store\/vi\/wp-json\/wp\/v2\/types\/product"}],"replies":[{"embeddable":true,"href":"https:\/\/mouldking.store\/vi\/wp-json\/wp\/v2\/comments?post=61959"}],"wp:featuredmedia":[{"embeddable":true,"href":"https:\/\/mouldking.store\/vi\/wp-json\/wp\/v2\/media\/61958"}],"wp:attachment":[{"href":"https:\/\/mouldking.store\/vi\/wp-json\/wp\/v2\/media?parent=61959"}],"wp:term":[{"taxonomy":"product_cat","embeddable":true,"href":"https:\/\/mouldking.store\/vi\/wp-json\/wp\/v2\/product_cat?post=61959"},{"taxonomy":"product_tag","embeddable":true,"href":"https:\/\/mouldking.store\/vi\/wp-json\/wp\/v2\/product_tag?post=61959"}],"curies":[{"name":"wp","href":"https:\/\/api.w.org\/{rel}","templated":true}]}}