{"id":61974,"date":"2024-11-01T17:38:26","date_gmt":"2024-11-01T10:38:26","guid":{"rendered":"https:\/\/mouldking.store\/shop\/moc-factory-182553-dune-ornithopter-display-stand-with-374-pieces\/"},"modified":"2025-12-16T20:58:55","modified_gmt":"2025-12-16T13:58:55","slug":"moc-factory-182553-dune-ornithopter-display-stand-with-374-pieces","status":"publish","type":"product","link":"https:\/\/mouldking.store\/vi\/shop\/moc-factory-182553-dune-ornithopter-display-stand-with-374-pieces\/","title":{"rendered":"Gi\u00e1 tr\u01b0ng b\u00e0y m\u00e1y bay tr\u1ef1c th\u0103ng MOC Factory 182553 Dune v\u1edbi 374 chi ti\u1ebft"},"content":{"rendered":"<div>&nbsp; \u2705 MOC-182553 Dune Ornithopter Display Stand<\/p>\n<p>\u2705 M\u1ed9t <strong>Dune Ornithopter Display Stand<\/strong> is designed to showcase the iconic <strong>Ornithopter<\/strong> from <em>Dune<\/em>, Frank Herbert&#8217;s legendary sci-fi series recently brought to life in Denis Villeneuve&#8217;s film adaptation. Ornithopters, or &#8220;thopters,&#8221; are aircraft used on the desert planet Arrakis, characterized by their unique insect-like wings that flap for lift and maneuverability, much like dragonflies.&nbsp;<\/p>\n<p>\ud83d\udeab QUAN TR\u1eccNG!<\/p>\n<p>Product Name:&nbsp; Dune Ornithopter Display Stand&nbsp;<\/p>\n<p>Th\u1ec3 lo\u1ea1i: Phim<\/p>\n<p>This Kit Contains:&nbsp; C10179&nbsp;<\/p>\n<p>374 pcs Good Quality Bricks<\/p>\n<p>Size:&nbsp; 29 x 15 x 8 cm&nbsp;<\/p>\n<p>Weight: 0.55 kg&nbsp;<\/p>\n<p>H\u01b0\u1edbng d\u1eabn PDF<\/p>\n<p>\ud83d\udcccB\u1ea3n ch\u1ea5t c\u1ee7a nh\u00e2n v\u1eadt ch\u00ednh<\/p>\n<p>Introducing our proud collection named \u201c Dune Ornithopter Display Stand \u201d you should not miss.<\/p>\n<p>&nbsp; A display stand for a Dune Ornithopter would ideally reflect both the rugged, functional aesthetic of the thopter and the expansive, harsh environment of Arrakis. The base could be textured to resemble the desert sands, with subtle, natural-looking details like ripples and dunes, capturing the essence of the planet&#8217;s landscape. The stand could also feature a sleek, metallic arm or frame that securely holds the model in mid-air, giving the impression of flight and allowing viewers to admire the thopter\u2019s intricate wing structure and angular, aerodynamic design.&nbsp;<\/p><\/div>","protected":false},"excerpt":{"rendered":"<p>Th\u01b0\u01a1ng hi\u1ec7u: Nh\u00e0 m\u00e1y M\u1ed8C<br \/>\nGi\u1edbi t\u00ednh: Unisex<br \/>\n\u0110\u1ed9 tu\u1ed5i: &gt; 6 tu\u1ed5i<br \/>\nModel Number: 182553<br \/>\nPh\u00e2n lo\u1ea1i: T\u1eadp h\u1ee3p<br \/>\nH\u00ecnh d\u1ea1ng kh\u1ed1i nh\u1ef1a: G\u1ea1ch t\u1ef1 kh\u00f3a<br \/>\nCh\u1ea5t li\u1ec7u: Nh\u1ef1a<br \/>\nLo\u1ea1i nh\u1ef1a: ABS<br \/>\nBricks Blocks: 374 +<br \/>\nKh\u00f4ng c\u00f3 h\u1ed9p ban \u0111\u1ea7u<br \/>\nS\u1ea3n ph\u1ea9m kh\u00f4ng bao g\u1ed3m STICKER v\u00e0 IN IN. T\u1ea5t c\u1ea3 c\u00e1c b\u1ed9 ph\u1eadn \u0111\u00e3 in s\u1ebd \u0111\u01b0\u1ee3c thay th\u1ebf b\u1eb1ng c\u00e1c b\u1ed9 ph\u1eadn ti\u00eau chu\u1ea9n v\u00e0 kh\u00f4ng \u0103n nh\u1eadp v\u1edbi c\u00e1c ph\u1ee5 ki\u1ec7n c\u1ee7a b\u00ean th\u1ee9 3.<\/p>","protected":false},"featured_media":61973,"comment_status":"open","ping_status":"closed","template":"","meta":{"_acf_changed":false},"product_cat":[1357,581,364,1408],"product_tag":[10665,13705,13704,434,13653,9946,389],"class_list":["product","first","instock","shipping-taxable","purchasable","product-type-simple"],"acf":[],"_links":{"self":[{"href":"https:\/\/mouldking.store\/vi\/wp-json\/wp\/v2\/product\/61974","targetHints":{"allow":["GET"]}}],"collection":[{"href":"https:\/\/mouldking.store\/vi\/wp-json\/wp\/v2\/product"}],"about":[{"href":"https:\/\/mouldking.store\/vi\/wp-json\/wp\/v2\/types\/product"}],"replies":[{"embeddable":true,"href":"https:\/\/mouldking.store\/vi\/wp-json\/wp\/v2\/comments?post=61974"}],"wp:featuredmedia":[{"embeddable":true,"href":"https:\/\/mouldking.store\/vi\/wp-json\/wp\/v2\/media\/61973"}],"wp:attachment":[{"href":"https:\/\/mouldking.store\/vi\/wp-json\/wp\/v2\/media?parent=61974"}],"wp:term":[{"taxonomy":"product_cat","embeddable":true,"href":"https:\/\/mouldking.store\/vi\/wp-json\/wp\/v2\/product_cat?post=61974"},{"taxonomy":"product_tag","embeddable":true,"href":"https:\/\/mouldking.store\/vi\/wp-json\/wp\/v2\/product_tag?post=61974"}],"curies":[{"name":"wp","href":"https:\/\/api.w.org\/{rel}","templated":true}]}}