{"id":62136,"date":"2024-11-11T16:37:40","date_gmt":"2024-11-11T09:37:40","guid":{"rendered":"https:\/\/mouldking.store\/shop\/moc-factory-89045-mighty-morphin-power-rangers-megazord-dragonzord-with-285-pieces\/"},"modified":"2025-12-16T20:58:54","modified_gmt":"2025-12-16T13:58:54","slug":"moc-factory-89045-mighty-morphin-power-rangers-megazord-dragonzord-with-285-pieces","status":"publish","type":"product","link":"https:\/\/mouldking.store\/vi\/shop\/moc-factory-89045-mighty-morphin-power-rangers-megazord-dragonzord-with-285-pieces\/","title":{"rendered":"MOC Factory 89045 Mighty Morphin Power Rangers Megazord Dragonzord with 285 Pieces"},"content":{"rendered":"<div>&nbsp; \u2705 MOC-89045 Mighty Morphin Power Rangers Megazord Dragonzord<\/p>\n<p>\u2705 C\u00e1c <strong>Mighty Morphin Power Rangers Megazord<\/strong> and <strong>Dragonzord<\/strong> are iconic components of the <em>Mighty Morphin Power Rangers<\/em> franchise, each with its own distinctive features and history in the show.<\/p>\n<p>\ud83d\udeab QUAN TR\u1eccNG!<\/p>\n<p>Product Name:&nbsp; Mighty Morphin Power Rangers Megazord Dragonzord<\/p>\n<p>Category: Game<\/p>\n<p>This Kit Contains:&nbsp; C10144<\/p>\n<p>285 pcs Good Quality Bricks<\/p>\n<p>Size:&nbsp; 7.3 x 11.8 x 13.6 cm<\/p>\n<p>Weight: 0.13 kg<\/p>\n<p>H\u01b0\u1edbng d\u1eabn PDF<\/p>\n<p>\ud83d\udcccB\u1ea3n ch\u1ea5t c\u1ee7a nh\u00e2n v\u1eadt ch\u00ednh<\/p>\n<p>Introducing our proud collection named \u201c Mighty Morphin Power Rangers Megazord Dragonzord \u201d you should not miss.<\/p>\n<p>&nbsp; The <strong>Megazord<\/strong> is the combination of the five <strong>Power Rangers\u2019 Zords<\/strong> (giant mechanical animals) into a single, powerful robot. This occurs after the Rangers summon their Zords and merge them into the Megazord, using teamwork and precision.&nbsp; The <strong>Dragonzord<\/strong> is another powerful Zord, typically piloted by <strong>Tommy Oliver<\/strong>, c\u00e1i <strong>Green Ranger<\/strong>, in the <em>Mighty Morphin Power Rangers<\/em> series.&nbsp;<\/div>","protected":false},"excerpt":{"rendered":"<p>Th\u01b0\u01a1ng hi\u1ec7u: Nh\u00e0 m\u00e1y M\u1ed8C<br \/>\nGi\u1edbi t\u00ednh: Unisex<br \/>\n\u0110\u1ed9 tu\u1ed5i: &gt; 6 tu\u1ed5i<br \/>\nModel Number: 89045<br \/>\nPh\u00e2n lo\u1ea1i: T\u1eadp h\u1ee3p<br \/>\nH\u00ecnh d\u1ea1ng kh\u1ed1i nh\u1ef1a: G\u1ea1ch t\u1ef1 kh\u00f3a<br \/>\nCh\u1ea5t li\u1ec7u: Nh\u1ef1a<br \/>\nLo\u1ea1i nh\u1ef1a: ABS<br \/>\nBricks Blocks: 285 +<br \/>\nKh\u00f4ng c\u00f3 h\u1ed9p ban \u0111\u1ea7u<br \/>\nS\u1ea3n ph\u1ea9m kh\u00f4ng bao g\u1ed3m STICKER v\u00e0 IN IN. T\u1ea5t c\u1ea3 c\u00e1c b\u1ed9 ph\u1eadn \u0111\u00e3 in s\u1ebd \u0111\u01b0\u1ee3c thay th\u1ebf b\u1eb1ng c\u00e1c b\u1ed9 ph\u1eadn ti\u00eau chu\u1ea9n v\u00e0 kh\u00f4ng \u0103n nh\u1eadp v\u1edbi c\u00e1c ph\u1ee5 ki\u1ec7n c\u1ee7a b\u00ean th\u1ee9 3.<\/p>","protected":false},"featured_media":62135,"comment_status":"open","ping_status":"closed","template":"","meta":{"_acf_changed":false},"product_cat":[1365,1769,371],"product_tag":[11072,8452,11800,9139,13729,11796,11797,7978,11798,590],"class_list":["product","first","instock","shipping-taxable","purchasable","product-type-simple"],"acf":[],"_links":{"self":[{"href":"https:\/\/mouldking.store\/vi\/wp-json\/wp\/v2\/product\/62136","targetHints":{"allow":["GET"]}}],"collection":[{"href":"https:\/\/mouldking.store\/vi\/wp-json\/wp\/v2\/product"}],"about":[{"href":"https:\/\/mouldking.store\/vi\/wp-json\/wp\/v2\/types\/product"}],"replies":[{"embeddable":true,"href":"https:\/\/mouldking.store\/vi\/wp-json\/wp\/v2\/comments?post=62136"}],"wp:featuredmedia":[{"embeddable":true,"href":"https:\/\/mouldking.store\/vi\/wp-json\/wp\/v2\/media\/62135"}],"wp:attachment":[{"href":"https:\/\/mouldking.store\/vi\/wp-json\/wp\/v2\/media?parent=62136"}],"wp:term":[{"taxonomy":"product_cat","embeddable":true,"href":"https:\/\/mouldking.store\/vi\/wp-json\/wp\/v2\/product_cat?post=62136"},{"taxonomy":"product_tag","embeddable":true,"href":"https:\/\/mouldking.store\/vi\/wp-json\/wp\/v2\/product_tag?post=62136"}],"curies":[{"name":"wp","href":"https:\/\/api.w.org\/{rel}","templated":true}]}}