{"id":62150,"date":"2024-11-11T16:38:07","date_gmt":"2024-11-11T09:38:07","guid":{"rendered":"https:\/\/mouldking.store\/shop\/moc-factory-89043-kinitopet-kinito-with-196-pieces\/"},"modified":"2025-12-16T20:58:54","modified_gmt":"2025-12-16T13:58:54","slug":"moc-factory-89043-kinitopet-kinito-with-196-pieces","status":"publish","type":"product","link":"https:\/\/mouldking.store\/vi\/shop\/moc-factory-89043-kinitopet-kinito-with-196-pieces\/","title":{"rendered":"MOC Factory 89043 KinitoPET Kinito with 196 Pieces"},"content":{"rendered":"<div>&nbsp; \u2705 MOC-89043 KinitoPET Kinito<\/p>\n<p>\u2705 KinitoPET is a virtual assistant game developed by Kinito Interactive. Initially designed to be a friendly and engaging desktop companion, KinitoPET offers a range of fun features, including interactive games, storytelling, and a customizable virtual friend that adapts to its user. The game is described as a digital friend that learns from real-world interactions, providing a fresh and unique experience each time you interact with it&nbsp;<\/p>\n<p>\ud83d\udeab QUAN TR\u1eccNG!<\/p>\n<p>Product Name:&nbsp; KinitoPET Kinito<\/p>\n<p>Category: Game<\/p>\n<p>This Kit Contains:&nbsp; C10180&nbsp;<\/p>\n<p>&nbsp;196 pcs Good Quality Bricks<\/p>\n<p>Size:&nbsp; 12.4 x 6.2 x 19.5 cm&nbsp;<\/p>\n<p>&nbsp;Weight: 0.16 kg&nbsp;<\/p>\n<p>H\u01b0\u1edbng d\u1eabn PDF<\/p>\n<p>\ud83d\udcccB\u1ea3n ch\u1ea5t c\u1ee7a nh\u00e2n v\u1eadt ch\u00ednh<\/p>\n<p>Introducing our proud collection named \u201c KinitoPET Kinito \u201d you should not miss.<\/p>\n<p>&nbsp; However, there&#8217;s a darker, more unsettling side to KinitoPET as well, particularly in its psychological horror game variant. This version of the game involves a creepy narrative where Kinito starts as a friendly assistant but gradually becomes more manipulative and disturbing. The player\u2019s interactions with Kinito blur the lines between the digital and the real, leading to a series of eerie events and decisions that influence the outcome of the game\u200b&nbsp;<\/p><\/div>","protected":false},"excerpt":{"rendered":"<p>Th\u01b0\u01a1ng hi\u1ec7u: Nh\u00e0 m\u00e1y M\u1ed8C<br \/>\nGi\u1edbi t\u00ednh: Unisex<br \/>\n\u0110\u1ed9 tu\u1ed5i: &gt; 6 tu\u1ed5i<br \/>\nModel Number: 89043<br \/>\nPh\u00e2n lo\u1ea1i: T\u1eadp h\u1ee3p<br \/>\nH\u00ecnh d\u1ea1ng kh\u1ed1i nh\u1ef1a: G\u1ea1ch t\u1ef1 kh\u00f3a<br \/>\nCh\u1ea5t li\u1ec7u: Nh\u1ef1a<br \/>\nLo\u1ea1i nh\u1ef1a: ABS<br \/>\nBricks Blocks: 196 +<br \/>\nKh\u00f4ng c\u00f3 h\u1ed9p ban \u0111\u1ea7u<br \/>\nS\u1ea3n ph\u1ea9m kh\u00f4ng bao g\u1ed3m STICKER v\u00e0 IN IN. T\u1ea5t c\u1ea3 c\u00e1c b\u1ed9 ph\u1eadn \u0111\u00e3 in s\u1ebd \u0111\u01b0\u1ee3c thay th\u1ebf b\u1eb1ng c\u00e1c b\u1ed9 ph\u1eadn ti\u00eau chu\u1ea9n v\u00e0 kh\u00f4ng \u0103n nh\u1eadp v\u1edbi c\u00e1c ph\u1ee5 ki\u1ec7n c\u1ee7a b\u00ean th\u1ee9 3.<\/p>","protected":false},"featured_media":62149,"comment_status":"open","ping_status":"closed","template":"","meta":{"_acf_changed":false},"product_cat":[1365,1769,371],"product_tag":[11110,11072,11775,8452,9139,13732,13731],"class_list":["product","first","instock","shipping-taxable","purchasable","product-type-simple"],"acf":[],"_links":{"self":[{"href":"https:\/\/mouldking.store\/vi\/wp-json\/wp\/v2\/product\/62150","targetHints":{"allow":["GET"]}}],"collection":[{"href":"https:\/\/mouldking.store\/vi\/wp-json\/wp\/v2\/product"}],"about":[{"href":"https:\/\/mouldking.store\/vi\/wp-json\/wp\/v2\/types\/product"}],"replies":[{"embeddable":true,"href":"https:\/\/mouldking.store\/vi\/wp-json\/wp\/v2\/comments?post=62150"}],"wp:featuredmedia":[{"embeddable":true,"href":"https:\/\/mouldking.store\/vi\/wp-json\/wp\/v2\/media\/62149"}],"wp:attachment":[{"href":"https:\/\/mouldking.store\/vi\/wp-json\/wp\/v2\/media?parent=62150"}],"wp:term":[{"taxonomy":"product_cat","embeddable":true,"href":"https:\/\/mouldking.store\/vi\/wp-json\/wp\/v2\/product_cat?post=62150"},{"taxonomy":"product_tag","embeddable":true,"href":"https:\/\/mouldking.store\/vi\/wp-json\/wp\/v2\/product_tag?post=62150"}],"curies":[{"name":"wp","href":"https:\/\/api.w.org\/{rel}","templated":true}]}}