{"id":62177,"date":"2024-11-11T16:44:31","date_gmt":"2024-11-11T09:44:31","guid":{"rendered":"https:\/\/mouldking.store\/shop\/moc-factory-89041-if-blue-with-401-pieces\/"},"modified":"2025-12-16T20:58:54","modified_gmt":"2025-12-16T13:58:54","slug":"moc-factory-89041-if-blue-with-401-pieces","status":"publish","type":"product","link":"https:\/\/mouldking.store\/vi\/shop\/moc-factory-89041-if-blue-with-401-pieces\/","title":{"rendered":"MOC Factory 89041 IF Blue with 401 Pieces"},"content":{"rendered":"<div>&nbsp; \u2705 MOC-89041 IF Blue<\/p>\n<p>\u2705 In <em>IF<\/em>, <strong>M\u00e0u xanh da tr\u1eddi<\/strong> is one of the primary imaginary friends (IFs) in the story. Voiced by Steve Carell, Blue is a large, purple, and somewhat goofy character. He&#8217;s described as a comforting figure with a deep emotional connection to his creator, as he is intended to provide warmth and affection. Blue\u2019s size is intended to give a sense of security and love, although he&#8217;s not particularly strong or intimidating\u2014his biggest trait is his ability to offer giant hugs, which symbolizes his nurturing role.&nbsp;<\/p>\n<p>\ud83d\udeab QUAN TR\u1eccNG!<\/p>\n<p>Product Name:&nbsp; IF Blue&nbsp;<\/p>\n<p>Category:&nbsp; Movie&nbsp;<\/p>\n<p>This Kit Contains:&nbsp; C10182&nbsp;<\/p>\n<p>401 pcs Good Quality Bricks<\/p>\n<p>Size:&nbsp; 11.7 x 6.9 x 12.3 cm&nbsp;<\/p>\n<p>Weight: 0.25 kg&nbsp;<\/p>\n<p>H\u01b0\u1edbng d\u1eabn PDF<\/p>\n<p>\ud83d\udcccB\u1ea3n ch\u1ea5t c\u1ee7a nh\u00e2n v\u1eadt ch\u00ednh<\/p>\n<p>Introducing our proud collection named \u201c&nbsp; IF Blue \u201d you should not miss.<\/p>\n<p>&nbsp; Interestingly, the character of Blue isn&#8217;t literally blue. This is because his creator was colorblind, so Blue is a different color from what one might expect. His role in the film involves helping the young girl navigate the emotional journey of reconnecting with the forgotten world of imaginary friends\u200b&nbsp;<\/p><\/div>","protected":false},"excerpt":{"rendered":"<p>Th\u01b0\u01a1ng hi\u1ec7u: Nh\u00e0 m\u00e1y M\u1ed8C<br \/>\nGi\u1edbi t\u00ednh: Unisex<br \/>\n\u0110\u1ed9 tu\u1ed5i: &gt; 6 tu\u1ed5i<br \/>\nModel Number: 89041<br \/>\nPh\u00e2n lo\u1ea1i: T\u1eadp h\u1ee3p<br \/>\nH\u00ecnh d\u1ea1ng kh\u1ed1i nh\u1ef1a: G\u1ea1ch t\u1ef1 kh\u00f3a<br \/>\nCh\u1ea5t li\u1ec7u: Nh\u1ef1a<br \/>\nLo\u1ea1i nh\u1ef1a: ABS<br \/>\nBricks Blocks: 401 +<br \/>\nKh\u00f4ng c\u00f3 h\u1ed9p ban \u0111\u1ea7u<br \/>\nS\u1ea3n ph\u1ea9m kh\u00f4ng bao g\u1ed3m STICKER v\u00e0 IN IN. T\u1ea5t c\u1ea3 c\u00e1c b\u1ed9 ph\u1eadn \u0111\u00e3 in s\u1ebd \u0111\u01b0\u1ee3c thay th\u1ebf b\u1eb1ng c\u00e1c b\u1ed9 ph\u1eadn ti\u00eau chu\u1ea9n v\u00e0 kh\u00f4ng \u0103n nh\u1eadp v\u1edbi c\u00e1c ph\u1ee5 ki\u1ec7n c\u1ee7a b\u00ean th\u1ee9 3.<\/p>","protected":false},"featured_media":62176,"comment_status":"open","ping_status":"closed","template":"","meta":{"_acf_changed":false},"product_cat":[1365,371,581,1408],"product_tag":[11110,10982,11072,11775,8452,434],"class_list":["product","first","instock","shipping-taxable","purchasable","product-type-simple"],"acf":[],"_links":{"self":[{"href":"https:\/\/mouldking.store\/vi\/wp-json\/wp\/v2\/product\/62177","targetHints":{"allow":["GET"]}}],"collection":[{"href":"https:\/\/mouldking.store\/vi\/wp-json\/wp\/v2\/product"}],"about":[{"href":"https:\/\/mouldking.store\/vi\/wp-json\/wp\/v2\/types\/product"}],"replies":[{"embeddable":true,"href":"https:\/\/mouldking.store\/vi\/wp-json\/wp\/v2\/comments?post=62177"}],"wp:featuredmedia":[{"embeddable":true,"href":"https:\/\/mouldking.store\/vi\/wp-json\/wp\/v2\/media\/62176"}],"wp:attachment":[{"href":"https:\/\/mouldking.store\/vi\/wp-json\/wp\/v2\/media?parent=62177"}],"wp:term":[{"taxonomy":"product_cat","embeddable":true,"href":"https:\/\/mouldking.store\/vi\/wp-json\/wp\/v2\/product_cat?post=62177"},{"taxonomy":"product_tag","embeddable":true,"href":"https:\/\/mouldking.store\/vi\/wp-json\/wp\/v2\/product_tag?post=62177"}],"curies":[{"name":"wp","href":"https:\/\/api.w.org\/{rel}","templated":true}]}}