{"id":62193,"date":"2024-11-14T17:57:32","date_gmt":"2024-11-14T10:57:32","guid":{"rendered":"https:\/\/mouldking.store\/shop\/moc-factory-116811-wings-of-fire-rainwing-with-1188-pieces\/"},"modified":"2025-12-16T20:58:54","modified_gmt":"2025-12-16T13:58:54","slug":"moc-factory-116811-wings-of-fire-rainwing-with-1188-pieces","status":"publish","type":"product","link":"https:\/\/mouldking.store\/vi\/shop\/moc-factory-116811-wings-of-fire-rainwing-with-1188-pieces\/","title":{"rendered":"MOC Factory 116811 Wings of Fire RainWing v\u1edbi 1188 m\u1ea3nh gh\u00e9p"},"content":{"rendered":"<div>&nbsp; \u2705 MOC-116811 Wings of Fire RainWing<\/p>\n<p>\u2705 In <em>Wings of Fire<\/em>, the RainWings are a tribe of dragons known for their unique abilities and vibrant, shifting scale colors. They live in the lush, tropical rainforest of Pyrrhia and are known for their peaceful and laid-back lifestyle, preferring relaxation over conflict.&nbsp;<\/p>\n<p>\ud83d\udeab QUAN TR\u1eccNG!<\/p>\n<p>Product Name:&nbsp; Wings of Fire RainWing&nbsp;<\/p>\n<p>Th\u1ec3 lo\u1ea1i: Phim<\/p>\n<p>This Kit Contains:&nbsp; C10190&nbsp;<\/p>\n<p>1188 pcs Good Quality Bricks<\/p>\n<p>Size:&nbsp; 100 x 65 x 28 cm&nbsp;<\/p>\n<p>Weight: 0.6 kg&nbsp;<\/p>\n<p>H\u01b0\u1edbng d\u1eabn PDF<\/p>\n<p>\ud83d\udcccB\u1ea3n ch\u1ea5t c\u1ee7a nh\u00e2n v\u1eadt ch\u00ednh<\/p>\n<p>Introducing our proud collection named \u201c Wings of Fire RainWing \u201d you should not miss.<\/p>\n<p>&nbsp; RainWings can change the color of their scales at will, using this ability for camouflage and self-expression. Their scales reflect their moods, making them appear in various shades, like greens, purples, yellows, and pinks.&nbsp; RainWings can produce a venomous spray from their fangs, which can melt dragon scales and flesh. This ability gives them a powerful defense, even though they prefer not to fight.&nbsp; RainWings often have sloth companions, which they treat as pets. They live harmoniously with the rainforest animals and respect their ecosystem.&nbsp; They have a reputation for being somewhat lazy and spend much of their time lounging in trees and basking in the sun. Unlike other tribes, they are not very militaristic or ambitious.&nbsp; RainWing names often have nature-inspired themes, such as Glory, Kinkajou, or Tamarin.&nbsp;<\/p><\/div>","protected":false},"excerpt":{"rendered":"<p>Th\u01b0\u01a1ng hi\u1ec7u: Nh\u00e0 m\u00e1y M\u1ed8C<br \/>\nGi\u1edbi t\u00ednh: Unisex<br \/>\n\u0110\u1ed9 tu\u1ed5i: &gt; 6 tu\u1ed5i<br \/>\nModel Number: 116811<br \/>\nPh\u00e2n lo\u1ea1i: T\u1eadp h\u1ee3p<br \/>\nH\u00ecnh d\u1ea1ng kh\u1ed1i nh\u1ef1a: G\u1ea1ch t\u1ef1 kh\u00f3a<br \/>\nCh\u1ea5t li\u1ec7u: Nh\u1ef1a<br \/>\nLo\u1ea1i nh\u1ef1a: ABS<br \/>\nBricks Blocks: 1188 +<br \/>\nKh\u00f4ng c\u00f3 h\u1ed9p ban \u0111\u1ea7u<br \/>\nS\u1ea3n ph\u1ea9m kh\u00f4ng bao g\u1ed3m STICKER v\u00e0 IN IN. T\u1ea5t c\u1ea3 c\u00e1c b\u1ed9 ph\u1eadn \u0111\u00e3 in s\u1ebd \u0111\u01b0\u1ee3c thay th\u1ebf b\u1eb1ng c\u00e1c b\u1ed9 ph\u1eadn ti\u00eau chu\u1ea9n v\u00e0 kh\u00f4ng \u0103n nh\u1eadp v\u1edbi c\u00e1c ph\u1ee5 ki\u1ec7n c\u1ee7a b\u00ean th\u1ee9 3.<\/p>","protected":false},"featured_media":62192,"comment_status":"open","ping_status":"closed","template":"","meta":{"_acf_changed":false},"product_cat":[1365,371,581,1408],"product_tag":[11110,11072,11775,8452,11323,434,13736,12745],"class_list":["product","first","instock","shipping-taxable","purchasable","product-type-simple"],"acf":[],"_links":{"self":[{"href":"https:\/\/mouldking.store\/vi\/wp-json\/wp\/v2\/product\/62193","targetHints":{"allow":["GET"]}}],"collection":[{"href":"https:\/\/mouldking.store\/vi\/wp-json\/wp\/v2\/product"}],"about":[{"href":"https:\/\/mouldking.store\/vi\/wp-json\/wp\/v2\/types\/product"}],"replies":[{"embeddable":true,"href":"https:\/\/mouldking.store\/vi\/wp-json\/wp\/v2\/comments?post=62193"}],"wp:featuredmedia":[{"embeddable":true,"href":"https:\/\/mouldking.store\/vi\/wp-json\/wp\/v2\/media\/62192"}],"wp:attachment":[{"href":"https:\/\/mouldking.store\/vi\/wp-json\/wp\/v2\/media?parent=62193"}],"wp:term":[{"taxonomy":"product_cat","embeddable":true,"href":"https:\/\/mouldking.store\/vi\/wp-json\/wp\/v2\/product_cat?post=62193"},{"taxonomy":"product_tag","embeddable":true,"href":"https:\/\/mouldking.store\/vi\/wp-json\/wp\/v2\/product_tag?post=62193"}],"curies":[{"name":"wp","href":"https:\/\/api.w.org\/{rel}","templated":true}]}}