{"id":62207,"date":"2024-11-14T17:57:53","date_gmt":"2024-11-14T10:57:53","guid":{"rendered":"https:\/\/mouldking.store\/shop\/moc-factory-111735-invader-zim-zims-house-with-2627-pieces\/"},"modified":"2025-12-16T20:58:54","modified_gmt":"2025-12-16T13:58:54","slug":"moc-factory-111735-invader-zim-zims-house-with-2627-pieces","status":"publish","type":"product","link":"https:\/\/mouldking.store\/vi\/shop\/moc-factory-111735-invader-zim-zims-house-with-2627-pieces\/","title":{"rendered":"Nh\u00e0 m\u00e1y MOC 111735 K\u1ebb x\u00e2m l\u01b0\u1ee3c Ng\u00f4i nh\u00e0 c\u1ee7a Zim Zim v\u1edbi 2627 m\u1ea3nh gh\u00e9p"},"content":{"rendered":"<div>&nbsp; \u2705 MOC-111735 Invader Zim Zim&#8217;s House<\/p>\n<p>\u2705 In <em>Invader Zim<\/em>, Zim\u2019s house on Earth is an iconic and bizarre structure that reflects his alien origins and his hilariously flawed attempt to &#8220;blend in&#8221; with humans. Located in a typical suburban neighborhood, the house stands out with its strange architecture and unusual defenses.&nbsp;<\/p>\n<p>\ud83d\udeab QUAN TR\u1eccNG!<\/p>\n<p>Product Name:&nbsp; Invader Zim Zim&#8217;s House<br \/>&nbsp;<br \/>Danh m\u1ee5c: T\u00f2a nh\u00e0 m\u00f4-\u0111un<\/p>\n<p>This Kit Contains:&nbsp; C10195&nbsp;<\/p>\n<p>2627&nbsp; pcs Good Quality Bricks<\/p>\n<p>Size:&nbsp; 25.6 x 25.6 x 27 cm&nbsp;<\/p>\n<p>Weight: 2.18 kg&nbsp;<\/p>\n<p>H\u01b0\u1edbng d\u1eabn PDF<\/p>\n<p>\ud83d\udcccB\u1ea3n ch\u1ea5t c\u1ee7a nh\u00e2n v\u1eadt ch\u00ednh<\/p>\n<p>Introducing our proud collection named \u201c Invader Zim Zim&#8217;s House \u201d you should not miss.<\/p>\n<p>&nbsp; Zim\u2019s house is designed to look like a &#8220;normal&#8221; Earth home but completely misses the mark. It has odd angles, dark purple and green colors, and a tall, spindly, vertical structure that contrasts starkly with the rest of the neighborhood&#8217;s houses.&nbsp; The house has a large, glaring mechanical eye mounted on top, which is both a surveillance device and part of the house\u2019s security system. The eye occasionally glows and moves, giving it an ominous feel that Zim sees as perfectly normal for a human dwelling. &nbsp; Zim\u2019s robot sidekick, GIR, has his own &#8220;room&#8221; within the house, filled with absurd items like tacos, random trash, and junk food. Access to various parts of the house is often hidden behind secret portals and sliding panels, adding to the absurdity.&nbsp;<\/p><\/div>","protected":false},"excerpt":{"rendered":"<p>Th\u01b0\u01a1ng hi\u1ec7u: Nh\u00e0 m\u00e1y M\u1ed8C<br \/>\nGi\u1edbi t\u00ednh: Unisex<br \/>\n\u0110\u1ed9 tu\u1ed5i: &gt; 6 tu\u1ed5i<br \/>\nModel Number: 111735<br \/>\nPh\u00e2n lo\u1ea1i: T\u1eadp h\u1ee3p<br \/>\nH\u00ecnh d\u1ea1ng kh\u1ed1i nh\u1ef1a: G\u1ea1ch t\u1ef1 kh\u00f3a<br \/>\nCh\u1ea5t li\u1ec7u: Nh\u1ef1a<br \/>\nLo\u1ea1i nh\u1ef1a: ABS<br \/>\nBricks Blocks: 2627 +<br \/>\nKh\u00f4ng c\u00f3 h\u1ed9p ban \u0111\u1ea7u<br \/>\nS\u1ea3n ph\u1ea9m kh\u00f4ng bao g\u1ed3m STICKER v\u00e0 IN IN. T\u1ea5t c\u1ea3 c\u00e1c b\u1ed9 ph\u1eadn \u0111\u00e3 in s\u1ebd \u0111\u01b0\u1ee3c thay th\u1ebf b\u1eb1ng c\u00e1c b\u1ed9 ph\u1eadn ti\u00eau chu\u1ea9n v\u00e0 kh\u00f4ng \u0103n nh\u1eadp v\u1edbi c\u00e1c ph\u1ee5 ki\u1ec7n c\u1ee7a b\u00ean th\u1ee9 3.<\/p>","protected":false},"featured_media":62206,"comment_status":"open","ping_status":"closed","template":"","meta":{"_acf_changed":false},"product_cat":[1365,1395,390,581,1408],"product_tag":[8452,2318,12048,392,434],"class_list":["product","first","instock","shipping-taxable","purchasable","product-type-simple"],"acf":[],"_links":{"self":[{"href":"https:\/\/mouldking.store\/vi\/wp-json\/wp\/v2\/product\/62207","targetHints":{"allow":["GET"]}}],"collection":[{"href":"https:\/\/mouldking.store\/vi\/wp-json\/wp\/v2\/product"}],"about":[{"href":"https:\/\/mouldking.store\/vi\/wp-json\/wp\/v2\/types\/product"}],"replies":[{"embeddable":true,"href":"https:\/\/mouldking.store\/vi\/wp-json\/wp\/v2\/comments?post=62207"}],"wp:featuredmedia":[{"embeddable":true,"href":"https:\/\/mouldking.store\/vi\/wp-json\/wp\/v2\/media\/62206"}],"wp:attachment":[{"href":"https:\/\/mouldking.store\/vi\/wp-json\/wp\/v2\/media?parent=62207"}],"wp:term":[{"taxonomy":"product_cat","embeddable":true,"href":"https:\/\/mouldking.store\/vi\/wp-json\/wp\/v2\/product_cat?post=62207"},{"taxonomy":"product_tag","embeddable":true,"href":"https:\/\/mouldking.store\/vi\/wp-json\/wp\/v2\/product_tag?post=62207"}],"curies":[{"name":"wp","href":"https:\/\/api.w.org\/{rel}","templated":true}]}}