{"id":62219,"date":"2024-11-14T17:59:10","date_gmt":"2024-11-14T10:59:10","guid":{"rendered":"https:\/\/mouldking.store\/shop\/moc-factory-89039-paper-education-miss-circle-with-453-pieces\/"},"modified":"2025-12-16T20:58:54","modified_gmt":"2025-12-16T13:58:54","slug":"moc-factory-89039-paper-education-miss-circle-with-453-pieces","status":"publish","type":"product","link":"https:\/\/mouldking.store\/vi\/shop\/moc-factory-89039-paper-education-miss-circle-with-453-pieces\/","title":{"rendered":"Nh\u00e0 m\u00e1y MOC 89039 Gi\u00e1o d\u1ee5c gi\u1ea5y Miss Circle v\u1edbi 453 m\u1ea3nh"},"content":{"rendered":"<div>&nbsp; \u2705 MOC-89039 Paper Education Miss Circle<\/p>\n<p>\u2705 Miss Circle in <em>Fundamental Paper Education<\/em> refers to a character that is often used as part of a teaching tool or method focused on early childhood education. In this context, Miss Circle is typically a character that helps young children learn basic shapes, patterns, and concepts of geometry or paper-based activities. The &#8220;Fundamental Paper Education&#8221; refers to the educational approach that uses paper as a medium to teach foundational skills, including drawing, cutting, folding, and learning about basic shapes like circles, squares, and triangles.&nbsp;<\/p>\n<p>\ud83d\udeab QUAN TR\u1eccNG!<\/p>\n<p>Product Name:&nbsp; Paper Education Miss Circle&nbsp;<\/p>\n<p>Th\u1ec3 lo\u1ea1i: Phim<\/p>\n<p>This Kit Contains:&nbsp; C10206&nbsp;<\/p>\n<p>453 pcs Good Quality Bricks<\/p>\n<p>Size:&nbsp; 16.8 x 8.3 x 25.9 cm&nbsp;<\/p>\n<p>C\u00e2n n\u1eb7ng: 0,33kg&nbsp;<\/p>\n<p>H\u01b0\u1edbng d\u1eabn PDF<\/p>\n<p>\ud83d\udcccB\u1ea3n ch\u1ea5t c\u1ee7a nh\u00e2n v\u1eadt ch\u00ednh<\/p>\n<p>Introducing our proud collection named \u201c Paper Education Miss Circle \u201d you should not miss.<\/p>\n<p>&nbsp; Miss Circle would be used to help children recognize and differentiate circles from other shapes. She could be a fun character with attributes like a round body, emphasizing the circle shape.&nbsp; Miss Circle could be part of a story that involves other shapes, such as Miss Square or Mr. Triangle, to help children understand relationships between shapes and objects in the world around them.&nbsp;<\/p><\/div>","protected":false},"excerpt":{"rendered":"<p>Th\u01b0\u01a1ng hi\u1ec7u: Nh\u00e0 m\u00e1y M\u1ed8C<br \/>\nGi\u1edbi t\u00ednh: Unisex<br \/>\n\u0110\u1ed9 tu\u1ed5i: &gt; 6 tu\u1ed5i<br \/>\nModel Number: 89039<br \/>\nPh\u00e2n lo\u1ea1i: T\u1eadp h\u1ee3p<br \/>\nH\u00ecnh d\u1ea1ng kh\u1ed1i nh\u1ef1a: G\u1ea1ch t\u1ef1 kh\u00f3a<br \/>\nCh\u1ea5t li\u1ec7u: Nh\u1ef1a<br \/>\nLo\u1ea1i nh\u1ef1a: ABS<br \/>\nBricks Blocks: 453 +<br \/>\nKh\u00f4ng c\u00f3 h\u1ed9p ban \u0111\u1ea7u<br \/>\nS\u1ea3n ph\u1ea9m kh\u00f4ng bao g\u1ed3m STICKER v\u00e0 IN IN. T\u1ea5t c\u1ea3 c\u00e1c b\u1ed9 ph\u1eadn \u0111\u00e3 in s\u1ebd \u0111\u01b0\u1ee3c thay th\u1ebf b\u1eb1ng c\u00e1c b\u1ed9 ph\u1eadn ti\u00eau chu\u1ea9n v\u00e0 kh\u00f4ng \u0103n nh\u1eadp v\u1edbi c\u00e1c ph\u1ee5 ki\u1ec7n c\u1ee7a b\u00ean th\u1ee9 3.<\/p>","protected":false},"featured_media":62218,"comment_status":"open","ping_status":"closed","template":"","meta":{"_acf_changed":false},"product_cat":[1365,371,581,1408],"product_tag":[8666,11072,8452,13742,434],"class_list":["product","first","instock","shipping-taxable","purchasable","product-type-simple"],"acf":[],"_links":{"self":[{"href":"https:\/\/mouldking.store\/vi\/wp-json\/wp\/v2\/product\/62219","targetHints":{"allow":["GET"]}}],"collection":[{"href":"https:\/\/mouldking.store\/vi\/wp-json\/wp\/v2\/product"}],"about":[{"href":"https:\/\/mouldking.store\/vi\/wp-json\/wp\/v2\/types\/product"}],"replies":[{"embeddable":true,"href":"https:\/\/mouldking.store\/vi\/wp-json\/wp\/v2\/comments?post=62219"}],"wp:featuredmedia":[{"embeddable":true,"href":"https:\/\/mouldking.store\/vi\/wp-json\/wp\/v2\/media\/62218"}],"wp:attachment":[{"href":"https:\/\/mouldking.store\/vi\/wp-json\/wp\/v2\/media?parent=62219"}],"wp:term":[{"taxonomy":"product_cat","embeddable":true,"href":"https:\/\/mouldking.store\/vi\/wp-json\/wp\/v2\/product_cat?post=62219"},{"taxonomy":"product_tag","embeddable":true,"href":"https:\/\/mouldking.store\/vi\/wp-json\/wp\/v2\/product_tag?post=62219"}],"curies":[{"name":"wp","href":"https:\/\/api.w.org\/{rel}","templated":true}]}}