{"id":62222,"date":"2024-11-14T17:59:14","date_gmt":"2024-11-14T10:59:14","guid":{"rendered":"https:\/\/mouldking.store\/shop\/moc-factory-50294-ghostbustersstay-puft-marshmallow-man-with-830-pieces\/"},"modified":"2025-12-16T20:58:53","modified_gmt":"2025-12-16T13:58:53","slug":"moc-factory-50294-ghostbustersstay-puft-marshmallow-man-with-830-pieces","status":"publish","type":"product","link":"https:\/\/mouldking.store\/vi\/shop\/moc-factory-50294-ghostbustersstay-puft-marshmallow-man-with-830-pieces\/","title":{"rendered":"MOC Factory 50294 GhostbustersStay-Puft Marshmallow Man v\u1edbi 830 m\u1ea3nh gh\u00e9p"},"content":{"rendered":"<div>&nbsp; \u2705 MOC-50294 GhostbustersStay-Puft Marshmallow Man<\/p>\n<p>\u2705 The Stay-Puft Marshmallow Man is one of the most iconic characters in <em>Th\u1ee3 s\u0103n ma<\/em>, appearing as a massive, monstrous figure made of marshmallow in the form of a sailor mascot.<\/p>\n<p>\ud83d\udeab QUAN TR\u1eccNG!<\/p>\n<p>Product Name:&nbsp; GhostbustersStay-Puft Marshmallow Man<\/p>\n<p>Th\u1ec3 lo\u1ea1i: Phim<\/p>\n<p>This Kit Contains:&nbsp; C10199<\/p>\n<p>830 pcs Good Quality Bricks<\/p>\n<p>Size:&nbsp; 25 x 8 x 35 cm<\/p>\n<p>Weight: 0.78 kg<\/p>\n<p>H\u01b0\u1edbng d\u1eabn PDF<\/p>\n<p>\ud83d\udcccB\u1ea3n ch\u1ea5t c\u1ee7a nh\u00e2n v\u1eadt ch\u00ednh<\/p>\n<p>Introducing our proud collection named \u201c GhostbustersStay-Puft Marshmallow Man \u201d you should not miss.<\/p>\n<p>&nbsp; The Stay-Puft Marshmallow Man resembles a giant marshmallow mascot wearing a sailor hat and a blue bib with a red neckerchief, looking harmless and cheerful at first glance. In <em>Th\u1ee3 s\u0103n ma<\/em>, he\u2019s the mascot for the fictional Stay-Puft Marshmallow brand, a playful nod to classic advertising mascots.&nbsp; In the movie, the ancient god Gozer the Gozerian, an interdimensional being summoned to destroy humanity, takes on this form to manifest on Earth. The form was inadvertently chosen by Ray Stantz (Dan Aykroyd), one of the Ghostbusters, who tried to think of something that could never hurt them. Ironically, Gozer becomes a gigantic, destructive version of the harmless mascot.&nbsp;<\/div>","protected":false},"excerpt":{"rendered":"<p>Th\u01b0\u01a1ng hi\u1ec7u: Nh\u00e0 m\u00e1y M\u1ed8C<br \/>\nGi\u1edbi t\u00ednh: Unisex<br \/>\n\u0110\u1ed9 tu\u1ed5i: &gt; 6 tu\u1ed5i<br \/>\nModel Number: 50294<br \/>\nPh\u00e2n lo\u1ea1i: T\u1eadp h\u1ee3p<br \/>\nH\u00ecnh d\u1ea1ng kh\u1ed1i nh\u1ef1a: G\u1ea1ch t\u1ef1 kh\u00f3a<br \/>\nCh\u1ea5t li\u1ec7u: Nh\u1ef1a<br \/>\nLo\u1ea1i nh\u1ef1a: ABS<br \/>\nBricks Blocks: 830 +<br \/>\nKh\u00f4ng c\u00f3 h\u1ed9p ban \u0111\u1ea7u<br \/>\nS\u1ea3n ph\u1ea9m kh\u00f4ng bao g\u1ed3m STICKER v\u00e0 IN IN. T\u1ea5t c\u1ea3 c\u00e1c b\u1ed9 ph\u1eadn \u0111\u00e3 in s\u1ebd \u0111\u01b0\u1ee3c thay th\u1ebf b\u1eb1ng c\u00e1c b\u1ed9 ph\u1eadn ti\u00eau chu\u1ea9n v\u00e0 kh\u00f4ng \u0103n nh\u1eadp v\u1edbi c\u00e1c ph\u1ee5 ki\u1ec7n c\u1ee7a b\u00ean th\u1ee9 3.<\/p>","protected":false},"featured_media":62221,"comment_status":"open","ping_status":"closed","template":"","meta":{"_acf_changed":false},"product_cat":[1365,371,581,1408],"product_tag":[11072,8452,13740,13642,13738,13741,434,13739],"class_list":["product","first","instock","shipping-taxable","purchasable","product-type-simple"],"acf":[],"_links":{"self":[{"href":"https:\/\/mouldking.store\/vi\/wp-json\/wp\/v2\/product\/62222","targetHints":{"allow":["GET"]}}],"collection":[{"href":"https:\/\/mouldking.store\/vi\/wp-json\/wp\/v2\/product"}],"about":[{"href":"https:\/\/mouldking.store\/vi\/wp-json\/wp\/v2\/types\/product"}],"replies":[{"embeddable":true,"href":"https:\/\/mouldking.store\/vi\/wp-json\/wp\/v2\/comments?post=62222"}],"wp:featuredmedia":[{"embeddable":true,"href":"https:\/\/mouldking.store\/vi\/wp-json\/wp\/v2\/media\/62221"}],"wp:attachment":[{"href":"https:\/\/mouldking.store\/vi\/wp-json\/wp\/v2\/media?parent=62222"}],"wp:term":[{"taxonomy":"product_cat","embeddable":true,"href":"https:\/\/mouldking.store\/vi\/wp-json\/wp\/v2\/product_cat?post=62222"},{"taxonomy":"product_tag","embeddable":true,"href":"https:\/\/mouldking.store\/vi\/wp-json\/wp\/v2\/product_tag?post=62222"}],"curies":[{"name":"wp","href":"https:\/\/api.w.org\/{rel}","templated":true}]}}