{"id":62226,"date":"2024-11-14T17:59:19","date_gmt":"2024-11-14T10:59:19","guid":{"rendered":"https:\/\/mouldking.store\/shop\/moc-factory-89038-mega-man-with-381-pieces\/"},"modified":"2025-12-16T20:58:53","modified_gmt":"2025-12-16T13:58:53","slug":"moc-factory-89038-mega-man-with-381-pieces","status":"publish","type":"product","link":"https:\/\/mouldking.store\/vi\/shop\/moc-factory-89038-mega-man-with-381-pieces\/","title":{"rendered":"MOC Factory 89038 Mega Man v\u1edbi 381 m\u1ea3nh gh\u00e9p"},"content":{"rendered":"<div>&nbsp; \u2705 MOC-89038 Mega Man<\/p>\n<p>\u2705 <em>Mega Man<\/em> is a classic video game franchise created by Capcom, first released in 1987. The series centers on the character <strong>Mega Man<\/strong>, c\u00f2n \u0111\u01b0\u1ee3c bi\u1ebft l\u00e0 <strong>Rock<\/strong>, a robot who fights to stop the evil schemes of the villainous Dr. Wily and his army of Robot Masters. Over the years, <em>Mega Man<\/em> has become one of Capcom&#8217;s most iconic and enduring franchises, with numerous sequels, spin-offs, and adaptations.<\/p>\n<p>\ud83d\udeab QUAN TR\u1eccNG!<\/p>\n<p>Product Name:&nbsp; Mega Man<\/p>\n<p>Th\u1ec3 lo\u1ea1i: Phim<\/p>\n<p>This Kit Contains:&nbsp; C10097<\/p>\n<p>381 pcs Good Quality Bricks<\/p>\n<p>Size:&nbsp; 9.8 x 12.9 x 13.8 cm<\/p>\n<p>Weight: 0.2 kg<\/p>\n<p>H\u01b0\u1edbng d\u1eabn PDF<\/p>\n<p>\ud83d\udcccB\u1ea3n ch\u1ea5t c\u1ee7a nh\u00e2n v\u1eadt ch\u00ednh<\/p>\n<p>Introducing our proud collection named \u201c Mega Man \u201d you should not miss.<\/p>\n<p>&nbsp; Mega Man is a robotic &#8220;super hero&#8221; created by Dr. Light, who was originally a lab assistant. After his creator\u2019s other robots go rogue under the influence of Dr. Wily, Mega Man volunteers to be converted into a combat robot to stop them.&nbsp; Mega Man is equipped with the <strong>Mega Buster<\/strong>, a powerful arm cannon that can shoot charged energy blasts. One of his most iconic abilities is to &#8220;copy&#8221; the powers of the defeated Robot Masters, gaining their special weapons and abilities for future use.&nbsp;<\/div>","protected":false},"excerpt":{"rendered":"<p>Th\u01b0\u01a1ng hi\u1ec7u: Nh\u00e0 m\u00e1y M\u1ed8C<br \/>\nGi\u1edbi t\u00ednh: Unisex<br \/>\n\u0110\u1ed9 tu\u1ed5i: &gt; 6 tu\u1ed5i<br \/>\nModel Number: 89038<br \/>\nPh\u00e2n lo\u1ea1i: T\u1eadp h\u1ee3p<br \/>\nH\u00ecnh d\u1ea1ng kh\u1ed1i nh\u1ef1a: G\u1ea1ch t\u1ef1 kh\u00f3a<br \/>\nCh\u1ea5t li\u1ec7u: Nh\u1ef1a<br \/>\nLo\u1ea1i nh\u1ef1a: ABS<br \/>\nBricks Blocks: 381 +<br \/>\nKh\u00f4ng c\u00f3 h\u1ed9p ban \u0111\u1ea7u<br \/>\nS\u1ea3n ph\u1ea9m kh\u00f4ng bao g\u1ed3m STICKER v\u00e0 IN IN. T\u1ea5t c\u1ea3 c\u00e1c b\u1ed9 ph\u1eadn \u0111\u00e3 in s\u1ebd \u0111\u01b0\u1ee3c thay th\u1ebf b\u1eb1ng c\u00e1c b\u1ed9 ph\u1eadn ti\u00eau chu\u1ea9n v\u00e0 kh\u00f4ng \u0103n nh\u1eadp v\u1edbi c\u00e1c ph\u1ee5 ki\u1ec7n c\u1ee7a b\u00ean th\u1ee9 3.<\/p>","protected":false},"featured_media":62225,"comment_status":"open","ping_status":"closed","template":"","meta":{"_acf_changed":false},"product_cat":[1365,371,581,1408],"product_tag":[11072,8452,8367,434,590],"class_list":["product","first","instock","shipping-taxable","purchasable","product-type-simple"],"acf":[],"_links":{"self":[{"href":"https:\/\/mouldking.store\/vi\/wp-json\/wp\/v2\/product\/62226","targetHints":{"allow":["GET"]}}],"collection":[{"href":"https:\/\/mouldking.store\/vi\/wp-json\/wp\/v2\/product"}],"about":[{"href":"https:\/\/mouldking.store\/vi\/wp-json\/wp\/v2\/types\/product"}],"replies":[{"embeddable":true,"href":"https:\/\/mouldking.store\/vi\/wp-json\/wp\/v2\/comments?post=62226"}],"wp:featuredmedia":[{"embeddable":true,"href":"https:\/\/mouldking.store\/vi\/wp-json\/wp\/v2\/media\/62225"}],"wp:attachment":[{"href":"https:\/\/mouldking.store\/vi\/wp-json\/wp\/v2\/media?parent=62226"}],"wp:term":[{"taxonomy":"product_cat","embeddable":true,"href":"https:\/\/mouldking.store\/vi\/wp-json\/wp\/v2\/product_cat?post=62226"},{"taxonomy":"product_tag","embeddable":true,"href":"https:\/\/mouldking.store\/vi\/wp-json\/wp\/v2\/product_tag?post=62226"}],"curies":[{"name":"wp","href":"https:\/\/api.w.org\/{rel}","templated":true}]}}