{"id":62244,"date":"2024-11-14T18:00:01","date_gmt":"2024-11-14T11:00:01","guid":{"rendered":"https:\/\/mouldking.store\/shop\/moc-factory-89036-nintendo-switch-ps5-with-921-pieces\/"},"modified":"2025-12-16T20:58:53","modified_gmt":"2025-12-16T13:58:53","slug":"moc-factory-89036-nintendo-switch-ps5-with-921-pieces","status":"publish","type":"product","link":"https:\/\/mouldking.store\/vi\/shop\/moc-factory-89036-nintendo-switch-ps5-with-921-pieces\/","title":{"rendered":"MOC Factory 89036 Nintendo Switch Ps5 v\u1edbi 921 chi ti\u1ebft"},"content":{"rendered":"<div>&nbsp; \u2705 MOC-89036 Nintendo Switch Ps5<\/p>\n<p>\u2705 C\u00e1c <strong>Nintendo Switch<\/strong> and <strong>PlayStation 5 (PS5)<\/strong> are two of the most popular gaming consoles currently on the market, each offering a unique gaming experience.&nbsp;<\/p>\n<p>\ud83d\udeab QUAN TR\u1eccNG!<\/p>\n<p>Product Name:&nbsp; Nintendo Switch Ps5&nbsp;<\/p>\n<p>Category: Game<\/p>\n<p>This Kit Contains:&nbsp; C10149&nbsp;<\/p>\n<p>921&nbsp; pcs Good Quality Bricks<\/p>\n<p>Size:&nbsp; 10.8 x 12.6 x 22.6 cm&nbsp;<\/p>\n<p>C\u00e2n n\u1eb7ng: 0,62kg&nbsp;<\/p>\n<p>H\u01b0\u1edbng d\u1eabn PDF<\/p>\n<p>\ud83d\udcccB\u1ea3n ch\u1ea5t c\u1ee7a nh\u00e2n v\u1eadt ch\u00ednh<\/p>\n<p>Introducing our proud collection named \u201cNintendo Switch Ps5 \u201d you should not miss.<\/p>\n<p>&nbsp; The Nintendo Switch is a hybrid console, meaning it can be used both as a home console connected to a TV and as a portable handheld device. This flexibility allows players to take their games on the go, which is a significant draw for many users.&nbsp; The Switch uses detachable Joy-Con controllers, which can be used together as a traditional controller or separately for multiplayer gaming. They also have motion controls and HD Rumble, adding interactive features to gameplay.&nbsp;<\/p><\/div>","protected":false},"excerpt":{"rendered":"<p>Th\u01b0\u01a1ng hi\u1ec7u: Nh\u00e0 m\u00e1y M\u1ed8C<br \/>\nGi\u1edbi t\u00ednh: Unisex<br \/>\n\u0110\u1ed9 tu\u1ed5i: &gt; 6 tu\u1ed5i<br \/>\nModel Number: 89036<br \/>\nPh\u00e2n lo\u1ea1i: T\u1eadp h\u1ee3p<br \/>\nH\u00ecnh d\u1ea1ng kh\u1ed1i nh\u1ef1a: G\u1ea1ch t\u1ef1 kh\u00f3a<br \/>\nCh\u1ea5t li\u1ec7u: Nh\u1ef1a<br \/>\nLo\u1ea1i nh\u1ef1a: ABS<br \/>\nBricks Blocks: 921 +<br \/>\nKh\u00f4ng c\u00f3 h\u1ed9p ban \u0111\u1ea7u<br \/>\nS\u1ea3n ph\u1ea9m kh\u00f4ng bao g\u1ed3m STICKER v\u00e0 IN IN. T\u1ea5t c\u1ea3 c\u00e1c b\u1ed9 ph\u1eadn \u0111\u00e3 in s\u1ebd \u0111\u01b0\u1ee3c thay th\u1ebf b\u1eb1ng c\u00e1c b\u1ed9 ph\u1eadn ti\u00eau chu\u1ea9n v\u00e0 kh\u00f4ng \u0103n nh\u1eadp v\u1edbi c\u00e1c ph\u1ee5 ki\u1ec7n c\u1ee7a b\u00ean th\u1ee9 3.<\/p>","protected":false},"featured_media":62243,"comment_status":"open","ping_status":"closed","template":"","meta":{"_acf_changed":false},"product_cat":[1365,1769,371],"product_tag":[11072,8452,9139,13611,13743,11176],"class_list":["product","first","instock","shipping-taxable","purchasable","product-type-simple"],"acf":[],"_links":{"self":[{"href":"https:\/\/mouldking.store\/vi\/wp-json\/wp\/v2\/product\/62244","targetHints":{"allow":["GET"]}}],"collection":[{"href":"https:\/\/mouldking.store\/vi\/wp-json\/wp\/v2\/product"}],"about":[{"href":"https:\/\/mouldking.store\/vi\/wp-json\/wp\/v2\/types\/product"}],"replies":[{"embeddable":true,"href":"https:\/\/mouldking.store\/vi\/wp-json\/wp\/v2\/comments?post=62244"}],"wp:featuredmedia":[{"embeddable":true,"href":"https:\/\/mouldking.store\/vi\/wp-json\/wp\/v2\/media\/62243"}],"wp:attachment":[{"href":"https:\/\/mouldking.store\/vi\/wp-json\/wp\/v2\/media?parent=62244"}],"wp:term":[{"taxonomy":"product_cat","embeddable":true,"href":"https:\/\/mouldking.store\/vi\/wp-json\/wp\/v2\/product_cat?post=62244"},{"taxonomy":"product_tag","embeddable":true,"href":"https:\/\/mouldking.store\/vi\/wp-json\/wp\/v2\/product_tag?post=62244"}],"curies":[{"name":"wp","href":"https:\/\/api.w.org\/{rel}","templated":true}]}}