{"id":62251,"date":"2024-11-14T18:00:10","date_gmt":"2024-11-14T11:00:10","guid":{"rendered":"https:\/\/mouldking.store\/shop\/moc-factory-179172-dungeons-dragonsbeholder-with-288-pieces\/"},"modified":"2025-12-16T20:58:53","modified_gmt":"2025-12-16T13:58:53","slug":"moc-factory-179172-dungeons-dragonsbeholder-with-288-pieces","status":"publish","type":"product","link":"https:\/\/mouldking.store\/vi\/shop\/moc-factory-179172-dungeons-dragonsbeholder-with-288-pieces\/","title":{"rendered":"MOC Factory 179172 Dungeons &amp; DragonsBeholder v\u1edbi 288 m\u1ea3nh gh\u00e9p"},"content":{"rendered":"<div>&nbsp; \u2705 MOC-179172 Dungeons &amp; DragonsBeholder<\/p>\n<p>\u2705 C\u00e1c <strong>Beholder<\/strong> is one of the most iconic and fearsome creatures in <em>Dungeons &amp; Dragons<\/em> (D&amp;D), a fantasy role-playing game that has been a cornerstone of tabletop gaming since its creation. Beholders are known for their unique appearance, powerful abilities, and menacing presence, making them a memorable part of D&amp;D lore.&nbsp;<\/p>\n<p>\ud83d\udeab QUAN TR\u1eccNG!<\/p>\n<p>Product Name:&nbsp; Dungeons &amp; DragonsBeholder&nbsp;<\/p>\n<p>Th\u1ec3 lo\u1ea1i: Phim<\/p>\n<p>This Kit Contains:&nbsp; C10154&nbsp;<\/p>\n<p>288 pcs Good Quality Bricks<\/p>\n<p>Size:&nbsp; 19.1 x 10.1 x 15.9 cm&nbsp;<\/p>\n<p>Weight: 0.16 kg&nbsp;<\/p>\n<p>H\u01b0\u1edbng d\u1eabn PDF<\/p>\n<p>\ud83d\udcccB\u1ea3n ch\u1ea5t c\u1ee7a nh\u00e2n v\u1eadt ch\u00ednh<\/p>\n<p>Introducing our proud collection named \u201c Dungeons &amp; DragonsBeholder \u201d you should not miss.<\/p>\n<p>&nbsp; A Beholder is a floating, spherical creature with a large central eye and multiple eyestalks protruding from its body. Each of these eyestalks ends in a separate eye, and each eye has its own unique power.&nbsp; The Beholder\u2019s central eye is its most prominent feature, and it is often portrayed as being a source of great magical power. The central eye is usually capable of nullifying or negating magic in its vicinity, making it a dangerous foe for spellcasters.&nbsp; Each eyestalk shoots beams of energy that can have various magical effects. These beams are part of what makes the Beholder such a deadly opponent. The Beholder has a high degree of control over these beams, using them with precision.&nbsp;<\/p><\/div>","protected":false},"excerpt":{"rendered":"<p>Th\u01b0\u01a1ng hi\u1ec7u: Nh\u00e0 m\u00e1y M\u1ed8C<br \/>\nGi\u1edbi t\u00ednh: Unisex<br \/>\n\u0110\u1ed9 tu\u1ed5i: &gt; 6 tu\u1ed5i<br \/>\nModel Number: 179172<br \/>\nPh\u00e2n lo\u1ea1i: T\u1eadp h\u1ee3p<br \/>\nH\u00ecnh d\u1ea1ng kh\u1ed1i nh\u1ef1a: G\u1ea1ch t\u1ef1 kh\u00f3a<br \/>\nCh\u1ea5t li\u1ec7u: Nh\u1ef1a<br \/>\nLo\u1ea1i nh\u1ef1a: ABS<br \/>\nBricks Blocks: 288 +<br \/>\nKh\u00f4ng c\u00f3 h\u1ed9p ban \u0111\u1ea7u<br \/>\nS\u1ea3n ph\u1ea9m kh\u00f4ng bao g\u1ed3m STICKER v\u00e0 IN IN. T\u1ea5t c\u1ea3 c\u00e1c b\u1ed9 ph\u1eadn \u0111\u00e3 in s\u1ebd \u0111\u01b0\u1ee3c thay th\u1ebf b\u1eb1ng c\u00e1c b\u1ed9 ph\u1eadn ti\u00eau chu\u1ea9n v\u00e0 kh\u00f4ng \u0103n nh\u1eadp v\u1edbi c\u00e1c ph\u1ee5 ki\u1ec7n c\u1ee7a b\u00ean th\u1ee9 3.<\/p>","protected":false},"featured_media":62250,"comment_status":"open","ping_status":"closed","template":"","meta":{"_acf_changed":false},"product_cat":[1365,371,581,1408],"product_tag":[9350,11072,8452,1771,13744,9348,5768,434],"class_list":["product","first","instock","shipping-taxable","purchasable","product-type-simple"],"acf":[],"_links":{"self":[{"href":"https:\/\/mouldking.store\/vi\/wp-json\/wp\/v2\/product\/62251","targetHints":{"allow":["GET"]}}],"collection":[{"href":"https:\/\/mouldking.store\/vi\/wp-json\/wp\/v2\/product"}],"about":[{"href":"https:\/\/mouldking.store\/vi\/wp-json\/wp\/v2\/types\/product"}],"replies":[{"embeddable":true,"href":"https:\/\/mouldking.store\/vi\/wp-json\/wp\/v2\/comments?post=62251"}],"wp:featuredmedia":[{"embeddable":true,"href":"https:\/\/mouldking.store\/vi\/wp-json\/wp\/v2\/media\/62250"}],"wp:attachment":[{"href":"https:\/\/mouldking.store\/vi\/wp-json\/wp\/v2\/media?parent=62251"}],"wp:term":[{"taxonomy":"product_cat","embeddable":true,"href":"https:\/\/mouldking.store\/vi\/wp-json\/wp\/v2\/product_cat?post=62251"},{"taxonomy":"product_tag","embeddable":true,"href":"https:\/\/mouldking.store\/vi\/wp-json\/wp\/v2\/product_tag?post=62251"}],"curies":[{"name":"wp","href":"https:\/\/api.w.org\/{rel}","templated":true}]}}