{"id":62260,"date":"2024-11-14T18:08:06","date_gmt":"2024-11-14T11:08:06","guid":{"rendered":"https:\/\/mouldking.store\/shop\/moc-factory-168126-viking-village-with-1907-pieces\/"},"modified":"2025-12-16T20:58:53","modified_gmt":"2025-12-16T13:58:53","slug":"moc-factory-168126-viking-village-with-1907-pieces","status":"publish","type":"product","link":"https:\/\/mouldking.store\/vi\/shop\/moc-factory-168126-viking-village-with-1907-pieces\/","title":{"rendered":"Nh\u00e0 m\u00e1y MOC 168126 L\u00e0ng Viking v\u1edbi 1907 m\u1ea3nh gh\u00e9p"},"content":{"rendered":"<div>&nbsp; \u2705 MOC-168126 Viking Village<\/p>\n<p>\u2705 M\u1ed9t <strong>Viking Village<\/strong> typically refers to a historical or fantasy setting inspired by the Nordic peoples who lived during the Viking Age (approximately 793 to 1066 AD). Vikings were known for their seafaring culture, exploration, and raiding, but they also established settlements that were based on agriculture, trade, and craftsmanship.<\/p>\n<p>\ud83d\udeab QUAN TR\u1eccNG!<\/p>\n<p>Product Name:&nbsp; Viking Village<\/p>\n<p>Danh m\u1ee5c: T\u00f2a nh\u00e0 m\u00f4-\u0111un<\/p>\n<p>This Kit Contains:&nbsp; C10159<\/p>\n<p>1907 pcs Good Quality Bricks<\/p>\n<p>Size:&nbsp; 60 x 50 x 25 cm<\/p>\n<p>C\u00e2n n\u1eb7ng: 1,44kg<\/p>\n<p>H\u01b0\u1edbng d\u1eabn PDF<\/p>\n<p>\ud83d\udcccB\u1ea3n ch\u1ea5t c\u1ee7a nh\u00e2n v\u1eadt ch\u00ednh<\/p>\n<p>Introducing our proud collection named \u201c Viking Village \u201d you should not miss.<\/p>\n<p>&nbsp; The central structure in any Viking village would be the <strong>longhouse<\/strong>. These were large, communal buildings made of wood, stone, or turf, designed to accommodate multiple families. Longhouses had a central hearth for warmth and cooking, with benches along the walls for seating and sleeping areas. The roofs were often made of thatch or wooden shingles.&nbsp; Viking villages were agricultural, with fields surrounding the settlement. People grew crops like barley, oats, and rye, and kept livestock, including cattle, sheep, goats, and pigs. Villages would also have gardens for herbs and vegetables.&nbsp;<\/div>","protected":false},"excerpt":{"rendered":"<p>Th\u01b0\u01a1ng hi\u1ec7u: Nh\u00e0 m\u00e1y M\u1ed8C<br \/>\nGi\u1edbi t\u00ednh: Unisex<br \/>\n\u0110\u1ed9 tu\u1ed5i: &gt; 6 tu\u1ed5i<br \/>\nModel Number: 168126<br \/>\nPh\u00e2n lo\u1ea1i: T\u1eadp h\u1ee3p<br \/>\nH\u00ecnh d\u1ea1ng kh\u1ed1i nh\u1ef1a: G\u1ea1ch t\u1ef1 kh\u00f3a<br \/>\nCh\u1ea5t li\u1ec7u: Nh\u1ef1a<br \/>\nLo\u1ea1i nh\u1ef1a: ABS<br \/>\nBricks Blocks: 1907 +<br \/>\nKh\u00f4ng c\u00f3 h\u1ed9p ban \u0111\u1ea7u<br \/>\nS\u1ea3n ph\u1ea9m kh\u00f4ng bao g\u1ed3m STICKER v\u00e0 IN IN. T\u1ea5t c\u1ea3 c\u00e1c b\u1ed9 ph\u1eadn \u0111\u00e3 in s\u1ebd \u0111\u01b0\u1ee3c thay th\u1ebf b\u1eb1ng c\u00e1c b\u1ed9 ph\u1eadn ti\u00eau chu\u1ea9n v\u00e0 kh\u00f4ng \u0103n nh\u1eadp v\u1edbi c\u00e1c ph\u1ee5 ki\u1ec7n c\u1ee7a b\u00ean th\u1ee9 3.<\/p>","protected":false},"featured_media":62259,"comment_status":"open","ping_status":"closed","template":"","meta":{"_acf_changed":false},"product_cat":[1365,1395,390],"product_tag":[8452,11099,392,9952,6373],"class_list":["product","first","instock","shipping-taxable","purchasable","product-type-simple"],"acf":[],"_links":{"self":[{"href":"https:\/\/mouldking.store\/vi\/wp-json\/wp\/v2\/product\/62260","targetHints":{"allow":["GET"]}}],"collection":[{"href":"https:\/\/mouldking.store\/vi\/wp-json\/wp\/v2\/product"}],"about":[{"href":"https:\/\/mouldking.store\/vi\/wp-json\/wp\/v2\/types\/product"}],"replies":[{"embeddable":true,"href":"https:\/\/mouldking.store\/vi\/wp-json\/wp\/v2\/comments?post=62260"}],"wp:featuredmedia":[{"embeddable":true,"href":"https:\/\/mouldking.store\/vi\/wp-json\/wp\/v2\/media\/62259"}],"wp:attachment":[{"href":"https:\/\/mouldking.store\/vi\/wp-json\/wp\/v2\/media?parent=62260"}],"wp:term":[{"taxonomy":"product_cat","embeddable":true,"href":"https:\/\/mouldking.store\/vi\/wp-json\/wp\/v2\/product_cat?post=62260"},{"taxonomy":"product_tag","embeddable":true,"href":"https:\/\/mouldking.store\/vi\/wp-json\/wp\/v2\/product_tag?post=62260"}],"curies":[{"name":"wp","href":"https:\/\/api.w.org\/{rel}","templated":true}]}}