{"id":62274,"date":"2024-11-14T18:08:59","date_gmt":"2024-11-14T11:08:59","guid":{"rendered":"https:\/\/mouldking.store\/shop\/moc-factory-89035-monsters-incmike-wazowsk-james-p-sullivan-with-432-pieces\/"},"modified":"2025-12-16T20:58:52","modified_gmt":"2025-12-16T13:58:52","slug":"moc-factory-89035-monsters-incmike-wazowsk-james-p-sullivan-with-432-pieces","status":"publish","type":"product","link":"https:\/\/mouldking.store\/vi\/shop\/moc-factory-89035-monsters-incmike-wazowsk-james-p-sullivan-with-432-pieces\/","title":{"rendered":"Nh\u00e0 m\u00e1y MOC 89035 Monsters IncMike Wazowsk James P Sullivan v\u1edbi 432 m\u1ea3nh gh\u00e9p"},"content":{"rendered":"<div>&nbsp; \u2705 MOC-89035 Monsters IncMike Wazowsk James P Sullivan<\/p>\n<p>\u2705 <strong>Mike Wazowski<\/strong> and <strong>James P. Sullivan (Sulley)<\/strong> are the main characters from <em>Monsters, Inc.<\/em>, the 2001 animated film produced by Pixar Animation Studios and released by Walt Disney Pictures. They are iconic figures in the <em>Monsters, Inc.<\/em> universe and have become beloved characters in the Pixar family.&nbsp;<\/p>\n<p>\ud83d\udeab QUAN TR\u1eccNG!<\/p>\n<p>Product Name:&nbsp; Monsters IncMike Wazowsk James P Sullivan&nbsp;<\/p>\n<p>Th\u1ec3 lo\u1ea1i: Phim<\/p>\n<p>This Kit Contains:&nbsp; C10169&nbsp;<\/p>\n<p>432 pcs Good Quality Bricks<\/p>\n<p>Size:&nbsp; 10.9 x 12.2 x 16 cm&nbsp;<\/p>\n<p>C\u00e2n n\u1eb7ng: 0,26kg&nbsp;<\/p>\n<p>H\u01b0\u1edbng d\u1eabn PDF<\/p>\n<p>\ud83d\udcccB\u1ea3n ch\u1ea5t c\u1ee7a nh\u00e2n v\u1eadt ch\u00ednh<\/p>\n<p>Introducing our proud collection named \u201c Monsters IncMike Wazowsk James P Sullivan \u201d you should not miss.<\/p>\n<p>&nbsp; Mike Wazowski is a small, round green monster with one large eye and two tiny horns on top of his head. His body is mostly spherical, with short legs and arms, making him appear somewhat comical and endearing. Despite his small size, he\u2019s a confident and determined character.&nbsp; Sulley is a large, furry, and muscular blue and purple monster with black spots across his body. He has two horns on top of his head and a friendly face with a broad smile, though his imposing size can be intimidating to others at first glance. Despite his physical strength, Sulley has a warm and kind heart.&nbsp;<\/p><\/div>","protected":false},"excerpt":{"rendered":"<p>Th\u01b0\u01a1ng hi\u1ec7u: Nh\u00e0 m\u00e1y M\u1ed8C<br \/>\nGi\u1edbi t\u00ednh: Unisex<br \/>\n\u0110\u1ed9 tu\u1ed5i: &gt; 6 tu\u1ed5i<br \/>\nModel Number: 89035<br \/>\nPh\u00e2n lo\u1ea1i: T\u1eadp h\u1ee3p<br \/>\nH\u00ecnh d\u1ea1ng kh\u1ed1i nh\u1ef1a: G\u1ea1ch t\u1ef1 kh\u00f3a<br \/>\nCh\u1ea5t li\u1ec7u: Nh\u1ef1a<br \/>\nLo\u1ea1i nh\u1ef1a: ABS<br \/>\nBricks Blocks: 432 +<br \/>\nKh\u00f4ng c\u00f3 h\u1ed9p ban \u0111\u1ea7u<br \/>\nS\u1ea3n ph\u1ea9m kh\u00f4ng bao g\u1ed3m STICKER v\u00e0 IN IN. T\u1ea5t c\u1ea3 c\u00e1c b\u1ed9 ph\u1eadn \u0111\u00e3 in s\u1ebd \u0111\u01b0\u1ee3c thay th\u1ebf b\u1eb1ng c\u00e1c b\u1ed9 ph\u1eadn ti\u00eau chu\u1ea9n v\u00e0 kh\u00f4ng \u0103n nh\u1eadp v\u1edbi c\u00e1c ph\u1ee5 ki\u1ec7n c\u1ee7a b\u00ean th\u1ee9 3.<\/p>","protected":false},"featured_media":62273,"comment_status":"open","ping_status":"closed","template":"","meta":{"_acf_changed":false},"product_cat":[1365,371,581,1408],"product_tag":[11072,11775,8452,11601,13745,13461,13748,13746,468,434,13749,13747],"class_list":["product","first","instock","shipping-taxable","purchasable","product-type-simple"],"acf":[],"_links":{"self":[{"href":"https:\/\/mouldking.store\/vi\/wp-json\/wp\/v2\/product\/62274","targetHints":{"allow":["GET"]}}],"collection":[{"href":"https:\/\/mouldking.store\/vi\/wp-json\/wp\/v2\/product"}],"about":[{"href":"https:\/\/mouldking.store\/vi\/wp-json\/wp\/v2\/types\/product"}],"replies":[{"embeddable":true,"href":"https:\/\/mouldking.store\/vi\/wp-json\/wp\/v2\/comments?post=62274"}],"wp:featuredmedia":[{"embeddable":true,"href":"https:\/\/mouldking.store\/vi\/wp-json\/wp\/v2\/media\/62273"}],"wp:attachment":[{"href":"https:\/\/mouldking.store\/vi\/wp-json\/wp\/v2\/media?parent=62274"}],"wp:term":[{"taxonomy":"product_cat","embeddable":true,"href":"https:\/\/mouldking.store\/vi\/wp-json\/wp\/v2\/product_cat?post=62274"},{"taxonomy":"product_tag","embeddable":true,"href":"https:\/\/mouldking.store\/vi\/wp-json\/wp\/v2\/product_tag?post=62274"}],"curies":[{"name":"wp","href":"https:\/\/api.w.org\/{rel}","templated":true}]}}