{"id":62279,"date":"2024-11-14T18:09:16","date_gmt":"2024-11-14T11:09:16","guid":{"rendered":"https:\/\/mouldking.store\/shop\/moc-factory-89033-cv-22-osprey-tiltrotor-bell-boeing-v-22-osprey-with-2285-pieces\/"},"modified":"2025-12-16T20:58:51","modified_gmt":"2025-12-16T13:58:51","slug":"moc-factory-89033-cv-22-osprey-tiltrotor-bell-boeing-v-22-osprey-with-2285-pieces","status":"publish","type":"product","link":"https:\/\/mouldking.store\/vi\/shop\/moc-factory-89033-cv-22-osprey-tiltrotor-bell-boeing-v-22-osprey-with-2285-pieces\/","title":{"rendered":"Nh\u00e0 m\u00e1y MOC 89033 CV-22 Osprey Tiltrotor\/Bell Boeing V-22 Osprey v\u1edbi 2285 m\u1ea3nh"},"content":{"rendered":"<div>&nbsp;<\/div>\n<div>&nbsp;\u2705 MOC-89033 CV-22 Osprey Tiltrotor\/Bell Boeing V-22 Osprey<\/p>\n<p>\u2705 C\u00e1c <strong>CV-22 Osprey<\/strong> and <strong>Bell Boeing V-22 Osprey<\/strong> are both military tiltrotor aircraft that offer the unique capability to take off and land like a helicopter, then tilt their rotors forward to fly like a fixed-wing airplane. This dual-mode flight provides the flexibility to perform missions that require both vertical lift and high-speed, long-range flight. <\/p>\n<p>\ud83d\udeab QUAN TR\u1eccNG!<\/p>\n<p>Product Name:&nbsp; CV-22 Osprey Tiltrotor\/Bell Boeing V-22 Osprey <\/p>\n<p>Th\u1ec3 lo\u1ea1i: Qu\u00e2n s\u1ef1<\/p>\n<p>This Kit Contains:&nbsp; C10184 <\/p>\n<p>2285 pcs Good Quality Bricks<\/p>\n<p>Size:&nbsp; 55 x 45 x 25 cm <\/p>\n<p>Weight: 1.18 kg <\/p>\n<p>H\u01b0\u1edbng d\u1eabn PDF<\/p>\n<p>\ud83d\udcccB\u1ea3n ch\u1ea5t c\u1ee7a nh\u00e2n v\u1eadt ch\u00ednh<\/p>\n<p>Introducing our proud collection named \u201c CV-22 Osprey Tiltrotor\/Bell Boeing V-22 Osprey \u201d you should not miss.<\/p>\n<p>&nbsp; This version is operated by the U.S. Air Force Special Operations Command (AFSOC). It\u2019s primarily used for special operations missions, including infiltration, exfiltration, and resupply of special forces, often in hostile or remote areas. The CV-22 is equipped with advanced avionics and electronic warfare systems for navigating and surviving in challenging environments. The broader V-22 Osprey family includes several variants used by the U.S. military. The Marine Corps operates the <strong>MV-22<\/strong> version, which is designed for assault support, while the Navy uses the <strong>CMV-22<\/strong> variant for carrier onboard delivery (COD) missions.<\/div>","protected":false},"excerpt":{"rendered":"<p>Th\u01b0\u01a1ng hi\u1ec7u: Nh\u00e0 m\u00e1y M\u1ed8C<br \/>\nGi\u1edbi t\u00ednh: Unisex<br \/>\n\u0110\u1ed9 tu\u1ed5i: &gt; 6 tu\u1ed5i<br \/>\nModel Number: 89033<br \/>\nPh\u00e2n lo\u1ea1i: T\u1eadp h\u1ee3p<br \/>\nH\u00ecnh d\u1ea1ng kh\u1ed1i nh\u1ef1a: G\u1ea1ch t\u1ef1 kh\u00f3a<br \/>\nCh\u1ea5t li\u1ec7u: Nh\u1ef1a<br \/>\nLo\u1ea1i nh\u1ef1a: ABS<br \/>\nBricks Blocks: 2285 +<br \/>\nKh\u00f4ng c\u00f3 h\u1ed9p ban \u0111\u1ea7u<br \/>\nS\u1ea3n ph\u1ea9m kh\u00f4ng bao g\u1ed3m STICKER v\u00e0 IN IN. T\u1ea5t c\u1ea3 c\u00e1c b\u1ed9 ph\u1eadn \u0111\u00e3 in s\u1ebd \u0111\u01b0\u1ee3c thay th\u1ebf b\u1eb1ng c\u00e1c b\u1ed9 ph\u1eadn ti\u00eau chu\u1ea9n v\u00e0 kh\u00f4ng \u0103n nh\u1eadp v\u1edbi c\u00e1c ph\u1ee5 ki\u1ec7n c\u1ee7a b\u00ean th\u1ee9 3.<\/p>","protected":false},"featured_media":62278,"comment_status":"open","ping_status":"closed","template":"","meta":{"_acf_changed":false},"product_cat":[1350,1357,372,364],"product_tag":[10033,3191,13751,374,13754,389,13752,13753],"class_list":["product","first","instock","shipping-taxable","purchasable","product-type-simple"],"acf":[],"_links":{"self":[{"href":"https:\/\/mouldking.store\/vi\/wp-json\/wp\/v2\/product\/62279","targetHints":{"allow":["GET"]}}],"collection":[{"href":"https:\/\/mouldking.store\/vi\/wp-json\/wp\/v2\/product"}],"about":[{"href":"https:\/\/mouldking.store\/vi\/wp-json\/wp\/v2\/types\/product"}],"replies":[{"embeddable":true,"href":"https:\/\/mouldking.store\/vi\/wp-json\/wp\/v2\/comments?post=62279"}],"wp:featuredmedia":[{"embeddable":true,"href":"https:\/\/mouldking.store\/vi\/wp-json\/wp\/v2\/media\/62278"}],"wp:attachment":[{"href":"https:\/\/mouldking.store\/vi\/wp-json\/wp\/v2\/media?parent=62279"}],"wp:term":[{"taxonomy":"product_cat","embeddable":true,"href":"https:\/\/mouldking.store\/vi\/wp-json\/wp\/v2\/product_cat?post=62279"},{"taxonomy":"product_tag","embeddable":true,"href":"https:\/\/mouldking.store\/vi\/wp-json\/wp\/v2\/product_tag?post=62279"}],"curies":[{"name":"wp","href":"https:\/\/api.w.org\/{rel}","templated":true}]}}