{"id":62292,"date":"2024-11-14T18:09:37","date_gmt":"2024-11-14T11:09:37","guid":{"rendered":"https:\/\/mouldking.store\/shop\/moc-factory-112666-the-mandalorian-with-589-pieces\/"},"modified":"2025-12-16T20:58:51","modified_gmt":"2025-12-16T13:58:51","slug":"moc-factory-112666-the-mandalorian-with-589-pieces","status":"publish","type":"product","link":"https:\/\/mouldking.store\/vi\/shop\/moc-factory-112666-the-mandalorian-with-589-pieces\/","title":{"rendered":"Nh\u00e0 m\u00e1y MOC 112666 The Mandalorian v\u1edbi 589 m\u1ea3nh gh\u00e9p"},"content":{"rendered":"<div>&nbsp; \u2705 MOC-112666 The Mandalorian<\/p>\n<p>\u2705 <em>The Mandalorian<\/em> is a popular TV series set in the <em>Chi\u1ebfn tranh gi\u1eefa c\u00e1c v\u00ec sao<\/em> universe, focusing on the journey of Din Djarin, a bounty hunter from the mysterious Mandalorian warrior culture. Created by Jon Favreau and released on Disney+ in 2019, the show follows Din as he navigates the galaxy&#8217;s underworld and confronts various challenges, all while protecting &#8220;The Child&#8221; (also known as Grogu or &#8220;Baby Yoda&#8221;), an infant of the same species as Yoda.&nbsp;<\/p>\n<p>\ud83d\udeab QUAN TR\u1eccNG!<\/p>\n<p>Product Name:&nbsp; The Mandalorian&nbsp;<\/p>\n<p>Category:&nbsp; Star Wars<\/p>\n<p>This Kit Contains:&nbsp; C10185&nbsp;<\/p>\n<p>589 pcs Good Quality Bricks<\/p>\n<p>Size:&nbsp; 19 x 11.2 x 30.2 cm&nbsp;<\/p>\n<p>Weight: 0.49 kg&nbsp;<\/p>\n<p>H\u01b0\u1edbng d\u1eabn PDF<\/p>\n<p>\ud83d\udcccB\u1ea3n ch\u1ea5t c\u1ee7a nh\u00e2n v\u1eadt ch\u00ednh<\/p>\n<p>Introducing our proud collection named \u201c The Mandalorian \u201d you should not miss.<\/p>\n<p>&nbsp; Played by Pedro Pascal, he&#8217;s a stoic, skilled bounty hunter who lives by the Mandalorian creed, &#8220;This is the Way.&#8221; Raised by Mandalorians after his parents were killed, he is bound by a strict code, including the tradition of never removing his helmet in front of others.&nbsp; A Force-sensitive infant with mysterious origins. Mando takes on a parental role as he tries to keep Grogu safe from various groups who want to capture him for his powers.&nbsp; The series dives into Mandalorian history and customs, portraying them as a warrior people with a deep code of honor. &#8220;This is the Way&#8221; is a central phrase that reflects their strict adherence to tradition and loyalty.&nbsp;<\/p><\/div>","protected":false},"excerpt":{"rendered":"<p>Th\u01b0\u01a1ng hi\u1ec7u: Nh\u00e0 m\u00e1y M\u1ed8C<br \/>\nGi\u1edbi t\u00ednh: Unisex<br \/>\n\u0110\u1ed9 tu\u1ed5i: &gt; 6 tu\u1ed5i<br \/>\nModel Number: 112666<br \/>\nPh\u00e2n lo\u1ea1i: T\u1eadp h\u1ee3p<br \/>\nH\u00ecnh d\u1ea1ng kh\u1ed1i nh\u1ef1a: G\u1ea1ch t\u1ef1 kh\u00f3a<br \/>\nCh\u1ea5t li\u1ec7u: Nh\u1ef1a<br \/>\nLo\u1ea1i nh\u1ef1a: ABS<br \/>\nBricks Blocks: 589 +<br \/>\nKh\u00f4ng c\u00f3 h\u1ed9p ban \u0111\u1ea7u<br \/>\nS\u1ea3n ph\u1ea9m kh\u00f4ng bao g\u1ed3m STICKER v\u00e0 IN IN. T\u1ea5t c\u1ea3 c\u00e1c b\u1ed9 ph\u1eadn \u0111\u00e3 in s\u1ebd \u0111\u01b0\u1ee3c thay th\u1ebf b\u1eb1ng c\u00e1c b\u1ed9 ph\u1eadn ti\u00eau chu\u1ea9n v\u00e0 kh\u00f4ng \u0103n nh\u1eadp v\u1edbi c\u00e1c ph\u1ee5 ki\u1ec7n c\u1ee7a b\u00ean th\u1ee9 3.<\/p>","protected":false},"featured_media":62291,"comment_status":"open","ping_status":"closed","template":"","meta":{"_acf_changed":false},"product_cat":[1365,581,415,1408],"product_tag":[8452,12083,11170,434,436,13755],"class_list":["product","first","instock","shipping-taxable","purchasable","product-type-simple"],"acf":[],"_links":{"self":[{"href":"https:\/\/mouldking.store\/vi\/wp-json\/wp\/v2\/product\/62292","targetHints":{"allow":["GET"]}}],"collection":[{"href":"https:\/\/mouldking.store\/vi\/wp-json\/wp\/v2\/product"}],"about":[{"href":"https:\/\/mouldking.store\/vi\/wp-json\/wp\/v2\/types\/product"}],"replies":[{"embeddable":true,"href":"https:\/\/mouldking.store\/vi\/wp-json\/wp\/v2\/comments?post=62292"}],"wp:featuredmedia":[{"embeddable":true,"href":"https:\/\/mouldking.store\/vi\/wp-json\/wp\/v2\/media\/62291"}],"wp:attachment":[{"href":"https:\/\/mouldking.store\/vi\/wp-json\/wp\/v2\/media?parent=62292"}],"wp:term":[{"taxonomy":"product_cat","embeddable":true,"href":"https:\/\/mouldking.store\/vi\/wp-json\/wp\/v2\/product_cat?post=62292"},{"taxonomy":"product_tag","embeddable":true,"href":"https:\/\/mouldking.store\/vi\/wp-json\/wp\/v2\/product_tag?post=62292"}],"curies":[{"name":"wp","href":"https:\/\/api.w.org\/{rel}","templated":true}]}}