{"id":62305,"date":"2024-11-14T18:10:21","date_gmt":"2024-11-14T11:10:21","guid":{"rendered":"https:\/\/mouldking.store\/shop\/moc-factory-89032-boeing-b-17-flying-fortress-with-3631-pieces\/"},"modified":"2025-12-16T20:58:51","modified_gmt":"2025-12-16T13:58:51","slug":"moc-factory-89032-boeing-b-17-flying-fortress-with-3631-pieces","status":"publish","type":"product","link":"https:\/\/mouldking.store\/vi\/shop\/moc-factory-89032-boeing-b-17-flying-fortress-with-3631-pieces\/","title":{"rendered":"Nh\u00e0 m\u00e1y MOC 89032 Ph\u00e1o \u0111\u00e0i bay Boeing B-17 v\u1edbi 3631 m\u1ea3nh gh\u00e9p"},"content":{"rendered":"<div>&nbsp; \u2705 MOC-89032 Boeing B-17 Flying Fortress<\/p>\n<p>\u2705 C\u00e1c <strong>Boeing B-17 Flying Fortress<\/strong> is one of the most iconic American bombers from World War II. Known for its durability, defensive capabilities, and long-range capabilities, it earned the nickname &#8220;Flying Fortress&#8221; due to its heavy armament and ability to withstand extensive damage while still completing missions. The B-17 was instrumental in strategic bombing campaigns over Europe, where it targeted enemy factories, transportation networks, and military installations.<\/p>\n<p>\ud83d\udeab QUAN TR\u1eccNG!<\/p>\n<p>Product Name:&nbsp; Boeing B-17 Flying Fortress<\/p>\n<p>Danh m\u1ee5c: K\u1ef9 thu\u1eadt<\/p>\n<p>This Kit Contains:&nbsp; C10200<\/p>\n<p>3631 pcs Good Quality Bricks<\/p>\n<p>Size:&nbsp; 68 x 78 x 24 cm<\/p>\n<p>Weight: 2.41 kg<\/p>\n<p>H\u01b0\u1edbng d\u1eabn PDF<\/p>\n<p>\ud83d\udcccB\u1ea3n ch\u1ea5t c\u1ee7a nh\u00e2n v\u1eadt ch\u00ednh<\/p>\n<p>Introducing our proud collection named \u201c Boeing B-17 Flying Fortress \u201d you should not miss.<\/p>\n<p>&nbsp; Designed by Boeing in the 1930s, the B-17 was one of the earliest four-engine heavy bombers. Although initial production was slow, the attack on Pearl Harbor in 1941 accelerated demand, leading to the production of over 12,700 units by Boeing, Lockheed Vega, and Douglas.&nbsp; The B-17 was heavily armed, with up to <strong>13 .50 caliber machine guns<\/strong> strategically placed in multiple turrets and gun stations around the aircraft. This defensive firepower gave it a formidable defense against enemy fighters, particularly in formations, where overlapping fields of fire created a &#8220;fortress in the sky.&#8221;&nbsp;<\/div>","protected":false},"excerpt":{"rendered":"<p>Th\u01b0\u01a1ng hi\u1ec7u: Nh\u00e0 m\u00e1y M\u1ed8C<br \/>\nGi\u1edbi t\u00ednh: Unisex<br \/>\n\u0110\u1ed9 tu\u1ed5i: &gt; 6 tu\u1ed5i<br \/>\nModel Number: 89032<br \/>\nPh\u00e2n lo\u1ea1i: T\u1eadp h\u1ee3p<br \/>\nH\u00ecnh d\u1ea1ng kh\u1ed1i nh\u1ef1a: G\u1ea1ch t\u1ef1 kh\u00f3a<br \/>\nCh\u1ea5t li\u1ec7u: Nh\u1ef1a<br \/>\nLo\u1ea1i nh\u1ef1a: ABS<br \/>\nBricks Blocks: 3631 +<br \/>\nKh\u00f4ng c\u00f3 h\u1ed9p ban \u0111\u1ea7u<br \/>\nS\u1ea3n ph\u1ea9m kh\u00f4ng bao g\u1ed3m STICKER v\u00e0 IN IN. T\u1ea5t c\u1ea3 c\u00e1c b\u1ed9 ph\u1eadn \u0111\u00e3 in s\u1ebd \u0111\u01b0\u1ee3c thay th\u1ebf b\u1eb1ng c\u00e1c b\u1ed9 ph\u1eadn ti\u00eau chu\u1ea9n v\u00e0 kh\u00f4ng \u0103n nh\u1eadp v\u1edbi c\u00e1c ph\u1ee5 ki\u1ec7n c\u1ee7a b\u00ean th\u1ee9 3.<\/p>","protected":false},"featured_media":62304,"comment_status":"open","ping_status":"closed","template":"","meta":{"_acf_changed":false},"product_cat":[1357,364],"product_tag":[13757,3191,13756,12302,8659,389,11080],"class_list":["product","first","instock","shipping-taxable","purchasable","product-type-simple"],"acf":[],"_links":{"self":[{"href":"https:\/\/mouldking.store\/vi\/wp-json\/wp\/v2\/product\/62305","targetHints":{"allow":["GET"]}}],"collection":[{"href":"https:\/\/mouldking.store\/vi\/wp-json\/wp\/v2\/product"}],"about":[{"href":"https:\/\/mouldking.store\/vi\/wp-json\/wp\/v2\/types\/product"}],"replies":[{"embeddable":true,"href":"https:\/\/mouldking.store\/vi\/wp-json\/wp\/v2\/comments?post=62305"}],"wp:featuredmedia":[{"embeddable":true,"href":"https:\/\/mouldking.store\/vi\/wp-json\/wp\/v2\/media\/62304"}],"wp:attachment":[{"href":"https:\/\/mouldking.store\/vi\/wp-json\/wp\/v2\/media?parent=62305"}],"wp:term":[{"taxonomy":"product_cat","embeddable":true,"href":"https:\/\/mouldking.store\/vi\/wp-json\/wp\/v2\/product_cat?post=62305"},{"taxonomy":"product_tag","embeddable":true,"href":"https:\/\/mouldking.store\/vi\/wp-json\/wp\/v2\/product_tag?post=62305"}],"curies":[{"name":"wp","href":"https:\/\/api.w.org\/{rel}","templated":true}]}}