{"id":62322,"date":"2024-11-14T18:10:55","date_gmt":"2024-11-14T11:10:55","guid":{"rendered":"https:\/\/mouldking.store\/shop\/moc-factory-185421-the-lord-of-the-rings-barad-dur-with-1196-pieces\/"},"modified":"2025-12-16T20:58:51","modified_gmt":"2025-12-16T13:58:51","slug":"moc-factory-185421-the-lord-of-the-rings-barad-dur-with-1196-pieces","status":"publish","type":"product","link":"https:\/\/mouldking.store\/vi\/shop\/moc-factory-185421-the-lord-of-the-rings-barad-dur-with-1196-pieces\/","title":{"rendered":"Nh\u00e0 m\u00e1y MOC 185421 Ch\u00faa t\u1ec3 c\u1ee7a nh\u1eefng chi\u1ebfc nh\u1eabn Barad-dur v\u1edbi 1196 m\u1ea3nh gh\u00e9p"},"content":{"rendered":"<div>&nbsp; \u2705 MOC-185421 The Lord of the Rings Barad-dur<\/p>\n<p>\u2705 <strong>Barad-d\u00fbr<\/strong>, also known as the <strong>Dark Tower<\/strong>, is the massive, fortress-like citadel of the Dark Lord Sauron in <em>J.R.R. Tolkien&#8217;s<\/em> <em>Ch\u00faa t\u1ec3 c\u1ee7a nh\u1eefng chi\u1ebfc nh\u1eabn<\/em>. Located in the land of Mordor, Barad-d\u00fbr is a symbol of Sauron&#8217;s power and his oppressive presence over Middle-earth.&nbsp;<\/p>\n<p>\ud83d\udeab QUAN TR\u1eccNG!<\/p>\n<p>Product Name:&nbsp; The Lord of the Rings Barad-dur&nbsp;<\/p>\n<p>Th\u1ec3 lo\u1ea1i: Phim<\/p>\n<p>This Kit Contains:&nbsp; C10203&nbsp;<\/p>\n<p>1196 pcs Good Quality Bricks<\/p>\n<p>Size:&nbsp; 16 x 32 x 96 cm&nbsp;<\/p>\n<p>C\u00e2n n\u1eb7ng: 1,54kg&nbsp;<\/p>\n<p>H\u01b0\u1edbng d\u1eabn PDF<\/p>\n<p>\ud83d\udcccB\u1ea3n ch\u1ea5t c\u1ee7a nh\u00e2n v\u1eadt ch\u00ednh<\/p>\n<p>Introducing our proud collection named \u201c The Lord of the Rings Barad-dur \u201d you should not miss.<\/p>\n<p>&nbsp; Built initially in the Second Age, Barad-d\u00fbr was constructed by Sauron with the power of the One Ring, which bound the structure to his will and made it virtually indestructible. Its vast construction took over 600 years and was considered one of the greatest works of evil in Middle-earth. When Sauron was defeated at the end of the Second Age and the One Ring was taken, Barad-d\u00fbr was destroyed but rebuilt by Sauron in the Third Age as his power returned.&nbsp;<\/p><\/div>","protected":false},"excerpt":{"rendered":"<p>Th\u01b0\u01a1ng hi\u1ec7u: Nh\u00e0 m\u00e1y M\u1ed8C<br \/>\nGi\u1edbi t\u00ednh: Unisex<br \/>\n\u0110\u1ed9 tu\u1ed5i: &gt; 6 tu\u1ed5i<br \/>\nModel Number: 185421<br \/>\nPh\u00e2n lo\u1ea1i: T\u1eadp h\u1ee3p<br \/>\nH\u00ecnh d\u1ea1ng kh\u1ed1i nh\u1ef1a: G\u1ea1ch t\u1ef1 kh\u00f3a<br \/>\nCh\u1ea5t li\u1ec7u: Nh\u1ef1a<br \/>\nLo\u1ea1i nh\u1ef1a: ABS<br \/>\nBricks Blocks: 1196 +<br \/>\nKh\u00f4ng c\u00f3 h\u1ed9p ban \u0111\u1ea7u<br \/>\nS\u1ea3n ph\u1ea9m kh\u00f4ng bao g\u1ed3m STICKER v\u00e0 IN IN. T\u1ea5t c\u1ea3 c\u00e1c b\u1ed9 ph\u1eadn \u0111\u00e3 in s\u1ebd \u0111\u01b0\u1ee3c thay th\u1ebf b\u1eb1ng c\u00e1c b\u1ed9 ph\u1eadn ti\u00eau chu\u1ea9n v\u00e0 kh\u00f4ng \u0103n nh\u1eadp v\u1edbi c\u00e1c ph\u1ee5 ki\u1ec7n c\u1ee7a b\u00ean th\u1ee9 3.<\/p>","protected":false},"featured_media":62321,"comment_status":"open","ping_status":"closed","template":"","meta":{"_acf_changed":false},"product_cat":[1365,1395,390,581,1408],"product_tag":[13759,8452,13326,392,434,13194,6169,13758],"class_list":["product","first","instock","shipping-taxable","purchasable","product-type-simple"],"acf":[],"_links":{"self":[{"href":"https:\/\/mouldking.store\/vi\/wp-json\/wp\/v2\/product\/62322","targetHints":{"allow":["GET"]}}],"collection":[{"href":"https:\/\/mouldking.store\/vi\/wp-json\/wp\/v2\/product"}],"about":[{"href":"https:\/\/mouldking.store\/vi\/wp-json\/wp\/v2\/types\/product"}],"replies":[{"embeddable":true,"href":"https:\/\/mouldking.store\/vi\/wp-json\/wp\/v2\/comments?post=62322"}],"wp:featuredmedia":[{"embeddable":true,"href":"https:\/\/mouldking.store\/vi\/wp-json\/wp\/v2\/media\/62321"}],"wp:attachment":[{"href":"https:\/\/mouldking.store\/vi\/wp-json\/wp\/v2\/media?parent=62322"}],"wp:term":[{"taxonomy":"product_cat","embeddable":true,"href":"https:\/\/mouldking.store\/vi\/wp-json\/wp\/v2\/product_cat?post=62322"},{"taxonomy":"product_tag","embeddable":true,"href":"https:\/\/mouldking.store\/vi\/wp-json\/wp\/v2\/product_tag?post=62322"}],"curies":[{"name":"wp","href":"https:\/\/api.w.org\/{rel}","templated":true}]}}