{"id":62330,"date":"2024-11-14T18:11:17","date_gmt":"2024-11-14T11:11:17","guid":{"rendered":"https:\/\/mouldking.store\/shop\/moc-factory-89030-smiling-friends-glep-pim-charlie-alan-mr-frog-with-603-pieces\/"},"modified":"2025-12-16T20:58:51","modified_gmt":"2025-12-16T13:58:51","slug":"moc-factory-89030-smiling-friends-glep-pim-charlie-alan-mr-frog-with-603-pieces","status":"publish","type":"product","link":"https:\/\/mouldking.store\/vi\/shop\/moc-factory-89030-smiling-friends-glep-pim-charlie-alan-mr-frog-with-603-pieces\/","title":{"rendered":"Nh\u00e0 m\u00e1y MOC 89030 Nh\u1eefng ng\u01b0\u1eddi b\u1ea1n m\u1ec9m c\u01b0\u1eddi Glep Pim Charlie Alan Mr Frog v\u1edbi 603 m\u1ea3nh gh\u00e9p"},"content":{"rendered":"<div>&nbsp; \u2705 MOC-89030 Smiling Friends Glep Pim Charlie Alan Mr Frog<\/p>\n<p>\u2705 <em>Smiling Friends<\/em> is an animated series created by <strong>Zach Hadel<\/strong> and <strong>Michael Cusack<\/strong>, known for its dark humor, absurdist comedy, and distinctive art style. The show follows a group of quirky characters working for a company called Smiling Friends, whose primary job is to make people happy, even though their methods and personalities often lead to bizarre and sometimes dark situations.<\/p>\n<p>\ud83d\udeab QUAN TR\u1eccNG!<\/p>\n<p>Product Name:&nbsp; Smiling Friends Glep Pim Charlie Alan Mr Frog<\/p>\n<p>Th\u1ec3 lo\u1ea1i: Phim<\/p>\n<p>This Kit Contains:&nbsp; C10204Y01<\/p>\n<p>603 pcs Good Quality Bricks<\/p>\n<p>Size:&nbsp; 5.2 x 6.4 x 8.5 cm<\/p>\n<p>C\u00e2n n\u1eb7ng: 0,33kg<\/p>\n<p>H\u01b0\u1edbng d\u1eabn PDF<\/p>\n<p>\ud83d\udcccB\u1ea3n ch\u1ea5t c\u1ee7a nh\u00e2n v\u1eadt ch\u00ednh<\/p>\n<p>Introducing our proud collection named \u201c Smiling Friends Glep Pim Charlie Alan Mr Frog \u201d you should not miss.<\/p>\n<p>&nbsp; Glep is a rather unusual and goofy character in <em>Smiling Friends<\/em>, known for his strange, alien-like appearance. He is often seen working as a low-level employee at Smiling Friends.&nbsp; Pim is one of the two main characters who run Smiling Friends alongside Charlie. He is a short, orange, and somewhat hyperactive figure with a somewhat carefree and often reckless attitude.&nbsp; Charlie is the other main character of Smiling Friends, working alongside Pim. He is more grounded compared to Pim, but still partakes in the oddities of their job.&nbsp; Alan is another employee of Smiling Friends. He\u2019s a strange and somewhat mysterious character who doesn\u2019t speak much and is often seen as a bit of an outsider.&nbsp; Mr. Frog is a character in <em>Smiling Friends<\/em> who is known for his energetic and bizarre personality. He\u2019s a recurring character who brings a lot of the show\u2019s signature absurdity and randomness.&nbsp;<\/div>","protected":false},"excerpt":{"rendered":"<p>Th\u01b0\u01a1ng hi\u1ec7u: Nh\u00e0 m\u00e1y M\u1ed8C<br \/>\nGi\u1edbi t\u00ednh: Unisex<br \/>\n\u0110\u1ed9 tu\u1ed5i: &gt; 6 tu\u1ed5i<br \/>\nModel Number: 89030<br \/>\nPh\u00e2n lo\u1ea1i: T\u1eadp h\u1ee3p<br \/>\nH\u00ecnh d\u1ea1ng kh\u1ed1i nh\u1ef1a: G\u1ea1ch t\u1ef1 kh\u00f3a<br \/>\nCh\u1ea5t li\u1ec7u: Nh\u1ef1a<br \/>\nLo\u1ea1i nh\u1ef1a: ABS<br \/>\nBricks Blocks: 603 +<br \/>\nKh\u00f4ng c\u00f3 h\u1ed9p ban \u0111\u1ea7u<br \/>\nS\u1ea3n ph\u1ea9m kh\u00f4ng bao g\u1ed3m STICKER v\u00e0 IN IN. T\u1ea5t c\u1ea3 c\u00e1c b\u1ed9 ph\u1eadn \u0111\u00e3 in s\u1ebd \u0111\u01b0\u1ee3c thay th\u1ebf b\u1eb1ng c\u00e1c b\u1ed9 ph\u1eadn ti\u00eau chu\u1ea9n v\u00e0 kh\u00f4ng \u0103n nh\u1eadp v\u1edbi c\u00e1c ph\u1ee5 ki\u1ec7n c\u1ee7a b\u00ean th\u1ee9 3.<\/p>","protected":false},"featured_media":62329,"comment_status":"open","ping_status":"closed","template":"","meta":{"_acf_changed":false},"product_cat":[1365,371,581,1408],"product_tag":[13723,13722,11072,11775,8452,13720,434,13724,13721,13719],"class_list":["product","first","instock","shipping-taxable","purchasable","product-type-simple"],"acf":[],"_links":{"self":[{"href":"https:\/\/mouldking.store\/vi\/wp-json\/wp\/v2\/product\/62330","targetHints":{"allow":["GET"]}}],"collection":[{"href":"https:\/\/mouldking.store\/vi\/wp-json\/wp\/v2\/product"}],"about":[{"href":"https:\/\/mouldking.store\/vi\/wp-json\/wp\/v2\/types\/product"}],"replies":[{"embeddable":true,"href":"https:\/\/mouldking.store\/vi\/wp-json\/wp\/v2\/comments?post=62330"}],"wp:featuredmedia":[{"embeddable":true,"href":"https:\/\/mouldking.store\/vi\/wp-json\/wp\/v2\/media\/62329"}],"wp:attachment":[{"href":"https:\/\/mouldking.store\/vi\/wp-json\/wp\/v2\/media?parent=62330"}],"wp:term":[{"taxonomy":"product_cat","embeddable":true,"href":"https:\/\/mouldking.store\/vi\/wp-json\/wp\/v2\/product_cat?post=62330"},{"taxonomy":"product_tag","embeddable":true,"href":"https:\/\/mouldking.store\/vi\/wp-json\/wp\/v2\/product_tag?post=62330"}],"curies":[{"name":"wp","href":"https:\/\/api.w.org\/{rel}","templated":true}]}}