{"id":62337,"date":"2024-11-14T18:11:43","date_gmt":"2024-11-14T11:11:43","guid":{"rendered":"https:\/\/mouldking.store\/shop\/moc-factory-154779-the-iron-giant-with-1796-pieces\/"},"modified":"2025-12-16T20:58:51","modified_gmt":"2025-12-16T13:58:51","slug":"moc-factory-154779-the-iron-giant-with-1796-pieces","status":"publish","type":"product","link":"https:\/\/mouldking.store\/vi\/shop\/moc-factory-154779-the-iron-giant-with-1796-pieces\/","title":{"rendered":"Nh\u00e0 m\u00e1y MOC 154779 Ng\u01b0\u1eddi kh\u1ed5ng l\u1ed3 s\u1eaft v\u1edbi 1796 m\u1ea3nh gh\u00e9p"},"content":{"rendered":"<div>&nbsp;<\/div>\n<div>&nbsp;\u2705 MOC-154779 The Iron Giant<\/p>\n<p>\u2705 <em>The Iron Giant<\/em> is a 1999 animated film directed by Brad Bird, based on the 1968 novel <em>The Iron Man<\/em> by Ted Hughes. Set during the Cold War in 1957, it follows the story of a young boy named Hogarth Hughes who discovers a giant alien robot that falls from space and lands near the small town of Rockwell, Maine. Hogarth and the robot develop a friendship, but as the government becomes aware of the Iron Giant&#8217;s existence, tensions rise, culminating in an intense exploration of war, fear, and humanity.&nbsp;<\/p>\n<p>\ud83d\udeab QUAN TR\u1eccNG!<\/p>\n<p>Product Name:&nbsp; The Iron Giant&nbsp;<\/p>\n<p>Th\u1ec3 lo\u1ea1i: Phim<\/p>\n<p>This Kit Contains:&nbsp; C10216&nbsp;<\/p>\n<p>1796 pcs Good Quality Bricks<\/p>\n<p>Size:&nbsp; 32 x 15 x 32 cm&nbsp;<\/p>\n<p>Weight: 1.4 kg&nbsp;<\/p>\n<p>H\u01b0\u1edbng d\u1eabn PDF<\/p>\n<p>\ud83d\udcccB\u1ea3n ch\u1ea5t c\u1ee7a nh\u00e2n v\u1eadt ch\u00ednh<\/p>\n<p>Introducing our proud collection named \u201c The Iron Giant \u201d you should not miss.<br \/>&nbsp;<\/div>\n<div>The film is well-loved for its emotional depth, storytelling, and its strong anti-violence message. It emphasizes themes like friendship, bravery, and choosing who you want to be, particularly seen in the Iron Giant\u2019s memorable line, \u201cYou are who you choose to be.\u201d This message, along with the beautiful animation and voice acting\u2014including Vin Diesel as the voice of the Giant\u2014has helped <em>The Iron Giant<\/em> achieve a near-cult status over the years.&nbsp;<\/div>","protected":false},"excerpt":{"rendered":"<p>Th\u01b0\u01a1ng hi\u1ec7u: Nh\u00e0 m\u00e1y M\u1ed8C<br \/>\nGi\u1edbi t\u00ednh: Unisex<br \/>\n\u0110\u1ed9 tu\u1ed5i: &gt; 6 tu\u1ed5i<br \/>\nModel Number: 154779<br \/>\nPh\u00e2n lo\u1ea1i: T\u1eadp h\u1ee3p<br \/>\nH\u00ecnh d\u1ea1ng kh\u1ed1i nh\u1ef1a: G\u1ea1ch t\u1ef1 kh\u00f3a<br \/>\nCh\u1ea5t li\u1ec7u: Nh\u1ef1a<br \/>\nLo\u1ea1i nh\u1ef1a: ABS<br \/>\nBricks Blocks: 1796 +<br \/>\nKh\u00f4ng c\u00f3 h\u1ed9p ban \u0111\u1ea7u<br \/>\nS\u1ea3n ph\u1ea9m kh\u00f4ng bao g\u1ed3m STICKER v\u00e0 IN IN. T\u1ea5t c\u1ea3 c\u00e1c b\u1ed9 ph\u1eadn \u0111\u00e3 in s\u1ebd \u0111\u01b0\u1ee3c thay th\u1ebf b\u1eb1ng c\u00e1c b\u1ed9 ph\u1eadn ti\u00eau chu\u1ea9n v\u00e0 kh\u00f4ng \u0103n nh\u1eadp v\u1edbi c\u00e1c ph\u1ee5 ki\u1ec7n c\u1ee7a b\u00ean th\u1ee9 3.<\/p>","protected":false},"featured_media":62336,"comment_status":"open","ping_status":"closed","template":"","meta":{"_acf_changed":false},"product_cat":[1365,371,581,1408],"product_tag":[11072,8452,10403,8789,434,590],"class_list":["product","first","instock","shipping-taxable","purchasable","product-type-simple"],"acf":[],"_links":{"self":[{"href":"https:\/\/mouldking.store\/vi\/wp-json\/wp\/v2\/product\/62337","targetHints":{"allow":["GET"]}}],"collection":[{"href":"https:\/\/mouldking.store\/vi\/wp-json\/wp\/v2\/product"}],"about":[{"href":"https:\/\/mouldking.store\/vi\/wp-json\/wp\/v2\/types\/product"}],"replies":[{"embeddable":true,"href":"https:\/\/mouldking.store\/vi\/wp-json\/wp\/v2\/comments?post=62337"}],"wp:featuredmedia":[{"embeddable":true,"href":"https:\/\/mouldking.store\/vi\/wp-json\/wp\/v2\/media\/62336"}],"wp:attachment":[{"href":"https:\/\/mouldking.store\/vi\/wp-json\/wp\/v2\/media?parent=62337"}],"wp:term":[{"taxonomy":"product_cat","embeddable":true,"href":"https:\/\/mouldking.store\/vi\/wp-json\/wp\/v2\/product_cat?post=62337"},{"taxonomy":"product_tag","embeddable":true,"href":"https:\/\/mouldking.store\/vi\/wp-json\/wp\/v2\/product_tag?post=62337"}],"curies":[{"name":"wp","href":"https:\/\/api.w.org\/{rel}","templated":true}]}}