{"id":62360,"date":"2024-11-14T18:17:02","date_gmt":"2024-11-14T11:17:02","guid":{"rendered":"https:\/\/mouldking.store\/shop\/moc-factory-89027-the-golden-girls-dorothy-zbornak-rose-nylund-blanche-elizabeth-devereaux-sophia-petrillo-with-610-pieces\/"},"modified":"2025-12-16T20:58:51","modified_gmt":"2025-12-16T13:58:51","slug":"moc-factory-89027-the-golden-girls-dorothy-zbornak-rose-nylund-blanche-elizabeth-devereaux-sophia-petrillo-with-610-pieces","status":"publish","type":"product","link":"https:\/\/mouldking.store\/vi\/shop\/moc-factory-89027-the-golden-girls-dorothy-zbornak-rose-nylund-blanche-elizabeth-devereaux-sophia-petrillo-with-610-pieces\/","title":{"rendered":"Nh\u00e0 m\u00e1y MOC 89027 Nh\u1eefng c\u00f4 g\u00e1i v\u00e0ng Dorothy Zbornak Rose Nylund Blanche Elizabeth Devereaux Sophia Petrillo v\u1edbi 610 m\u1ea3nh gh\u00e9p"},"content":{"rendered":"<div>&nbsp;<\/div>\n<div>&nbsp;\u2705 MOC-89027 The Golden GirlsDorothy Zbornak Rose Nylund Blanche Elizabeth Devereaux Sophia Petrillo<\/p>\n<p>\u2705 <em>The Golden Girls<\/em> is a beloved American sitcom that aired from 1985 to 1992, following the lives of four older women who share a home in Miami, Florida. Each character has a distinct personality, leading to endless humorous and heartfelt interactions.<\/p>\n<p>\ud83d\udeab QUAN TR\u1eccNG!<\/p>\n<p>Product Name:&nbsp; The Golden GirlsDorothy Zbornak Rose Nylund Blanche Elizabeth Devereaux Sophia Petrillo<\/p>\n<p>Th\u1ec3 lo\u1ea1i: Phim<\/p>\n<p>This Kit Contains:&nbsp; F-C10012<\/p>\n<p>610 pcs Good Quality Bricks<\/p>\n<p>Weight: 0.59 kg<\/p>\n<p>H\u01b0\u1edbng d\u1eabn PDF<\/p>\n<p>\ud83d\udcccB\u1ea3n ch\u1ea5t c\u1ee7a nh\u00e2n v\u1eadt ch\u00ednh<\/p>\n<p>Introducing our proud collection named \u201c The Golden GirlsDorothy Zbornak Rose Nylund Blanche Elizabeth Devereaux Sophia Petrillo \u201d you should not miss.<\/p>\n<p>&nbsp; <strong>Dorothy Zbornak<\/strong> (played by Bea Arthur) is a sharp-witted, sarcastic former substitute teacher with a dry sense of humor. Often the most practical of the group, she\u2019s known for her quick retorts and exasperation with her mother, Sophia. Dorothy\u2019s intelligence and strength are balanced by her vulnerabilities, especially regarding her complex love life and past marriage. &nbsp;<\/div>\n<div><strong>Rose Nylund<\/strong> (Betty White) hails from St. Olaf, Minnesota, and is known for her kind heart, naivete, and endless supply of quirky \u201cSt. Olaf\u201d stories. Her innocence and sometimes ditsy demeanor make her a lovable character who often finds herself the target of the other ladies\u2019 jokes. Despite her quirks, Rose brings a lot of heart and unexpected wisdom to the group.&nbsp; <strong>Blanche Elizabeth Devereaux<\/strong> (Rue McClanahan) is the group\u2019s Southern belle with a flamboyant and confident personality. Blanche is proud of her femininity, beauty, and her active love life. Her glamorous style and vanity add humor and depth, as she often views herself as the most alluring of the four.&nbsp; <strong>Sophia Petrillo<\/strong> (Estelle Getty), Dorothy\u2019s mother, is a small but fiery Sicilian woman with a knack for cutting through nonsense with brutal honesty and \u201cSicilian\u201d wisdom. Her blunt, often outrageous comments are iconic, and she brings a unique combination of humor, sass, and love to the household dynamic.&nbsp;<\/div>","protected":false},"excerpt":{"rendered":"<p>Th\u01b0\u01a1ng hi\u1ec7u: Nh\u00e0 m\u00e1y M\u1ed8C<br \/>\nGi\u1edbi t\u00ednh: Unisex<br \/>\n\u0110\u1ed9 tu\u1ed5i: &gt; 6 tu\u1ed5i<br \/>\nModel Number: 89027<br \/>\nPh\u00e2n lo\u1ea1i: T\u1eadp h\u1ee3p<br \/>\nH\u00ecnh d\u1ea1ng kh\u1ed1i nh\u1ef1a: G\u1ea1ch t\u1ef1 kh\u00f3a<br \/>\nCh\u1ea5t li\u1ec7u: Nh\u1ef1a<br \/>\nLo\u1ea1i nh\u1ef1a: ABS<br \/>\nBricks Blocks: 610 +<br \/>\nKh\u00f4ng c\u00f3 h\u1ed9p ban \u0111\u1ea7u<br \/>\nS\u1ea3n ph\u1ea9m kh\u00f4ng bao g\u1ed3m STICKER v\u00e0 IN IN. T\u1ea5t c\u1ea3 c\u00e1c b\u1ed9 ph\u1eadn \u0111\u00e3 in s\u1ebd \u0111\u01b0\u1ee3c thay th\u1ebf b\u1eb1ng c\u00e1c b\u1ed9 ph\u1eadn ti\u00eau chu\u1ea9n v\u00e0 kh\u00f4ng \u0103n nh\u1eadp v\u1edbi c\u00e1c ph\u1ee5 ki\u1ec7n c\u1ee7a b\u00ean th\u1ee9 3.<\/p>","protected":false},"featured_media":62359,"comment_status":"open","ping_status":"closed","template":"","meta":{"_acf_changed":false},"product_cat":[1365,1475,371,581,1408],"product_tag":[13765,11072,8452,13766,13762,12167,13649,11105,434,13768,10868,13764,13767,13763],"class_list":["product","first","instock","shipping-taxable","purchasable","product-type-simple"],"acf":[],"_links":{"self":[{"href":"https:\/\/mouldking.store\/vi\/wp-json\/wp\/v2\/product\/62360","targetHints":{"allow":["GET"]}}],"collection":[{"href":"https:\/\/mouldking.store\/vi\/wp-json\/wp\/v2\/product"}],"about":[{"href":"https:\/\/mouldking.store\/vi\/wp-json\/wp\/v2\/types\/product"}],"replies":[{"embeddable":true,"href":"https:\/\/mouldking.store\/vi\/wp-json\/wp\/v2\/comments?post=62360"}],"wp:featuredmedia":[{"embeddable":true,"href":"https:\/\/mouldking.store\/vi\/wp-json\/wp\/v2\/media\/62359"}],"wp:attachment":[{"href":"https:\/\/mouldking.store\/vi\/wp-json\/wp\/v2\/media?parent=62360"}],"wp:term":[{"taxonomy":"product_cat","embeddable":true,"href":"https:\/\/mouldking.store\/vi\/wp-json\/wp\/v2\/product_cat?post=62360"},{"taxonomy":"product_tag","embeddable":true,"href":"https:\/\/mouldking.store\/vi\/wp-json\/wp\/v2\/product_tag?post=62360"}],"curies":[{"name":"wp","href":"https:\/\/api.w.org\/{rel}","templated":true}]}}