{"id":62363,"date":"2024-11-14T18:17:34","date_gmt":"2024-11-14T11:17:34","guid":{"rendered":"https:\/\/mouldking.store\/shop\/moc-factory-89026-outer-wilds-spaceship-with-879-pieces\/"},"modified":"2025-12-16T20:58:51","modified_gmt":"2025-12-16T13:58:51","slug":"moc-factory-89026-outer-wilds-spaceship-with-879-pieces","status":"publish","type":"product","link":"https:\/\/mouldking.store\/vi\/shop\/moc-factory-89026-outer-wilds-spaceship-with-879-pieces\/","title":{"rendered":"MOC Factory 89026 T\u00e0u v\u0169 tr\u1ee5 Outer Wilds v\u1edbi 879 m\u1ea3nh gh\u00e9p"},"content":{"rendered":"<div>&nbsp; \u2705 MOC-89026 Outer Wilds Spaceship<\/p>\n<p>\u2705 In <em>Outer Wilds<\/em>, the spaceship is an essential tool for exploring the mysteries of the game\u2019s vast, ever-changing solar system. The ship is distinctly scrappy and handmade, with a design that feels cobbled together by curious explorers. Constructed by the Hearthians\u2014your character\u2019s alien species\u2014it combines wood, metal, and salvaged technology, giving it a rustic, almost steampunk aesthetic. The ship&#8217;s compact cockpit, dominated by a large glass windshield, offers a wide view of the stars and the strange planets you\u2019ll encounter.&nbsp;<\/p>\n<p>\ud83d\udeab QUAN TR\u1eccNG!<\/p>\n<p>Product Name:&nbsp; Outer Wilds Spaceship&nbsp;<\/p>\n<p>Th\u1ec3 lo\u1ea1i: Kh\u00f4ng gian<\/p>\n<p>This Kit Contains:&nbsp; F-C10014&nbsp;<\/p>\n<p>879 pcs Good Quality Bricks<\/p>\n<p>Weight: 1.23 kg&nbsp;<\/p>\n<p>H\u01b0\u1edbng d\u1eabn PDF<\/p>\n<p>\ud83d\udcccB\u1ea3n ch\u1ea5t c\u1ee7a nh\u00e2n v\u1eadt ch\u00ednh<\/p>\n<p>Introducing our proud collection named \u201c Outer Wilds Spaceship \u201d you should not miss.<\/p>\n<p>&nbsp; The interior is functional and cozy, with various dials, levers, and instruments arranged in a way that feels both mechanical and intuitive. Essential equipment like the signal scope and the translator tool are stored within easy reach, while the ship\u2019s log automatically records discoveries, adding a sense of progression to each journey. The pilot seat is a simple wooden chair bolted to the floor, adding to the ship&#8217;s homespun charm, and a zero-gravity space enables easy movement within the vessel.&nbsp;<\/p><\/div>","protected":false},"excerpt":{"rendered":"<p>Th\u01b0\u01a1ng hi\u1ec7u: Nh\u00e0 m\u00e1y M\u1ed8C<br \/>\nGi\u1edbi t\u00ednh: Unisex<br \/>\n\u0110\u1ed9 tu\u1ed5i: &gt; 6 tu\u1ed5i<br \/>\nModel Number: 89026<br \/>\nPh\u00e2n lo\u1ea1i: T\u1eadp h\u1ee3p<br \/>\nH\u00ecnh d\u1ea1ng kh\u1ed1i nh\u1ef1a: G\u1ea1ch t\u1ef1 kh\u00f3a<br \/>\nCh\u1ea5t li\u1ec7u: Nh\u1ef1a<br \/>\nLo\u1ea1i nh\u1ef1a: ABS<br \/>\nBricks Blocks: 879 +<br \/>\nKh\u00f4ng c\u00f3 h\u1ed9p ban \u0111\u1ea7u<br \/>\nS\u1ea3n ph\u1ea9m kh\u00f4ng bao g\u1ed3m STICKER v\u00e0 IN IN. T\u1ea5t c\u1ea3 c\u00e1c b\u1ed9 ph\u1eadn \u0111\u00e3 in s\u1ebd \u0111\u01b0\u1ee3c thay th\u1ebf b\u1eb1ng c\u00e1c b\u1ed9 ph\u1eadn ti\u00eau chu\u1ea9n v\u00e0 kh\u00f4ng \u0103n nh\u1eadp v\u1edbi c\u00e1c ph\u1ee5 ki\u1ec7n c\u1ee7a b\u00ean th\u1ee9 3.<\/p>","protected":false},"featured_media":62362,"comment_status":"open","ping_status":"closed","template":"","meta":{"_acf_changed":false},"product_cat":[1365,371,581,6016,1408],"product_tag":[11072,8452,434,2276,11433],"class_list":["product","first","outofstock","shipping-taxable","purchasable","product-type-simple"],"acf":[],"_links":{"self":[{"href":"https:\/\/mouldking.store\/vi\/wp-json\/wp\/v2\/product\/62363","targetHints":{"allow":["GET"]}}],"collection":[{"href":"https:\/\/mouldking.store\/vi\/wp-json\/wp\/v2\/product"}],"about":[{"href":"https:\/\/mouldking.store\/vi\/wp-json\/wp\/v2\/types\/product"}],"replies":[{"embeddable":true,"href":"https:\/\/mouldking.store\/vi\/wp-json\/wp\/v2\/comments?post=62363"}],"wp:featuredmedia":[{"embeddable":true,"href":"https:\/\/mouldking.store\/vi\/wp-json\/wp\/v2\/media\/62362"}],"wp:attachment":[{"href":"https:\/\/mouldking.store\/vi\/wp-json\/wp\/v2\/media?parent=62363"}],"wp:term":[{"taxonomy":"product_cat","embeddable":true,"href":"https:\/\/mouldking.store\/vi\/wp-json\/wp\/v2\/product_cat?post=62363"},{"taxonomy":"product_tag","embeddable":true,"href":"https:\/\/mouldking.store\/vi\/wp-json\/wp\/v2\/product_tag?post=62363"}],"curies":[{"name":"wp","href":"https:\/\/api.w.org\/{rel}","templated":true}]}}