{"id":62368,"date":"2024-11-14T18:17:47","date_gmt":"2024-11-14T11:17:47","guid":{"rendered":"https:\/\/mouldking.store\/shop\/moc-factory-89023-avataramp-suit-quaritch-rda-helicopter-aerospatiale-sa-2-samson-with-718-pieces\/"},"modified":"2025-12-16T20:58:51","modified_gmt":"2025-12-16T13:58:51","slug":"moc-factory-89023-avataramp-suit-quaritch-rda-helicopter-aerospatiale-sa-2-samson-with-718-pieces","status":"publish","type":"product","link":"https:\/\/mouldking.store\/vi\/shop\/moc-factory-89023-avataramp-suit-quaritch-rda-helicopter-aerospatiale-sa-2-samson-with-718-pieces\/","title":{"rendered":"MOC Factory 89023 AvatarAMP Suit Quaritch RDA Helicopter Aerospatiale SA-2 Samson v\u1edbi 718 m\u1ea3nh"},"content":{"rendered":"<div>&nbsp; \u2705 MOC-89023 AvatarAMP Suit Quaritch RDA Helicopter Aerospatiale SA-2 Samson<\/p>\n<p>\u2705 In <em>Avatar<\/em> (2009), director James Cameron introduces an expansive sci-fi world filled with advanced human technology juxtaposed with the natural beauty of Pandora. The story\u2019s villains, representing the militaristic and exploitative RDA (Resources Development Administration), use various mechanized vehicles to assert dominance and control over the planet\u2019s native Na&#8217;vi population.<\/p>\n<p>\ud83d\udeab QUAN TR\u1eccNG!<\/p>\n<p>Product Name:&nbsp; AvatarAMP Suit Quaritch RDA Helicopter Aerospatiale SA-2 Samson<\/p>\n<p>Th\u1ec3 lo\u1ea1i: Phim<\/p>\n<p>This Kit Contains: &nbsp; F-C9917<\/p>\n<p>718 pcs Good Quality Bricks<\/p>\n<p>Weight: 0.6 kg<\/p>\n<p>H\u01b0\u1edbng d\u1eabn PDF<\/p>\n<p>\ud83d\udcccB\u1ea3n ch\u1ea5t c\u1ee7a nh\u00e2n v\u1eadt ch\u00ednh<\/p>\n<p>Introducing our proud collection named \u201c AvatarAMP Suit Quaritch RDA Helicopter Aerospatiale SA-2 Samson \u201d you should not miss.<\/p>\n<p>&nbsp; <strong>AMP Suit (Amplified Mobility Platform)<\/strong>: The AMP Suit is a large, human-piloted exoskeleton used by the RDA for combat, heavy lifting, and operations on Pandora\u2019s rugged terrain. Standing around 4 meters tall, it acts as a powerful, armored extension of the pilot&#8217;s movements, equipped with heavy weaponry and a knife, giving it an intimidating, militaristic presence. Operated by Colonel Miles Quaritch (Stephen Lang), the AMP suit becomes a formidable weapon, especially in the climactic battle scenes where it is pitted against Pandora\u2019s wildlife and the Na&#8217;vi.&nbsp; <strong>Colonel Miles Quaritch<\/strong>: As the main antagonist, Quaritch is a hardened, determined soldier leading the RDA\u2019s private military. He\u2019s known for his unyielding approach and willingness to use Pandora\u2019s resources without regard for its inhabitants. Quaritch operates his AMP Suit with ease, turning it into a symbol of his character\u2019s ruthless, violent nature and his mission to secure the planet\u2019s resources at all costs.&nbsp; <strong>RDA Helicopter (Aerospatiale SA-2 Samson)<\/strong>: The SA-2 Samson is a rotorcraft that serves as a multi-role utility vehicle for the RDA. It\u2019s capable of transporting troops, carrying cargo, and engaging in aerial combat. Its dual rotor system and rugged design allow it to maneuver in Pandora\u2019s challenging environment, flying through dense forests and canyons with relative ease. The Samson is often equipped with machine guns and rocket pods, making it a versatile, reliable vehicle for both logistical and combat purposes.&nbsp;<\/div>","protected":false},"excerpt":{"rendered":"<p>Th\u01b0\u01a1ng hi\u1ec7u: Nh\u00e0 m\u00e1y M\u1ed8C<br \/>\nGi\u1edbi t\u00ednh: Unisex<br \/>\n\u0110\u1ed9 tu\u1ed5i: &gt; 6 tu\u1ed5i<br \/>\nModel Number: 89023<br \/>\nPh\u00e2n lo\u1ea1i: T\u1eadp h\u1ee3p<br \/>\nH\u00ecnh d\u1ea1ng kh\u1ed1i nh\u1ef1a: G\u1ea1ch t\u1ef1 kh\u00f3a<br \/>\nCh\u1ea5t li\u1ec7u: Nh\u1ef1a<br \/>\nLo\u1ea1i nh\u1ef1a: ABS<br \/>\nBricks Blocks: 718 +<br \/>\nKh\u00f4ng c\u00f3 h\u1ed9p ban \u0111\u1ea7u<br \/>\nS\u1ea3n ph\u1ea9m kh\u00f4ng bao g\u1ed3m STICKER v\u00e0 IN IN. T\u1ea5t c\u1ea3 c\u00e1c b\u1ed9 ph\u1eadn \u0111\u00e3 in s\u1ebd \u0111\u01b0\u1ee3c thay th\u1ebf b\u1eb1ng c\u00e1c b\u1ed9 ph\u1eadn ti\u00eau chu\u1ea9n v\u00e0 kh\u00f4ng \u0103n nh\u1eadp v\u1edbi c\u00e1c ph\u1ee5 ki\u1ec7n c\u1ee7a b\u00ean th\u1ee9 3.<\/p>","protected":false},"featured_media":62367,"comment_status":"open","ping_status":"closed","template":"","meta":{"_acf_changed":false},"product_cat":[1365,371,581,6016,1408],"product_tag":[13774,13772,11072,8452,5298,434,13616,13773,13775,13776,2276,8564],"class_list":["product","first","instock","shipping-taxable","purchasable","product-type-simple"],"acf":[],"_links":{"self":[{"href":"https:\/\/mouldking.store\/vi\/wp-json\/wp\/v2\/product\/62368","targetHints":{"allow":["GET"]}}],"collection":[{"href":"https:\/\/mouldking.store\/vi\/wp-json\/wp\/v2\/product"}],"about":[{"href":"https:\/\/mouldking.store\/vi\/wp-json\/wp\/v2\/types\/product"}],"replies":[{"embeddable":true,"href":"https:\/\/mouldking.store\/vi\/wp-json\/wp\/v2\/comments?post=62368"}],"wp:featuredmedia":[{"embeddable":true,"href":"https:\/\/mouldking.store\/vi\/wp-json\/wp\/v2\/media\/62367"}],"wp:attachment":[{"href":"https:\/\/mouldking.store\/vi\/wp-json\/wp\/v2\/media?parent=62368"}],"wp:term":[{"taxonomy":"product_cat","embeddable":true,"href":"https:\/\/mouldking.store\/vi\/wp-json\/wp\/v2\/product_cat?post=62368"},{"taxonomy":"product_tag","embeddable":true,"href":"https:\/\/mouldking.store\/vi\/wp-json\/wp\/v2\/product_tag?post=62368"}],"curies":[{"name":"wp","href":"https:\/\/api.w.org\/{rel}","templated":true}]}}