{"id":62373,"date":"2024-11-14T18:18:03","date_gmt":"2024-11-14T11:18:03","guid":{"rendered":"https:\/\/mouldking.store\/shop\/moc-factory-89025-i-love-lucy-lucy-ricardo-ethel-mertz-with-455-pieces\/"},"modified":"2025-12-16T20:58:50","modified_gmt":"2025-12-16T13:58:50","slug":"moc-factory-89025-i-love-lucy-lucy-ricardo-ethel-mertz-with-455-pieces","status":"publish","type":"product","link":"https:\/\/mouldking.store\/vi\/shop\/moc-factory-89025-i-love-lucy-lucy-ricardo-ethel-mertz-with-455-pieces\/","title":{"rendered":"Nh\u00e0 m\u00e1y MOC 89025 T\u00f4i y\u00eau Lucy Lucy Ricardo Ethel Mertz v\u1edbi 455 m\u1ea3nh gh\u00e9p"},"content":{"rendered":"<div>&nbsp; \u2705 MOC-89025 I Love Lucy Lucy Ricardo Ethel Mertz<\/p>\n<p>\u2705 <em>I Love Lucy<\/em> is a classic American sitcom that aired from 1951 to 1957, featuring the comedic adventures of Lucy Ricardo (played by Lucille Ball) and her best friend Ethel Mertz (Vivian Vance). The show is set in New York City and centers on Lucy&#8217;s many escapades as she dreams of stardom and constantly tries to break into show business, often with hilarious and chaotic results.<\/p>\n<p>\ud83d\udeab QUAN TR\u1eccNG!<\/p>\n<p>Product Name:&nbsp; I Love Lucy Lucy Ricardo Ethel Mertz<\/p>\n<p>Th\u1ec3 lo\u1ea1i: Phim<\/p>\n<p>This Kit Contains:&nbsp; F-C10107<\/p>\n<p>455 pcs Good Quality Bricks<\/p>\n<p>Weight: 0.5 kg<\/p>\n<p>H\u01b0\u1edbng d\u1eabn PDF<\/p>\n<p>\ud83d\udcccB\u1ea3n ch\u1ea5t c\u1ee7a nh\u00e2n v\u1eadt ch\u00ednh<\/p>\n<p>Introducing our proud collection named \u201c&nbsp; I Love Lucy Lucy Ricardo Ethel Mertz \u201d you should not miss.<\/p>\n<p>&nbsp; <strong>Lucy Ricardo<\/strong> is the mischievous, high-spirited, and ambitious wife of Ricky Ricardo, a Cuban-American bandleader (played by Desi Arnaz). Her curiosity and desire for fame lead her into endless comedic situations, from getting into slapstick trouble at her husband\u2019s club to attempting wild stunts to prove her acting skills. Lucy is famous for her expressive physical comedy and iconic scenes, like the unforgettable chocolate factory episode and the wine-stomping fiasco.&nbsp; <strong>Ethel Mertz<\/strong> is Lucy&#8217;s loyal but occasionally skeptical best friend and partner in crime. Married to Fred Mertz (William Frawley), the Ricardos&#8217; landlord and Ricky\u2019s friend, Ethel is often drawn into Lucy&#8217;s schemes, despite her better judgment. She shares a close, often sarcastic friendship with Lucy, serving as the voice of reason but also reveling in their antics. Though Ethel sometimes tries to keep Lucy out of trouble, she just as often ends up being a willing co-conspirator, adding to the fun.&nbsp;<\/div>","protected":false},"excerpt":{"rendered":"<p>Th\u01b0\u01a1ng hi\u1ec7u: Nh\u00e0 m\u00e1y M\u1ed8C<br \/>\nGi\u1edbi t\u00ednh: Unisex<br \/>\n\u0110\u1ed9 tu\u1ed5i: &gt; 6 tu\u1ed5i<br \/>\nModel Number: 89025<br \/>\nPh\u00e2n lo\u1ea1i: T\u1eadp h\u1ee3p<br \/>\nH\u00ecnh d\u1ea1ng kh\u1ed1i nh\u1ef1a: G\u1ea1ch t\u1ef1 kh\u00f3a<br \/>\nCh\u1ea5t li\u1ec7u: Nh\u1ef1a<br \/>\nLo\u1ea1i nh\u1ef1a: ABS<br \/>\nBricks Blocks: 455 +<br \/>\nKh\u00f4ng c\u00f3 h\u1ed9p ban \u0111\u1ea7u<br \/>\nS\u1ea3n ph\u1ea9m kh\u00f4ng bao g\u1ed3m STICKER v\u00e0 IN IN. T\u1ea5t c\u1ea3 c\u00e1c b\u1ed9 ph\u1eadn \u0111\u00e3 in s\u1ebd \u0111\u01b0\u1ee3c thay th\u1ebf b\u1eb1ng c\u00e1c b\u1ed9 ph\u1eadn ti\u00eau chu\u1ea9n v\u00e0 kh\u00f4ng \u0103n nh\u1eadp v\u1edbi c\u00e1c ph\u1ee5 ki\u1ec7n c\u1ee7a b\u00ean th\u1ee9 3.<\/p>","protected":false},"featured_media":62372,"comment_status":"open","ping_status":"closed","template":"","meta":{"_acf_changed":false},"product_cat":[1365,371,581,1408],"product_tag":[11072,8452,13771,6522,13769,434,13770],"class_list":["product","first","instock","shipping-taxable","purchasable","product-type-simple"],"acf":[],"_links":{"self":[{"href":"https:\/\/mouldking.store\/vi\/wp-json\/wp\/v2\/product\/62373","targetHints":{"allow":["GET"]}}],"collection":[{"href":"https:\/\/mouldking.store\/vi\/wp-json\/wp\/v2\/product"}],"about":[{"href":"https:\/\/mouldking.store\/vi\/wp-json\/wp\/v2\/types\/product"}],"replies":[{"embeddable":true,"href":"https:\/\/mouldking.store\/vi\/wp-json\/wp\/v2\/comments?post=62373"}],"wp:featuredmedia":[{"embeddable":true,"href":"https:\/\/mouldking.store\/vi\/wp-json\/wp\/v2\/media\/62372"}],"wp:attachment":[{"href":"https:\/\/mouldking.store\/vi\/wp-json\/wp\/v2\/media?parent=62373"}],"wp:term":[{"taxonomy":"product_cat","embeddable":true,"href":"https:\/\/mouldking.store\/vi\/wp-json\/wp\/v2\/product_cat?post=62373"},{"taxonomy":"product_tag","embeddable":true,"href":"https:\/\/mouldking.store\/vi\/wp-json\/wp\/v2\/product_tag?post=62373"}],"curies":[{"name":"wp","href":"https:\/\/api.w.org\/{rel}","templated":true}]}}