{"id":62379,"date":"2024-11-14T18:18:43","date_gmt":"2024-11-14T11:18:43","guid":{"rendered":"https:\/\/mouldking.store\/shop\/moc-factory-89022-call-of-duty-monkey-bomb-with-459-pieces\/"},"modified":"2025-12-16T20:58:50","modified_gmt":"2025-12-16T13:58:50","slug":"moc-factory-89022-call-of-duty-monkey-bomb-with-459-pieces","status":"publish","type":"product","link":"https:\/\/mouldking.store\/vi\/shop\/moc-factory-89022-call-of-duty-monkey-bomb-with-459-pieces\/","title":{"rendered":"MOC Factory 89022 Call of Duty Monkey Bomb v\u1edbi 459 m\u1ea3nh gh\u00e9p"},"content":{"rendered":"<div>&nbsp;<\/div>\n<div>&nbsp;\u2705 MOC-89022 Call of Duty Monkey Bomb<\/p>\n<p>\u2705 In <em>Call of Duty: Zombies<\/em>, c\u00e1i <strong>Monkey Bomb<\/strong> is a tactical item introduced in <em>Call of Duty: World at War<\/em> and has since appeared in various later <em>Call of Duty<\/em> titles. It serves as a powerful, yet fun, utility during the zombie survival modes.&nbsp;<\/p>\n<p>\ud83d\udeab QUAN TR\u1eccNG!<\/p>\n<p>Product Name:&nbsp; Call of Duty Monkey Bomb&nbsp;<\/p>\n<p>Th\u1ec3 lo\u1ea1i: Phim<\/p>\n<p>This Kit Contains:&nbsp; F-C9919&nbsp;<\/p>\n<p>459 pcs Good Quality Bricks<\/p>\n<p>Weight: 0.63 kg&nbsp;<\/p>\n<p>H\u01b0\u1edbng d\u1eabn PDF<\/p>\n<p>\ud83d\udcccB\u1ea3n ch\u1ea5t c\u1ee7a nh\u00e2n v\u1eadt ch\u00ednh<\/p>\n<p>Introducing our proud collection named \u201c Call of Duty Monkey Bomb \u201d you should not miss.<br \/>&nbsp;<\/div>\n<div>The Monkey Bomb is a small, mechanical toy in the shape of a monkey, often depicted with cymbals. When thrown, it emits a loud, distracting sound (usually cymbal clashing) that attracts nearby zombies to it. This effect causes the zombies to swarm the Monkey Bomb, giving players a temporary break from the overwhelming horde. The Monkey Bomb then explodes, killing all zombies in its vicinity in a dramatic burst of light and sound.&nbsp; The Monkey Bomb is often used as a lifesaver, allowing players to escape dangerous situations or revive downed teammates. It&#8217;s particularly effective when players are cornered, providing an opportunity to regroup, reload, or heal. The explosive nature of the bomb also helps clear out a large portion of zombies at once, which is especially useful during intense rounds with large waves of enemies.&nbsp;<\/div>","protected":false},"excerpt":{"rendered":"<p>Th\u01b0\u01a1ng hi\u1ec7u: Nh\u00e0 m\u00e1y M\u1ed8C<br \/>\nGi\u1edbi t\u00ednh: Unisex<br \/>\n\u0110\u1ed9 tu\u1ed5i: &gt; 6 tu\u1ed5i<br \/>\nModel Number: 89022<br \/>\nPh\u00e2n lo\u1ea1i: T\u1eadp h\u1ee3p<br \/>\nH\u00ecnh d\u1ea1ng kh\u1ed1i nh\u1ef1a: G\u1ea1ch t\u1ef1 kh\u00f3a<br \/>\nCh\u1ea5t li\u1ec7u: Nh\u1ef1a<br \/>\nLo\u1ea1i nh\u1ef1a: ABS<br \/>\nBricks Blocks: 459 +<br \/>\nKh\u00f4ng c\u00f3 h\u1ed9p ban \u0111\u1ea7u<br \/>\nS\u1ea3n ph\u1ea9m kh\u00f4ng bao g\u1ed3m STICKER v\u00e0 IN IN. T\u1ea5t c\u1ea3 c\u00e1c b\u1ed9 ph\u1eadn \u0111\u00e3 in s\u1ebd \u0111\u01b0\u1ee3c thay th\u1ebf b\u1eb1ng c\u00e1c b\u1ed9 ph\u1eadn ti\u00eau chu\u1ea9n v\u00e0 kh\u00f4ng \u0103n nh\u1eadp v\u1edbi c\u00e1c ph\u1ee5 ki\u1ec7n c\u1ee7a b\u00ean th\u1ee9 3.<\/p>","protected":false},"featured_media":62378,"comment_status":"open","ping_status":"closed","template":"","meta":{"_acf_changed":false},"product_cat":[1365,371,581,1408],"product_tag":[5533,13486,11072,8452,7165,434],"class_list":["product","first","outofstock","shipping-taxable","purchasable","product-type-simple"],"acf":[],"_links":{"self":[{"href":"https:\/\/mouldking.store\/vi\/wp-json\/wp\/v2\/product\/62379","targetHints":{"allow":["GET"]}}],"collection":[{"href":"https:\/\/mouldking.store\/vi\/wp-json\/wp\/v2\/product"}],"about":[{"href":"https:\/\/mouldking.store\/vi\/wp-json\/wp\/v2\/types\/product"}],"replies":[{"embeddable":true,"href":"https:\/\/mouldking.store\/vi\/wp-json\/wp\/v2\/comments?post=62379"}],"wp:featuredmedia":[{"embeddable":true,"href":"https:\/\/mouldking.store\/vi\/wp-json\/wp\/v2\/media\/62378"}],"wp:attachment":[{"href":"https:\/\/mouldking.store\/vi\/wp-json\/wp\/v2\/media?parent=62379"}],"wp:term":[{"taxonomy":"product_cat","embeddable":true,"href":"https:\/\/mouldking.store\/vi\/wp-json\/wp\/v2\/product_cat?post=62379"},{"taxonomy":"product_tag","embeddable":true,"href":"https:\/\/mouldking.store\/vi\/wp-json\/wp\/v2\/product_tag?post=62379"}],"curies":[{"name":"wp","href":"https:\/\/api.w.org\/{rel}","templated":true}]}}