{"id":62391,"date":"2024-11-14T18:19:54","date_gmt":"2024-11-14T11:19:54","guid":{"rendered":"https:\/\/mouldking.store\/shop\/moc-factory-89024-beetlejuice-barbara-maitland-and-adam-maitland-sandworm-with-522-pieces\/"},"modified":"2025-12-16T20:58:50","modified_gmt":"2025-12-16T13:58:50","slug":"moc-factory-89024-beetlejuice-barbara-maitland-and-adam-maitland-sandworm-with-522-pieces","status":"publish","type":"product","link":"https:\/\/mouldking.store\/vi\/shop\/moc-factory-89024-beetlejuice-barbara-maitland-and-adam-maitland-sandworm-with-522-pieces\/","title":{"rendered":"MOC Factory 89024 Beetlejuice Barbara Maitland v\u00e0 Adam Maitland Sandworm v\u1edbi 522 m\u1ea3nh"},"content":{"rendered":"<div>&nbsp; \u2705 MOC-89024 Beetlejuice Barbara Maitland and Adam Maitland Sandworm<\/p>\n<p>\u2705 <em>Beetlejuice<\/em>, directed by Tim Burton, is a 1988 cult classic horror-comedy film that follows the story of Barbara and Adam Maitland, a recently deceased couple who find themselves trapped as ghosts in their own home. When a new family moves in, disrupting their peace, they attempt to scare them away with the help of an eccentric \u201cbio-exorcist\u201d named Beetlejuice (played by Michael Keaton), leading to chaos and dark humor.<\/p>\n<p>\ud83d\udeab QUAN TR\u1eccNG!<\/p>\n<p>Product Name:&nbsp; Beetlejuice Barbara Maitland and Adam Maitland Sandworm<\/p>\n<p>Th\u1ec3 lo\u1ea1i: Phim<\/p>\n<p>This Kit Contains:&nbsp; F-C10122<\/p>\n<p>522 pcs Good Quality Bricks<\/p>\n<p>Weight: 0.53 kg<\/p>\n<p>H\u01b0\u1edbng d\u1eabn PDF<\/p>\n<p>\ud83d\udcccB\u1ea3n ch\u1ea5t c\u1ee7a nh\u00e2n v\u1eadt ch\u00ednh<\/p>\n<p>Introducing our proud collection named \u201c Beetlejuice Barbara Maitland and Adam Maitland Sandworm \u201d you should not miss.<\/p>\n<p>&nbsp; <strong>Barbara Maitland<\/strong> (Geena Davis) and <strong>Adam Maitland<\/strong> (Alec Baldwin) are a gentle, loving couple whose lives are cut short in a tragic accident. Stuck in the afterlife, they are challenged by navigating the rules of haunting, a surreal and often comedic look at the world beyond. Their personalities are down-to-earth and sweet, which contrasts with the dark and chaotic Beetlejuice they eventually summon to help them. Barbara and Adam attempt to embrace their new roles as ghosts, even trying quirky scare tactics, though their innate kindness makes them fairly ineffective as \u201cmonsters.\u201d&nbsp; <strong>The Sandworm<\/strong> is a monstrous creature native to Saturn, introduced in the movie\u2019s iconic desert-scape scenes. When Barbara or Adam accidentally step outside the boundaries of their home, they find themselves in a desolate, otherworldly desert inhabited by these gigantic, serpentine sandworms. The sandworms are visually striking with their black-and-white striped bodies and terrifying jaws, embodying a nightmarish threat in the afterlife\u2019s otherwise bureaucratic, absurdly humorous setting. The sandworms symbolize the danger that lurks for ghosts straying too far from their haunting grounds, making them one of <em>Beetlejuice<\/em>\u2019s most memorable creatures.&nbsp;<\/div>","protected":false},"excerpt":{"rendered":"<p>Th\u01b0\u01a1ng hi\u1ec7u: Nh\u00e0 m\u00e1y M\u1ed8C<br \/>\nGi\u1edbi t\u00ednh: Unisex<br \/>\n\u0110\u1ed9 tu\u1ed5i: &gt; 6 tu\u1ed5i<br \/>\nModel Number: 89024<br \/>\nPh\u00e2n lo\u1ea1i: T\u1eadp h\u1ee3p<br \/>\nH\u00ecnh d\u1ea1ng kh\u1ed1i nh\u1ef1a: G\u1ea1ch t\u1ef1 kh\u00f3a<br \/>\nCh\u1ea5t li\u1ec7u: Nh\u1ef1a<br \/>\nLo\u1ea1i nh\u1ef1a: ABS<br \/>\nBricks Blocks: 522 +<br \/>\nKh\u00f4ng c\u00f3 h\u1ed9p ban \u0111\u1ea7u<br \/>\nS\u1ea3n ph\u1ea9m kh\u00f4ng bao g\u1ed3m STICKER v\u00e0 IN IN. T\u1ea5t c\u1ea3 c\u00e1c b\u1ed9 ph\u1eadn \u0111\u00e3 in s\u1ebd \u0111\u01b0\u1ee3c thay th\u1ebf b\u1eb1ng c\u00e1c b\u1ed9 ph\u1eadn ti\u00eau chu\u1ea9n v\u00e0 kh\u00f4ng \u0103n nh\u1eadp v\u1edbi c\u00e1c ph\u1ee5 ki\u1ec7n c\u1ee7a b\u00ean th\u1ee9 3.<\/p>","protected":false},"featured_media":62390,"comment_status":"open","ping_status":"closed","template":"","meta":{"_acf_changed":false},"product_cat":[1365,371,581,1408],"product_tag":[8728,13777,11072,8452,13778,434,13779],"class_list":["product","first","instock","shipping-taxable","purchasable","product-type-simple"],"acf":[],"_links":{"self":[{"href":"https:\/\/mouldking.store\/vi\/wp-json\/wp\/v2\/product\/62391","targetHints":{"allow":["GET"]}}],"collection":[{"href":"https:\/\/mouldking.store\/vi\/wp-json\/wp\/v2\/product"}],"about":[{"href":"https:\/\/mouldking.store\/vi\/wp-json\/wp\/v2\/types\/product"}],"replies":[{"embeddable":true,"href":"https:\/\/mouldking.store\/vi\/wp-json\/wp\/v2\/comments?post=62391"}],"wp:featuredmedia":[{"embeddable":true,"href":"https:\/\/mouldking.store\/vi\/wp-json\/wp\/v2\/media\/62390"}],"wp:attachment":[{"href":"https:\/\/mouldking.store\/vi\/wp-json\/wp\/v2\/media?parent=62391"}],"wp:term":[{"taxonomy":"product_cat","embeddable":true,"href":"https:\/\/mouldking.store\/vi\/wp-json\/wp\/v2\/product_cat?post=62391"},{"taxonomy":"product_tag","embeddable":true,"href":"https:\/\/mouldking.store\/vi\/wp-json\/wp\/v2\/product_tag?post=62391"}],"curies":[{"name":"wp","href":"https:\/\/api.w.org\/{rel}","templated":true}]}}