{"id":63039,"date":"2025-07-08T17:54:39","date_gmt":"2025-07-08T10:54:39","guid":{"rendered":"https:\/\/mouldking.store\/shop\/baka-33244-rivendell-hengqin-brotherhood-with-5044-pieces\/"},"modified":"2025-07-08T17:54:58","modified_gmt":"2025-07-08T10:54:58","slug":"baka-33244-rivendell-hengqin-brotherhood-with-5044-pieces","status":"publish","type":"product","link":"https:\/\/mouldking.store\/vi\/shop\/baka-33244-rivendell-hengqin-brotherhood-with-5044-pieces\/","title":{"rendered":"BAKA 33244 Rivendell Hengqin Brotherhood with 5044 Pieces"},"content":{"rendered":"<div>\u2705 BAKA 33244 Rivendell Hengqin Brotherhood<\/p>\n<\/div>\n<div>\u2705\u201cRivendell Hengqin Brotherhood\u201d refers to one of the nine modular sections in the Rivendell Street Scene Series, a large-scale brick-building set inspired by Tolkien\u2019s Rivendell. This particular module\u2014Hengqin Brotherhood\u2014represents an elegant Elven structure designed to seamlessly connect with its eight sister sections to recreate a sprawling Middle-earth Elven city<\/p>\n<\/div>\n<div>\ud83d\udeab QUAN TR\u1eccNG!<\/p>\n<\/div>\n<div>Product Name: Rivendell Hengqin Brotherhood<\/p>\n<\/div>\n<div>Danh m\u1ee5c: T\u00f2a nh\u00e0 m\u00f4-\u0111un<\/p>\n<\/div>\n<div>This Kit Contains: BAKA 33244<\/p>\n<\/div>\n<div>5044 pcs Good Quality Bricks<\/p>\n<\/div>\n<div>Size: 41.9 x 47.5 x 42cm<\/div>\n<div><\/div>\n<div>H\u01b0\u1edbng d\u1eabn th\u1ee7 c\u00f4ng<\/p>\n<\/div>\n<div>\ud83d\udcccB\u1ea3n ch\u1ea5t c\u1ee7a nh\u00e2n v\u1eadt ch\u00ednh<\/p>\n<\/div>\n<div>Introducing our proud collection named \u201cRivendell Hengqin Brotherhood\u201d you should not miss.<\/p>\n<\/div>\n<div>Rivendell Hengqin Brotherhood is a fantasy-themed, non-official branded set (often by manufacturer BAKA\/Mould King). One of nine interlocking sections: Tavern, Waterfront Hall, Corridor of Wonder, Tower of Zodiac, Brotherhood of Harpers, Bridge of Courage, Viewing Gallery, Tower of Strength\u2014and the Hengqin Brotherhood. Captures Elven architectural aesthetics\u2014arches, spires, greenery, and waterfalls\u2014mirroring Tolkien\u2019s vision .&nbsp;<\/div>","protected":false},"excerpt":{"rendered":"<p>Brand: BAKA<br \/>\nGi\u1edbi t\u00ednh: Unisex<br \/>\n\u0110\u1ed9 tu\u1ed5i: &gt; 6 tu\u1ed5i<br \/>\nModel Number: 33244<br \/>\nPh\u00e2n lo\u1ea1i: T\u1eadp h\u1ee3p<br \/>\nH\u00ecnh d\u1ea1ng kh\u1ed1i nh\u1ef1a: G\u1ea1ch t\u1ef1 kh\u00f3a<br \/>\nCh\u1ea5t li\u1ec7u: Nh\u1ef1a<br \/>\nLo\u1ea1i nh\u1ef1a: ABS<br \/>\nBricks Blocks: 5044 +<br \/>\nKh\u00f4ng c\u00f3 h\u1ed9p<\/p>","protected":false},"featured_media":63038,"comment_status":"open","ping_status":"closed","template":"","meta":{"_acf_changed":false},"product_cat":[1395,390],"product_tag":[13781,727,13780,12522,5679,392,13737],"class_list":["product","first","instock","shipping-taxable","purchasable","product-type-simple"],"acf":[],"_links":{"self":[{"href":"https:\/\/mouldking.store\/vi\/wp-json\/wp\/v2\/product\/63039","targetHints":{"allow":["GET"]}}],"collection":[{"href":"https:\/\/mouldking.store\/vi\/wp-json\/wp\/v2\/product"}],"about":[{"href":"https:\/\/mouldking.store\/vi\/wp-json\/wp\/v2\/types\/product"}],"replies":[{"embeddable":true,"href":"https:\/\/mouldking.store\/vi\/wp-json\/wp\/v2\/comments?post=63039"}],"wp:featuredmedia":[{"embeddable":true,"href":"https:\/\/mouldking.store\/vi\/wp-json\/wp\/v2\/media\/63038"}],"wp:attachment":[{"href":"https:\/\/mouldking.store\/vi\/wp-json\/wp\/v2\/media?parent=63039"}],"wp:term":[{"taxonomy":"product_cat","embeddable":true,"href":"https:\/\/mouldking.store\/vi\/wp-json\/wp\/v2\/product_cat?post=63039"},{"taxonomy":"product_tag","embeddable":true,"href":"https:\/\/mouldking.store\/vi\/wp-json\/wp\/v2\/product_tag?post=63039"}],"curies":[{"name":"wp","href":"https:\/\/api.w.org\/{rel}","templated":true}]}}