{"id":63099,"date":"2025-07-11T15:40:11","date_gmt":"2025-07-11T08:40:11","guid":{"rendered":"https:\/\/mouldking.store\/shop\/cada-c66012w-japanese-traditional-yuzawa-bathhouse-with-1249-pieces\/"},"modified":"2025-07-11T15:40:20","modified_gmt":"2025-07-11T08:40:20","slug":"cada-c66012w-japanese-traditional-yuzawa-bathhouse-with-1249-pieces","status":"publish","type":"product","link":"https:\/\/mouldking.store\/vi\/shop\/cada-c66012w-japanese-traditional-yuzawa-bathhouse-with-1249-pieces\/","title":{"rendered":"CADA C66012W Japanese Traditional Yuzawa Bathhouse with 1249 Pieces"},"content":{"rendered":"<div>\u2705 CADA C66012W Japanese Traditional Yuzawa Bathhouse<\/div>\n<div><\/div>\n<div>\u2705 Step into the calming embrace of Japanese heritage with the Traditional Yuzawa Bathhouse, an exquisitely detailed model that brings the spirit of onsen culture into your home. Inspired by the iconic architecture and natural harmony of Japan\u2019s famous hot spring towns like Yuzawa, this model recreates the warmth, peace, and elegance of a traditional public bathhouse in breathtaking scale.<\/div>\n<div><\/div>\n<div>\ud83d\udeab QUAN TR\u1eccNG!<\/div>\n<div><\/div>\n<div>Product Name: Japanese Traditional Yuzawa Bathhouse<\/div>\n<div><\/div>\n<div>Danh m\u1ee5c: T\u00f2a nh\u00e0 m\u00f4-\u0111un<\/div>\n<div><\/div>\n<div>This Kit Contains: CADA C66012W<\/div>\n<div><\/div>\n<div>1249 pcs Good Quality Bricks<\/div>\n<div><\/div>\n<div>Size: 25x16x18.9cm.<\/div>\n<div><\/div>\n<div>H\u01b0\u1edbng d\u1eabn th\u1ee7 c\u00f4ng&nbsp;<\/div>\n<div>\ud83d\udcccB\u1ea3n ch\u1ea5t c\u1ee7a nh\u00e2n v\u1eadt ch\u00ednh<\/div>\n<div>Bring the timeless charm of a Japanese onsen town into your world. The Traditional Yuzawa Bathhouse model is more than a build\u2014it&#8217;s an expression of balance, beauty, and the quiet joy of simplicity.<\/div>","protected":false},"excerpt":{"rendered":"<p>Th\u01b0\u01a1ng hi\u1ec7u: CADA<br \/>\nGi\u1edbi t\u00ednh: Unisex<br \/>\n\u0110\u1ed9 tu\u1ed5i: &gt; 6 tu\u1ed5i<br \/>\nModel Number: C66012W<br \/>\nPh\u00e2n lo\u1ea1i: T\u1eadp h\u1ee3p<br \/>\nH\u00ecnh d\u1ea1ng kh\u1ed1i nh\u1ef1a: G\u1ea1ch t\u1ef1 kh\u00f3a<br \/>\nCh\u1ea5t li\u1ec7u: Nh\u1ef1a<br \/>\nLo\u1ea1i nh\u1ef1a: ABS<br \/>\nBricks Blocks: 1249 +<br \/>\nno box<\/p>","protected":false},"featured_media":63098,"comment_status":"open","ping_status":"closed","template":"","meta":{"_acf_changed":false},"product_cat":[1395,390],"product_tag":[13785,727,5434,5679,1015,11074],"class_list":["product","first","instock","shipping-taxable","purchasable","product-type-simple"],"acf":[],"_links":{"self":[{"href":"https:\/\/mouldking.store\/vi\/wp-json\/wp\/v2\/product\/63099","targetHints":{"allow":["GET"]}}],"collection":[{"href":"https:\/\/mouldking.store\/vi\/wp-json\/wp\/v2\/product"}],"about":[{"href":"https:\/\/mouldking.store\/vi\/wp-json\/wp\/v2\/types\/product"}],"replies":[{"embeddable":true,"href":"https:\/\/mouldking.store\/vi\/wp-json\/wp\/v2\/comments?post=63099"}],"wp:featuredmedia":[{"embeddable":true,"href":"https:\/\/mouldking.store\/vi\/wp-json\/wp\/v2\/media\/63098"}],"wp:attachment":[{"href":"https:\/\/mouldking.store\/vi\/wp-json\/wp\/v2\/media?parent=63099"}],"wp:term":[{"taxonomy":"product_cat","embeddable":true,"href":"https:\/\/mouldking.store\/vi\/wp-json\/wp\/v2\/product_cat?post=63099"},{"taxonomy":"product_tag","embeddable":true,"href":"https:\/\/mouldking.store\/vi\/wp-json\/wp\/v2\/product_tag?post=63099"}],"curies":[{"name":"wp","href":"https:\/\/api.w.org\/{rel}","templated":true}]}}