{"id":63105,"date":"2025-07-11T16:06:14","date_gmt":"2025-07-11T09:06:14","guid":{"rendered":"https:\/\/mouldking.store\/shop\/cada-c71008-groundhog-dynamic-landscape-with-1148-pieces\/"},"modified":"2025-07-11T16:06:29","modified_gmt":"2025-07-11T09:06:29","slug":"cada-c71008-groundhog-dynamic-landscape-with-1148-pieces","status":"publish","type":"product","link":"https:\/\/mouldking.store\/vi\/shop\/cada-c71008-groundhog-dynamic-landscape-with-1148-pieces\/","title":{"rendered":"CADA C71008 Groundhog dynamic landscape with 1148 Pieces"},"content":{"rendered":"<ol>\n<li>M\u00f4 t\u1ea3 s\u1ea3n ph\u1ea9m:&nbsp;\n<\/li>\n<\/ol>\n<div>\u2705 CADA C71008 Groundhog dynamic landscape<\/p>\n<\/div>\n<div>\u2705&nbsp; Celebrate the playful charm of nature with the <strong>Groundhog Dynamic Landscape<\/strong>, a beautifully animated model set that captures the spirit of Groundhog Day in an enchanting miniature environment. Blending mechanical creativity with storytelling, this interactive build recreates the moment a groundhog emerges from its burrow, complete with moving parts, seasonal scenery, and rich, earthy details.<\/p>\n<\/div>\n<div>\ud83d\udeab QUAN TR\u1eccNG!<\/p>\n<\/div>\n<div>Product Name: Groundhog dynamic landscape<\/p>\n<\/div>\n<div>Danh m\u1ee5c: T\u00f2a nh\u00e0 m\u00f4-\u0111un<\/p>\n<\/div>\n<div>This Kit Contains: CADA C71008&nbsp;<\/p>\n<\/div>\n<div>1148 pcs Good Quality Bricks<\/p>\n<\/div>\n<div>Size: 25.1&#215;21.5&#215;19.3cm<\/p>\n<\/div>\n<div>H\u01b0\u1edbng d\u1eabn th\u1ee7 c\u00f4ng<\/p>\n<\/div>\n<div>\ud83d\udcccB\u1ea3n ch\u1ea5t c\u1ee7a nh\u00e2n v\u1eadt ch\u00ednh<br \/>Whether predicting more winter or welcoming early spring, this cheerful groundhog brings fun, motion, and nature-inspired charm to your home. <strong>The Groundhog Dynamic Landscape<\/strong> invites you to build a world where folklore meets fun\u2014one gear, one leaf, and one brick at a time.<\/div>\n<div><\/div>\n<div><\/div>","protected":false},"excerpt":{"rendered":"<p>Th\u01b0\u01a1ng hi\u1ec7u: CADA<br \/>\nGi\u1edbi t\u00ednh: Unisex<br \/>\n\u0110\u1ed9 tu\u1ed5i: &gt; 6 tu\u1ed5i<br \/>\nModel Number: C71008<br \/>\nPh\u00e2n lo\u1ea1i: T\u1eadp h\u1ee3p<br \/>\nH\u00ecnh d\u1ea1ng kh\u1ed1i nh\u1ef1a: G\u1ea1ch t\u1ef1 kh\u00f3a<br \/>\nCh\u1ea5t li\u1ec7u: Nh\u1ef1a<br \/>\nLo\u1ea1i nh\u1ef1a: ABS<br \/>\nBricks Blocks: 1148 +<br \/>\nKh\u00f4ng c\u00f3 h\u1ed9p<\/p>","protected":false},"featured_media":63104,"comment_status":"open","ping_status":"closed","template":"","meta":{"_acf_changed":false},"product_cat":[1395,390],"product_tag":[13785,727,13786,5679,392],"class_list":["product","first","instock","shipping-taxable","purchasable","product-type-simple"],"acf":[],"_links":{"self":[{"href":"https:\/\/mouldking.store\/vi\/wp-json\/wp\/v2\/product\/63105","targetHints":{"allow":["GET"]}}],"collection":[{"href":"https:\/\/mouldking.store\/vi\/wp-json\/wp\/v2\/product"}],"about":[{"href":"https:\/\/mouldking.store\/vi\/wp-json\/wp\/v2\/types\/product"}],"replies":[{"embeddable":true,"href":"https:\/\/mouldking.store\/vi\/wp-json\/wp\/v2\/comments?post=63105"}],"wp:featuredmedia":[{"embeddable":true,"href":"https:\/\/mouldking.store\/vi\/wp-json\/wp\/v2\/media\/63104"}],"wp:attachment":[{"href":"https:\/\/mouldking.store\/vi\/wp-json\/wp\/v2\/media?parent=63105"}],"wp:term":[{"taxonomy":"product_cat","embeddable":true,"href":"https:\/\/mouldking.store\/vi\/wp-json\/wp\/v2\/product_cat?post=63105"},{"taxonomy":"product_tag","embeddable":true,"href":"https:\/\/mouldking.store\/vi\/wp-json\/wp\/v2\/product_tag?post=63105"}],"curies":[{"name":"wp","href":"https:\/\/api.w.org\/{rel}","templated":true}]}}