{"id":63242,"date":"2025-07-18T15:58:03","date_gmt":"2025-07-18T08:58:03","guid":{"rendered":"https:\/\/mouldking.store\/shop\/dk-6031-dwarf-home-with-1088-pieces\/"},"modified":"2025-07-18T15:58:08","modified_gmt":"2025-07-18T08:58:08","slug":"dk-6031-dwarf-home-with-1088-pieces","status":"publish","type":"product","link":"https:\/\/mouldking.store\/vi\/shop\/dk-6031-dwarf-home-with-1088-pieces\/","title":{"rendered":"DK 6031 Dwarf Home with 1088 Pieces"},"content":{"rendered":"<div>\u2705 DK 6031 Dwarf Home<\/p>\n<\/div>\n<div>\u2705 While there might not be a major brand like LEGO that frequently produces large, dedicated &#8220;Dwarf Home&#8221; sets (they have some smaller mine-themed sets, or sets featuring dwarves), there are many <strong>alternative building block brands<\/strong> and custom designers who create impressive sets based on fantasy themes, including dwarf dwellings.<\/p>\n<\/div>\n<div>\ud83d\udeab QUAN TR\u1eccNG!<\/p>\n<\/div>\n<div>Product Name: Dwarf Home<\/p>\n<\/div>\n<div>Danh m\u1ee5c: T\u00f2a nh\u00e0 m\u00f4-\u0111un<\/p>\n<\/div>\n<div>This Kit Contains: DK 6031 Dwarf Home<\/p>\n<\/div>\n<div>1088 pcs Good Quality Bricks<\/p>\n<\/div>\n<div>Size: 35x27x15cm<\/p>\n<p>H\u01b0\u1edbng d\u1eabn th\u1ee7 c\u00f4ng&nbsp;<\/p>\n<\/div>\n<div>\ud83d\udcccB\u1ea3n ch\u1ea5t c\u1ee7a nh\u00e2n v\u1eadt ch\u00ednh<br \/>This is a fantastic niche in the building block world, as dwarf homes are often depicted as incredibly detailed, subterranean, and full of interesting architectural elements.<\/p>\n<\/div>\n<div><\/div>","protected":false},"excerpt":{"rendered":"<p>Th\u01b0\u01a1ng hi\u1ec7u: \u0110K<br \/>\nGi\u1edbi t\u00ednh: Unisex<br \/>\n\u0110\u1ed9 tu\u1ed5i: &gt; 6 tu\u1ed5i<br \/>\nModel Number: 6031<br \/>\nPh\u00e2n lo\u1ea1i: T\u1eadp h\u1ee3p<br \/>\nH\u00ecnh d\u1ea1ng kh\u1ed1i nh\u1ef1a: G\u1ea1ch t\u1ef1 kh\u00f3a<br \/>\nCh\u1ea5t li\u1ec7u: Nh\u1ef1a<br \/>\nLo\u1ea1i nh\u1ef1a: ABS<br \/>\nBricks Blocks: 1088 +<br \/>\nno box<\/p>","protected":false},"featured_media":63241,"comment_status":"open","ping_status":"closed","template":"","meta":{"_acf_changed":false},"product_cat":[1395,390],"product_tag":[727,12949,392],"class_list":["product","first","instock","shipping-taxable","purchasable","product-type-simple"],"acf":[],"_links":{"self":[{"href":"https:\/\/mouldking.store\/vi\/wp-json\/wp\/v2\/product\/63242","targetHints":{"allow":["GET"]}}],"collection":[{"href":"https:\/\/mouldking.store\/vi\/wp-json\/wp\/v2\/product"}],"about":[{"href":"https:\/\/mouldking.store\/vi\/wp-json\/wp\/v2\/types\/product"}],"replies":[{"embeddable":true,"href":"https:\/\/mouldking.store\/vi\/wp-json\/wp\/v2\/comments?post=63242"}],"wp:featuredmedia":[{"embeddable":true,"href":"https:\/\/mouldking.store\/vi\/wp-json\/wp\/v2\/media\/63241"}],"wp:attachment":[{"href":"https:\/\/mouldking.store\/vi\/wp-json\/wp\/v2\/media?parent=63242"}],"wp:term":[{"taxonomy":"product_cat","embeddable":true,"href":"https:\/\/mouldking.store\/vi\/wp-json\/wp\/v2\/product_cat?post=63242"},{"taxonomy":"product_tag","embeddable":true,"href":"https:\/\/mouldking.store\/vi\/wp-json\/wp\/v2\/product_tag?post=63242"}],"curies":[{"name":"wp","href":"https:\/\/api.w.org\/{rel}","templated":true}]}}