{"id":63296,"date":"2025-07-24T14:17:53","date_gmt":"2025-07-24T07:17:53","guid":{"rendered":"https:\/\/mouldking.store\/shop\/reobrix-66502-sakaya-with-1130-pieces\/"},"modified":"2025-07-24T14:18:01","modified_gmt":"2025-07-24T07:18:01","slug":"reobrix-66502-sakaya-with-1130-pieces","status":"publish","type":"product","link":"https:\/\/mouldking.store\/vi\/shop\/reobrix-66502-sakaya-with-1130-pieces\/","title":{"rendered":"REOBRIX 66502 Sakaya with 1130 Pieces"},"content":{"rendered":"<div>\u2705 Reobrix 66502 Sakaya<\/p>\n<\/div>\n<div>\u2705 A &#8220;Sakaya house&#8221; in LEGO could refer to a few different things, depending on what type of &#8220;Sakaya&#8221; is being referenced. The term &#8220;Sakaya&#8221; (\u9152\u5c4b) in Japanese literally means &#8220;sake shop&#8221; or &#8220;liquor store,&#8221; but it can also refer to traditional sake breweries or even guesthouses with &#8220;Sakaya&#8221; in their name.<\/div>\n<div>\ud83d\udeab QUAN TR\u1eccNG!<\/p>\n<\/div>\n<div>Product Name: Sakaya<\/p>\n<\/div>\n<div>Danh m\u1ee5c: T\u00f2a nh\u00e0 m\u00f4-\u0111un<\/p>\n<\/div>\n<div>This Kit Contains: Reobrix 66502<\/p>\n<\/div>\n<div>1130 pcs Good Quality Bricks<\/p>\n<\/div>\n<div>Size: 21.9&#215;13.9&#215;23.5cm.<\/div>\n<div><\/div>\n<div>H\u01b0\u1edbng d\u1eabn th\u1ee7 c\u00f4ng&nbsp;<\/p>\n<\/div>\n<div>\ud83d\udcccB\u1ea3n ch\u1ea5t c\u1ee7a nh\u00e2n v\u1eadt ch\u00ednh<br \/>While LEGO doesn&#8217;t have a specific &#8220;Sakaya House&#8221; set, elements of traditional Japanese architecture appear in themes like <strong>ninjago<\/strong> (though often fantasized) or in specific sets like the <strong>LEGO Ideas Japanese Garden<\/strong> (if it were ever released, currently a fan submission). The new <strong>LEGO City Farmers Market (60446)<\/strong> includes a small Japanese-inspired food stall, but not a full building.<\/div>\n<div><\/div>","protected":false},"excerpt":{"rendered":"<p>Th\u01b0\u01a1ng hi\u1ec7u: REOBRIX<br \/>\nGi\u1edbi t\u00ednh: Unisex<br \/>\n\u0110\u1ed9 tu\u1ed5i: &gt; 6 tu\u1ed5i<br \/>\nModel Number: 66502<br \/>\nPh\u00e2n lo\u1ea1i: T\u1eadp h\u1ee3p<br \/>\nH\u00ecnh d\u1ea1ng kh\u1ed1i nh\u1ef1a: G\u1ea1ch t\u1ef1 kh\u00f3a<br \/>\nCh\u1ea5t li\u1ec7u: Nh\u1ef1a<br \/>\nLo\u1ea1i nh\u1ef1a: ABS<br \/>\nBricks Blocks: 1130 +<br \/>\nno box<\/p>","protected":false},"featured_media":63295,"comment_status":"open","ping_status":"closed","template":"","meta":{"_acf_changed":false},"product_cat":[1395,390],"product_tag":[727,2318,5679,392],"class_list":["product","first","instock","shipping-taxable","purchasable","product-type-simple"],"acf":[],"_links":{"self":[{"href":"https:\/\/mouldking.store\/vi\/wp-json\/wp\/v2\/product\/63296","targetHints":{"allow":["GET"]}}],"collection":[{"href":"https:\/\/mouldking.store\/vi\/wp-json\/wp\/v2\/product"}],"about":[{"href":"https:\/\/mouldking.store\/vi\/wp-json\/wp\/v2\/types\/product"}],"replies":[{"embeddable":true,"href":"https:\/\/mouldking.store\/vi\/wp-json\/wp\/v2\/comments?post=63296"}],"wp:featuredmedia":[{"embeddable":true,"href":"https:\/\/mouldking.store\/vi\/wp-json\/wp\/v2\/media\/63295"}],"wp:attachment":[{"href":"https:\/\/mouldking.store\/vi\/wp-json\/wp\/v2\/media?parent=63296"}],"wp:term":[{"taxonomy":"product_cat","embeddable":true,"href":"https:\/\/mouldking.store\/vi\/wp-json\/wp\/v2\/product_cat?post=63296"},{"taxonomy":"product_tag","embeddable":true,"href":"https:\/\/mouldking.store\/vi\/wp-json\/wp\/v2\/product_tag?post=63296"}],"curies":[{"name":"wp","href":"https:\/\/api.w.org\/{rel}","templated":true}]}}