{"id":63307,"date":"2025-07-25T13:59:33","date_gmt":"2025-07-25T06:59:33","guid":{"rendered":"https:\/\/mouldking.store\/shop\/moc-factory-49581-christmas-train-with-1197-pieces\/"},"modified":"2025-12-16T20:58:49","modified_gmt":"2025-12-16T13:58:49","slug":"moc-factory-49581-christmas-train-with-1197-pieces","status":"publish","type":"product","link":"https:\/\/mouldking.store\/vi\/shop\/moc-factory-49581-christmas-train-with-1197-pieces\/","title":{"rendered":"B\u1ed9 \u0111\u1ed3 ch\u01a1i l\u1eafp r\u00e1p MOC Factory 49581 T\u00e0u Gi\u00e1ng Sinh g\u1ed3m 1197 chi ti\u1ebft."},"content":{"rendered":"<div>\u2705 MOC-49581 Christmas Train<\/p>\n<\/div>\n<div>\u2705 This is perhaps the most well-known and sought-after LEGO Christmas train. It was released in 2016 and is part of the &#8220;Winter Village Collection.&#8221; It features a festive locomotive, a tender, a flatcar with a rotating Christmas tree, and a caboose. It includes minifigures like a locomotive driver, ticket collector, and a family. While it has been retired by LEGO, it can often be found on the secondary market (like BrickLink or eBay), though prices may be higher than original retail. It&#8217;s designed to be compatible with LEGO train tracks and can be motorized.<\/p>\n<\/div>\n<div>\ud83d\udeab QUAN TR\u1eccNG!<\/p>\n<\/div>\n<div>Product Name: Christmas Train&nbsp;<\/p>\n<\/div>\n<div>Category: Technic.<\/p>\n<\/div>\n<div>This Kit Contains: MOC-49581&nbsp;<\/p>\n<\/div>\n<div>1197 pcs Good Quality Bricks<\/p>\n<\/div>\n<div>Size: W 73CM, L 19CM, H 15CM<\/div>\n<div>Weight: 1.5KG<\/p>\n<\/div>\n<div>H\u01b0\u1edbng d\u1eabn PDF<\/p>\n<\/div>\n<div>\ud83d\udcccB\u1ea3n ch\u1ea5t c\u1ee7a nh\u00e2n v\u1eadt ch\u00ednh<br \/>This is a newer, smaller set compared to the 10254. It&#8217;s typically offered as a &#8220;Gift With Purchase&#8221; (GWP) during the holiday season. It features a steam locomotive and two detachable carriages with presents and a spinning Christmas tree. It&#8217;s a more compact build and generally not compatible with standard LEGO train tracks in the same way the larger Creator Expert sets are. Other smaller &#8220;Holiday Train&#8221; polybags or seasonal sets may appear each year, often as GWPs or smaller impulse buys.<\/div>\n<div><\/div>","protected":false},"excerpt":{"rendered":"<p>Th\u01b0\u01a1ng hi\u1ec7u: Nh\u00e0 m\u00e1y M\u1ed8C<br \/>\nGi\u1edbi t\u00ednh: Unisex<br \/>\n\u0110\u1ed9 tu\u1ed5i: &gt; 8 tu\u1ed5i<br \/>\nS\u1ed1 m\u00f4 h\u00ecnh: 49581<br \/>\nPh\u00e2n lo\u1ea1i: T\u1eadp h\u1ee3p<br \/>\nH\u00ecnh d\u1ea1ng kh\u1ed1i nh\u1ef1a: G\u1ea1ch t\u1ef1 kh\u00f3a<br \/>\nCh\u1ea5t li\u1ec7u: Nh\u1ef1a<br \/>\nLo\u1ea1i nh\u1ef1a: ABS<br \/>\nBricks Blocks: 1197 +<br \/>\nno box<\/p>","protected":false},"featured_media":63306,"comment_status":"open","ping_status":"closed","template":"","meta":{"_acf_changed":false},"product_cat":[1357,364],"product_tag":[389,13782,11080],"class_list":["product","first","instock","shipping-taxable","purchasable","product-type-simple"],"acf":[],"_links":{"self":[{"href":"https:\/\/mouldking.store\/vi\/wp-json\/wp\/v2\/product\/63307","targetHints":{"allow":["GET"]}}],"collection":[{"href":"https:\/\/mouldking.store\/vi\/wp-json\/wp\/v2\/product"}],"about":[{"href":"https:\/\/mouldking.store\/vi\/wp-json\/wp\/v2\/types\/product"}],"replies":[{"embeddable":true,"href":"https:\/\/mouldking.store\/vi\/wp-json\/wp\/v2\/comments?post=63307"}],"wp:featuredmedia":[{"embeddable":true,"href":"https:\/\/mouldking.store\/vi\/wp-json\/wp\/v2\/media\/63306"}],"wp:attachment":[{"href":"https:\/\/mouldking.store\/vi\/wp-json\/wp\/v2\/media?parent=63307"}],"wp:term":[{"taxonomy":"product_cat","embeddable":true,"href":"https:\/\/mouldking.store\/vi\/wp-json\/wp\/v2\/product_cat?post=63307"},{"taxonomy":"product_tag","embeddable":true,"href":"https:\/\/mouldking.store\/vi\/wp-json\/wp\/v2\/product_tag?post=63307"}],"curies":[{"name":"wp","href":"https:\/\/api.w.org\/{rel}","templated":true}]}}