{"id":63316,"date":"2025-07-25T14:43:54","date_gmt":"2025-07-25T07:43:54","guid":{"rendered":"https:\/\/mouldking.store\/shop\/moc-factory-175975-ticonderoga-class-cruiser-1-300-scale-active-us-navy-destroyer-military-blocks-with-1496-pieces\/"},"modified":"2025-12-16T20:58:48","modified_gmt":"2025-12-16T13:58:48","slug":"moc-factory-175975-ticonderoga-class-cruiser-1-300-scale-active-us-navy-destroyer-military-blocks-with-1496-pieces","status":"publish","type":"product","link":"https:\/\/mouldking.store\/vi\/shop\/moc-factory-175975-ticonderoga-class-cruiser-1-300-scale-active-us-navy-destroyer-military-blocks-with-1496-pieces\/","title":{"rendered":"B\u1ed9 m\u00f4 h\u00ecnh qu\u00e2n s\u1ef1 MOC Factory 175975 T\u00e0u tu\u1ea7n d\u01b0\u01a1ng l\u1edbp Ticonderoga t\u1ef7 l\u1ec7 1\/300, t\u00e0u khu tr\u1ee5c H\u1ea3i qu\u00e2n Hoa K\u1ef3 \u0111ang ho\u1ea1t \u0111\u1ed9ng, g\u1ed3m 1496 chi ti\u1ebft."},"content":{"rendered":"<div>\u2705 MOC-175975 Ticonderoga Class Cruiser 1\/300 Scale Active US Navy Destroyer Military Blocks<\/p>\n<\/div>\n<div>\u2705 While the search query mentions &#8220;destroyer,&#8221; the Ticonderoga-class ships are officially <strong>guided-missile cruisers (CG)<\/strong>. They were <em>originally planned<\/em> as destroyers but were reclassified due to their increased combat capability, particularly with the introduction of the Aegis Combat System. Cruisers are generally larger, more heavily armed, and designed for independent, long-range operations, often serving as flagships. Destroyers are typically smaller, faster, and designed to escort larger vessels and defend against various threats<\/p>\n<\/div>\n<div>\ud83d\udeab QUAN TR\u1eccNG!<\/p>\n<\/div>\n<div>Product Name: Ticonderoga Class Cruiser 1\/300 Scale Active US Navy Destroyer Military Blocks<\/p>\n<\/div>\n<div>Danh m\u1ee5c: K\u1ef9 thu\u1eadt<\/p>\n<\/div>\n<div>This Kit Contains:&nbsp; MOC-175975&nbsp;<\/p>\n<p>1496 pcs Good Quality Bricks<\/p>\n<\/div>\n<div>K\u00edch th\u01b0\u1edbc: 37 x 27 x 7cm<\/p>\n<\/div>\n<div>Tr\u1ecdng l\u01b0\u1ee3ng: 1100g<\/p>\n<\/div>\n<div>H\u01b0\u1edbng d\u1eabn PDF<\/p>\n<\/div>\n<div>\ud83d\udcccB\u1ea3n ch\u1ea5t c\u1ee7a nh\u00e2n v\u1eadt ch\u00ednh<\/div>\n<div>While Rebrickable primarily focuses on official LEGO sets and MOCs built with official LEGO bricks, some designers who create models for third-party production might also list their MOCs and instructions here. You might find &#8220;MOC-175975 Ticonderoga Class Cruiser &#8211; 1:300 Scale by DarthDesigner&#8221; on Rebrickable. If you want to source the parts yourself using genuine LEGO bricks (if possible for all parts) or other brands, this is a good place to start for instructions and part lists.<\/div>","protected":false},"excerpt":{"rendered":"<p>Th\u01b0\u01a1ng hi\u1ec7u: Nh\u00e0 m\u00e1y M\u1ed8C<br \/>\nGi\u1edbi t\u00ednh: Unisex<br \/>\n\u0110\u1ed9 tu\u1ed5i: &gt; 16 tu\u1ed5i<br \/>\nModel Number: 175975<br \/>\nPh\u00e2n lo\u1ea1i: T\u1eadp h\u1ee3p<br \/>\nH\u00ecnh d\u1ea1ng kh\u1ed1i nh\u1ef1a: G\u1ea1ch t\u1ef1 kh\u00f3a<br \/>\nCh\u1ea5t li\u1ec7u: Nh\u1ef1a<br \/>\nLo\u1ea1i nh\u1ef1a: ABS<br \/>\nBricks Blocks: 1496 +<br \/>\nKh\u00f4ng c\u00f3 h\u1ed9p<\/p>","protected":false},"featured_media":63315,"comment_status":"open","ping_status":"closed","template":"","meta":{"_acf_changed":false},"product_cat":[1357,364],"product_tag":[389,13782,11080],"class_list":["product","first","instock","shipping-taxable","purchasable","product-type-simple"],"acf":[],"_links":{"self":[{"href":"https:\/\/mouldking.store\/vi\/wp-json\/wp\/v2\/product\/63316","targetHints":{"allow":["GET"]}}],"collection":[{"href":"https:\/\/mouldking.store\/vi\/wp-json\/wp\/v2\/product"}],"about":[{"href":"https:\/\/mouldking.store\/vi\/wp-json\/wp\/v2\/types\/product"}],"replies":[{"embeddable":true,"href":"https:\/\/mouldking.store\/vi\/wp-json\/wp\/v2\/comments?post=63316"}],"wp:featuredmedia":[{"embeddable":true,"href":"https:\/\/mouldking.store\/vi\/wp-json\/wp\/v2\/media\/63315"}],"wp:attachment":[{"href":"https:\/\/mouldking.store\/vi\/wp-json\/wp\/v2\/media?parent=63316"}],"wp:term":[{"taxonomy":"product_cat","embeddable":true,"href":"https:\/\/mouldking.store\/vi\/wp-json\/wp\/v2\/product_cat?post=63316"},{"taxonomy":"product_tag","embeddable":true,"href":"https:\/\/mouldking.store\/vi\/wp-json\/wp\/v2\/product_tag?post=63316"}],"curies":[{"name":"wp","href":"https:\/\/api.w.org\/{rel}","templated":true}]}}