{"id":63320,"date":"2025-07-25T15:45:49","date_gmt":"2025-07-25T08:45:49","guid":{"rendered":"https:\/\/mouldking.store\/shop\/moc-factory-208482-1-35-scale-rah-66-comanche-stealth-helicopter-building-blocks-with-952-pieces\/"},"modified":"2025-12-16T20:58:48","modified_gmt":"2025-12-16T13:58:48","slug":"moc-factory-208482-1-35-scale-rah-66-comanche-stealth-helicopter-building-blocks-with-952-pieces","status":"publish","type":"product","link":"https:\/\/mouldking.store\/vi\/shop\/moc-factory-208482-1-35-scale-rah-66-comanche-stealth-helicopter-building-blocks-with-952-pieces\/","title":{"rendered":"B\u1ed9 l\u1eafp r\u00e1p MOC Factory 208482 m\u00f4 h\u00ecnh tr\u1ef1c th\u0103ng t\u00e0ng h\u00ecnh RAH-66 Comanche t\u1ef7 l\u1ec7 1\/35 g\u1ed3m 952 m\u1ea3nh gh\u00e9p."},"content":{"rendered":"<div>\u2705 MOC-208482 1\/35 Scale RAH-66 Comanche Stealth Helicopter Building Blocks<\/p>\n<\/div>\n<div>\u2705 The RAH-66 Comanche was an advanced, stealthy armed reconnaissance and attack helicopter developed for the U.S. Army. Despite significant investment, the program was ultimately cancelled in 2004 before mass production, but it remains a fascinating subject for modelers due to its unique design and stealth features<\/div>\n<div><\/div>\n<div>\ud83d\udeab QUAN TR\u1eccNG!<\/p>\n<\/div>\n<div>Product Name: 1\/35 Scale RAH-66 Comanche Stealth Helicopter Building Blocks<\/p>\n<\/div>\n<div>Category: Technic.<\/p>\n<\/div>\n<div>This Kit Contains: MOC-208482&nbsp;<\/p>\n<\/div>\n<div>952 pcs Good Quality Bricks<\/p>\n<\/div>\n<div>Size: 30.8 x 20.8 x 10cm<\/p>\n<\/div>\n<div>Weight: 850g&nbsp;<\/p>\n<\/div>\n<div>H\u01b0\u1edbng d\u1eabn PDF<\/p>\n<\/div>\n<div>\ud83d\udcccB\u1ea3n ch\u1ea5t c\u1ee7a nh\u00e2n v\u1eadt ch\u00ednh<br \/>1\/35 is a very common and well-established scale for military vehicle models, including tanks, armored personnel carriers, and, in some cases, helicopters. This means you might find other compatible military models or figures in the same scale.<\/div>\n<div><\/div>","protected":false},"excerpt":{"rendered":"<p>Th\u01b0\u01a1ng hi\u1ec7u: Nh\u00e0 m\u00e1y M\u1ed8C<br \/>\nGi\u1edbi t\u00ednh: Unisex<br \/>\n\u0110\u1ed9 tu\u1ed5i: &gt; 16 tu\u1ed5i<br \/>\nModel Number: 208482<br \/>\nPh\u00e2n lo\u1ea1i: T\u1eadp h\u1ee3p<br \/>\nH\u00ecnh d\u1ea1ng kh\u1ed1i nh\u1ef1a: G\u1ea1ch t\u1ef1 kh\u00f3a<br \/>\nCh\u1ea5t li\u1ec7u: Nh\u1ef1a<br \/>\nLo\u1ea1i nh\u1ef1a: ABS<br \/>\nBricks Blocks: 952 +<br \/>\nno box<\/p>","protected":false},"featured_media":63319,"comment_status":"open","ping_status":"closed","template":"","meta":{"_acf_changed":false},"product_cat":[1357,364],"product_tag":[389,13782,11080],"class_list":["product","first","instock","shipping-taxable","purchasable","product-type-simple"],"acf":[],"_links":{"self":[{"href":"https:\/\/mouldking.store\/vi\/wp-json\/wp\/v2\/product\/63320","targetHints":{"allow":["GET"]}}],"collection":[{"href":"https:\/\/mouldking.store\/vi\/wp-json\/wp\/v2\/product"}],"about":[{"href":"https:\/\/mouldking.store\/vi\/wp-json\/wp\/v2\/types\/product"}],"replies":[{"embeddable":true,"href":"https:\/\/mouldking.store\/vi\/wp-json\/wp\/v2\/comments?post=63320"}],"wp:featuredmedia":[{"embeddable":true,"href":"https:\/\/mouldking.store\/vi\/wp-json\/wp\/v2\/media\/63319"}],"wp:attachment":[{"href":"https:\/\/mouldking.store\/vi\/wp-json\/wp\/v2\/media?parent=63320"}],"wp:term":[{"taxonomy":"product_cat","embeddable":true,"href":"https:\/\/mouldking.store\/vi\/wp-json\/wp\/v2\/product_cat?post=63320"},{"taxonomy":"product_tag","embeddable":true,"href":"https:\/\/mouldking.store\/vi\/wp-json\/wp\/v2\/product_tag?post=63320"}],"curies":[{"name":"wp","href":"https:\/\/api.w.org\/{rel}","templated":true}]}}